{"id":30270,"date":"2021-11-15T15:11:03","date_gmt":"2021-11-15T15:11:03","guid":{"rendered":"https:\/\/ncse.ie\/2021-2022-school-allocations"},"modified":"2024-02-10T14:02:49","modified_gmt":"2024-02-10T14:02:49","slug":"2021-2022-school-allocations","status":"publish","type":"page","link":"https:\/\/ncse.ie\/ga\/2021-2022-school-allocations","title":{"rendered":"Leithdh\u00e1ilt\u00ed Scoile 2021\/2022"},"content":{"rendered":"<!-- RS_MODULE_CODE_2.4.4 --><div id=\"readspeaker_button30270\" class=\"rs_skip rsbtn rs_preserve\"><a class=\"rsbtn_play\" title=\"Listen to this page using ReadSpeaker\" accesskey=\"L\" href=\"\/\/app-eu.readspeaker.com\/cgi-bin\/rsent?customerid=10499&amp;lang=en_uk&amp;readid=rspeak_read_30270&amp;url=https%3A%2F%2Fncse.ie%2Fga%2Fwp-json%2Fwp%2Fv2%2Fpages%2F30270\">\r\n        <span class=\"rsbtn_left rsimg rspart\"><span class=\"rsbtn_text\"><span>Listen<\/span><\/span><\/span>\r\n        <span class=\"rsbtn_right rsimg rsplay rspart\"><\/span>\r\n        <\/a><\/div><div id=\"rspeak_read_30270\"><p>Clice\u00e1il <a href=\"https:\/\/ncse.ie\/wp-content\/uploads\/2021\/06\/Spc-Sch-allocations-21-22-for-website_29.06.21-1.pdf\">anseo <\/a>chun M\u00fainteoir Ranga Scoile Speisialta agus CRSanna a fheice\u00e1il<br \/>\nClice\u00e1il <a href=\"https:\/\/ncse.ie\/wp-content\/uploads\/2021\/06\/Primary-Sp-Ed-allocations-21-22-for-website_29.06.2021.pdf\">anseo <\/a>chun SET agus CRS Bunscoile pr\u00edomhshrutha a fheice\u00e1il agus M\u00fainteoir\u00ed Ranganna Speisialta agus CRSanna<br \/>\nClice\u00e1il <a href=\"https:\/\/ncse.ie\/wp-content\/uploads\/2021\/06\/Post-Primary-Sp-Ed-allocations-21-22-for-website_29.06.21.pdf\">anseo<\/a> chun SET agus CRSanna iarbhunscoile pr\u00edomhshrutha a fheice\u00e1il agus M\u00fainteoir\u00ed Ranganna Speisialta agus CRS<br \/>\nClice\u00e1il <a href=\"https:\/\/ncse.ie\/wp-content\/uploads\/2021\/06\/Special-Classes-for-website-21-22_FINAL-29.6.21.pdf\">anseo<\/a> chun liosta na Ranganna Speisialta nua agus reatha a fheice\u00e1il<\/p>\n<\/div>","protected":false},"excerpt":{"rendered":"<p><!-- RS_MODULE_CODE_2.4.4 --><\/p>\n<div id=\"readspeaker_button30270\" class=\"rs_skip rsbtn rs_preserve\"><a class=\"rsbtn_play\" title=\"Listen to this page using ReadSpeaker\" accesskey=\"L\" href=\"\/\/app-eu.readspeaker.com\/cgi-bin\/rsent?customerid=10499&amp;lang=en_uk&amp;readid=rspeak_read_30270&amp;url=https%3A%2F%2Fncse.ie%2Fga%2Fwp-json%2Fwp%2Fv2%2Fpages%2F30270\"><br \/>\n        <span class=\"rsbtn_left rsimg rspart\"><span class=\"rsbtn_text\"><span>Listen<\/span><\/span><\/span><br \/>\n        <span class=\"rsbtn_right rsimg rsplay rspart\"><\/span><br \/>\n        <\/a><\/div>\n<div id=\"rspeak_read_30270\"> Clice\u00e1il anseo chun M\u00fainteoir Ranga Scoile Speisialta agus CRSanna a fheice\u00e1il Clice\u00e1il anseo chun SET agus CRS Bunscoile pr\u00edomhshrutha a fheice\u00e1il agus M\u00fainteoir\u00ed Ranganna Speisialta agus CRSanna Clice\u00e1il anseo chun SET agus CRSanna iarbhunscoile pr\u00edomhshrutha a fheice\u00e1il agus M\u00fainteoir\u00ed Ranganna Speisialta agus CRS Clice\u00e1il anseo chun liosta na Ranganna Speisialta nua agus reatha a [&hellip;]<\/div>\n","protected":false},"author":5,"featured_media":0,"parent":0,"menu_order":0,"comment_status":"closed","ping_status":"closed","template":"","meta":{"footnotes":""},"class_list":["post-30270","page","type-page","status-publish","hentry"],"_links":{"self":[{"href":"https:\/\/ncse.ie\/ga\/wp-json\/wp\/v2\/pages\/30270","targetHints":{"allow":["GET"]}}],"collection":[{"href":"https:\/\/ncse.ie\/ga\/wp-json\/wp\/v2\/pages"}],"about":[{"href":"https:\/\/ncse.ie\/ga\/wp-json\/wp\/v2\/types\/page"}],"author":[{"embeddable":true,"href":"https:\/\/ncse.ie\/ga\/wp-json\/wp\/v2\/users\/5"}],"replies":[{"embeddable":true,"href":"https:\/\/ncse.ie\/ga\/wp-json\/wp\/v2\/comments?post=30270"}],"version-history":[{"count":4,"href":"https:\/\/ncse.ie\/ga\/wp-json\/wp\/v2\/pages\/30270\/revisions"}],"predecessor-version":[{"id":40290,"href":"https:\/\/ncse.ie\/ga\/wp-json\/wp\/v2\/pages\/30270\/revisions\/40290"}],"wp:attachment":[{"href":"https:\/\/ncse.ie\/ga\/wp-json\/wp\/v2\/media?parent=30270"}],"curies":[{"name":"wp","href":"https:\/\/api.w.org\/{rel}","templated":true}]}}