{"id":30466,"date":"2014-09-25T20:41:16","date_gmt":"2014-09-25T19:41:16","guid":{"rendered":"https:\/\/ncse.ie\/for-parents"},"modified":"2024-02-10T12:13:45","modified_gmt":"2024-02-10T12:13:45","slug":"for-parents","status":"publish","type":"page","link":"https:\/\/ncse.ie\/ga\/for-parents","title":{"rendered":"Do Thuismitheoir\u00ed"},"content":{"rendered":"<!-- RS_MODULE_CODE_2.4.4 --><div id=\"readspeaker_button30466\" class=\"rs_skip rsbtn rs_preserve\"><a class=\"rsbtn_play\" title=\"Listen to this page using ReadSpeaker\" accesskey=\"L\" href=\"\/\/app-eu.readspeaker.com\/cgi-bin\/rsent?customerid=10499&amp;lang=en_uk&amp;readid=rspeak_read_30466&amp;url=https%3A%2F%2Fncse.ie%2Fga%2Fwp-json%2Fwp%2Fv2%2Fpages%2F30466\">\r\n        <span class=\"rsbtn_left rsimg rspart\"><span class=\"rsbtn_text\"><span>Listen<\/span><\/span><\/span>\r\n        <span class=\"rsbtn_right rsimg rsplay rspart\"><\/span>\r\n        <\/a><\/div><div id=\"rspeak_read_30466\"><h1>Eolas do Thuismitheoir\u00ed<\/h1>\n<p>T\u00e1 an chuid seo den su\u00edomh Gr\u00e9as\u00e1in deartha go sonrach chun freastal ar riachtanais eolais na dtuismitheoir\u00ed. Feidhmeoidh an t-eolas ar an su\u00edomh Gr\u00e9as\u00e1in mar acmhainn \u00fas\u00e1ideach do thuismitheoir\u00ed chun iad a chur ar a suaimhneas go nd\u00e9anfar freastal ar leana\u00ed a bhfuil riachtanais speisialta oideachais acu.<\/p>\n<p>Cuireann an Chomhairle N\u00e1isi\u00fanta um Oideachas Speisialta taca\u00edocht ar f\u00e1il do thuismitheoir\u00ed tr\u00edna l\u00edonra Eagraithe um Riachtanais Speisialta Oideachais (SENO) laistigh de limist\u00e9ir th\u00edreola\u00edocha ainmnithe. Chun tuilleadh a fh\u00e1il amach faoi fheidhmeanna an NCSE clice\u00e1il <a title=\"F\u00fainn\" href=\"about-us\">anseo <\/a>le do thoil. T\u00e1 freagracht ar gach SENO as scoileanna ar leith, bunscoileanna, iar-bhunscoileanna agus scoileanna speisialta, laistigh d\u00e1 gceantar. Go ginear\u00e1lta, cinnt\u00edonn r\u00f3l an SENO go bhfaigheann leanbh a bhfuil riachtanais speisialta oideachais aige\/aici na taca\u00edochta\u00ed at\u00e1 ina dteideal.<\/p>\n<p>Agus iad ag d\u00e9ile\u00e1il le tuismitheoir\u00ed leana\u00ed a bhfuil riachtanais speisialta oideachais acu, coinneoidh SENO tuismitheoir\u00ed ar an eolas faoi na cinnt\u00ed acmhainne at\u00e1 \u00e1 nd\u00e9anamh ar son a linbh. Pl\u00e9ifidh an SENO freisin aon imn\u00ed at\u00e1 ar thuismitheoir\u00ed faoi riachtanais oideachais a linbh faoi l\u00e1thair n\u00f3 amach anseo. Aithn\u00edonn SENOanna gurb iad na tuismitheoir\u00ed\/caomhn\u00f3ir\u00ed na pr\u00edomhph\u00e1irtithe leasmhara maidir leis an leanbh agus go bhfuil siad tiomanta do dhea-chaidreamh a chruth\u00fa le tuismitheoir\u00ed agus le gr\u00fapa\u00ed tuismitheoir\u00ed. B\u00edonn an SENO ar f\u00e1il do thuismitheoir\u00ed chun aon cheisteanna at\u00e1 acu a phl\u00e9 agus chun taca\u00edocht agus saineolas a thairiscint.<\/p>\n<p>T\u00e1 SENO ar f\u00e1il freisin chun cur i l\u00e1thair a thabhairt do ghr\u00fapa\u00ed tuismitheoir\u00ed, gr\u00fapa\u00ed abhc\u00f3ideachta srl. Le roinnt blianta anuas, cuireadh roinnt tionscnamh ar bhonn p\u00edol\u00f3tach d\u2019fhonn a aithint conas a d\u2019fh\u00e9adfa\u00ed pr\u00f3iseas strucht\u00fartha eolais a fhorbairt e.g. cruinnithe le tuismitheoir\u00ed at\u00e1 ag cl\u00e1r\u00fa a bp\u00e1ist\u00ed i mbunscoileanna n\u00f3 in iar-bhunscoileanna, n\u00f3 le tuismitheoir\u00ed at\u00e1 ag iarraidh rang speisialta n\u00f3 teagasc baile a bhun\u00fa d\u00e1 bp\u00e1ist\u00ed.<\/p>\n<p>Chun ainm an SENO agus a sonra\u00ed teagmh\u00e1la i do cheantar a fh\u00e1il amach clice\u00e1il <a href=\"https:\/\/ncse.ie\/regional-services-contact-list\">anseo <\/a>le do thoil.<\/p>\n<\/div>","protected":false},"excerpt":{"rendered":"<p><!-- RS_MODULE_CODE_2.4.4 --><\/p>\n<div id=\"readspeaker_button30466\" class=\"rs_skip rsbtn rs_preserve\"><a class=\"rsbtn_play\" title=\"Listen to this page using ReadSpeaker\" accesskey=\"L\" href=\"\/\/app-eu.readspeaker.com\/cgi-bin\/rsent?customerid=10499&amp;lang=en_uk&amp;readid=rspeak_read_30466&amp;url=https%3A%2F%2Fncse.ie%2Fga%2Fwp-json%2Fwp%2Fv2%2Fpages%2F30466\"><br \/>\n        <span class=\"rsbtn_left rsimg rspart\"><span class=\"rsbtn_text\"><span>Listen<\/span><\/span><\/span><br \/>\n        <span class=\"rsbtn_right rsimg rsplay rspart\"><\/span><br \/>\n        <\/a><\/div>\n<div id=\"rspeak_read_30466\"> Eolas do Thuismitheoir\u00ed T\u00e1 an chuid seo den su\u00edomh Gr\u00e9as\u00e1in deartha go sonrach chun freastal ar riachtanais eolais na dtuismitheoir\u00ed. Feidhmeoidh an t-eolas ar an su\u00edomh Gr\u00e9as\u00e1in mar acmhainn \u00fas\u00e1ideach do thuismitheoir\u00ed chun iad a chur ar a suaimhneas go nd\u00e9anfar freastal ar leana\u00ed a bhfuil riachtanais speisialta oideachais acu. Cuireann an Chomhairle N\u00e1isi\u00fanta [&hellip;]<\/div>\n","protected":false},"author":1,"featured_media":0,"parent":0,"menu_order":0,"comment_status":"open","ping_status":"open","template":"","meta":{"footnotes":""},"class_list":["post-30466","page","type-page","status-publish","hentry"],"_links":{"self":[{"href":"https:\/\/ncse.ie\/ga\/wp-json\/wp\/v2\/pages\/30466","targetHints":{"allow":["GET"]}}],"collection":[{"href":"https:\/\/ncse.ie\/ga\/wp-json\/wp\/v2\/pages"}],"about":[{"href":"https:\/\/ncse.ie\/ga\/wp-json\/wp\/v2\/types\/page"}],"author":[{"embeddable":true,"href":"https:\/\/ncse.ie\/ga\/wp-json\/wp\/v2\/users\/1"}],"replies":[{"embeddable":true,"href":"https:\/\/ncse.ie\/ga\/wp-json\/wp\/v2\/comments?post=30466"}],"version-history":[{"count":9,"href":"https:\/\/ncse.ie\/ga\/wp-json\/wp\/v2\/pages\/30466\/revisions"}],"predecessor-version":[{"id":40218,"href":"https:\/\/ncse.ie\/ga\/wp-json\/wp\/v2\/pages\/30466\/revisions\/40218"}],"wp:attachment":[{"href":"https:\/\/ncse.ie\/ga\/wp-json\/wp\/v2\/media?parent=30466"}],"curies":[{"name":"wp","href":"https:\/\/api.w.org\/{rel}","templated":true}]}}