{"id":30477,"date":"2016-12-21T12:43:47","date_gmt":"2016-12-21T12:43:47","guid":{"rendered":"https:\/\/ncse.ie\/foi-publication-scheme"},"modified":"2024-02-10T14:25:14","modified_gmt":"2024-02-10T14:25:14","slug":"foi-publication-scheme","status":"publish","type":"page","link":"https:\/\/ncse.ie\/ga\/foi-publication-scheme","title":{"rendered":"Sc\u00e9im Foilsithe um SF"},"content":{"rendered":"<!-- RS_MODULE_CODE_2.4.4 --><div id=\"readspeaker_button30477\" class=\"rs_skip rsbtn rs_preserve\"><a class=\"rsbtn_play\" title=\"Listen to this page using ReadSpeaker\" accesskey=\"L\" href=\"\/\/app-eu.readspeaker.com\/cgi-bin\/rsent?customerid=10499&amp;lang=en_uk&amp;readid=rspeak_read_30477&amp;url=https%3A%2F%2Fncse.ie%2Fga%2Fwp-json%2Fwp%2Fv2%2Fpages%2F30477\">\r\n        <span class=\"rsbtn_left rsimg rspart\"><span class=\"rsbtn_text\"><span>Listen<\/span><\/span><\/span>\r\n        <span class=\"rsbtn_right rsimg rsplay rspart\"><\/span>\r\n        <\/a><\/div><div id=\"rspeak_read_30477\"><p>\u00c9il\u00edonn Alt 8 den Acht um Shaor\u00e1il Faisn\u00e9ise, 2014 go n-ullmh\u00f3dh agus go bhfoilseoidh gach comhlacht um SF sc\u00e9im foilseach\u00e1in. Is \u00e9 cusp\u00f3ir an phr\u00f3isis seo eolas a shol\u00e1thar ar oibr\u00edochta\u00ed an NCSE ar bhealach tr\u00e9dhearcach agus inrochtana ar bhonn rialta. Ceada\u00edonn s\u00e9 freisin faisn\u00e9is a fhoilsi\u00fa lasmuigh den Acht um SF i gc\u00e1s nach bhfuil cosc le dl\u00ed ar shol\u00e1thar faisn\u00e9ise.<\/p>\n<p>Leanann sc\u00e9im alt 8 den NCSE form\u00e1id na sc\u00e9ime foilseach\u00e1n eiseaml\u00e1ireach arna faomhadh ag an Aire Caiteachais Phoibl\u00ed agus Athch\u00f3irithe.<\/p>\n<table style=\"background-color: #eae8e8;\" border=\"0\" width=\"500\" cellspacing=\"0\" cellpadding=\"0\">\n<tbody>\n<tr>\n<td style=\"height: 75px; text-align: center;\" width=\"250\"><strong><a href=\"https:\/\/ncse.ie\/ga\/information-about-the-ncse\">Eolas faoin NCSE<\/a><\/strong><\/td>\n<td style=\"height: 75px; text-align: center;\" width=\"250\"><strong>\u00a0<\/strong><strong><a href=\"https:\/\/ncse.ie\/ga\/services-provided-or-to-be-provided-to-the-public\">Seirbh\u00eds\u00ed a Shol\u00e1thra\u00edtear n\u00f3 at\u00e1 le cur ar f\u00e1il don Phobal<\/a><\/strong><\/td>\n<td style=\"height: 75px; text-align: center;\" width=\"250\"><strong><a href=\"https:\/\/ncse.ie\/ga\/decision-making-process-for-major-policy-proposals\">Pr\u00f3iseas Cinnteoireachta le haghaidh m\u00f3r-mholta\u00ed beartais<\/a><\/strong><\/td>\n<\/tr>\n<tr>\n<td style=\"height: 75px; text-align: center;\" width=\"250\">\u00a0<strong><a href=\"https:\/\/ncse.ie\/ga\/financial-information\">Faisn\u00e9is Airgeadais<\/a><\/strong><\/td>\n<td style=\"height: 75px; text-align: center;\" width=\"250\"><strong>\u00a0<a href=\"https:\/\/ncse.ie\/ga\/procurement-information\">Eolas Sol\u00e1thair<\/a><\/strong><\/td>\n<td style=\"height: 75px; text-align: center;\" width=\"250\"><strong><a href=\"https:\/\/ncse.ie\/ga\/foi-disclosure-log-and-other-information-to-be-published-routinely\">Loga Nochta SF agus Faisn\u00e9is Eile at\u00e1 le Foilsi\u00fa go Gn\u00e1ch<\/a><\/strong><\/td>\n<\/tr>\n<\/tbody>\n<\/table>\n<\/div>","protected":false},"excerpt":{"rendered":"<p><!-- RS_MODULE_CODE_2.4.4 --><\/p>\n<div id=\"readspeaker_button30477\" class=\"rs_skip rsbtn rs_preserve\"><a class=\"rsbtn_play\" title=\"Listen to this page using ReadSpeaker\" accesskey=\"L\" href=\"\/\/app-eu.readspeaker.com\/cgi-bin\/rsent?customerid=10499&amp;lang=en_uk&amp;readid=rspeak_read_30477&amp;url=https%3A%2F%2Fncse.ie%2Fga%2Fwp-json%2Fwp%2Fv2%2Fpages%2F30477\"><br \/>\n        <span class=\"rsbtn_left rsimg rspart\"><span class=\"rsbtn_text\"><span>Listen<\/span><\/span><\/span><br \/>\n        <span class=\"rsbtn_right rsimg rsplay rspart\"><\/span><br \/>\n        <\/a><\/div>\n<div id=\"rspeak_read_30477\"> \u00c9il\u00edonn Alt 8 den Acht um Shaor\u00e1il Faisn\u00e9ise, 2014 go n-ullmh\u00f3dh agus go bhfoilseoidh gach comhlacht um SF sc\u00e9im foilseach\u00e1in. Is \u00e9 cusp\u00f3ir an phr\u00f3isis seo eolas a shol\u00e1thar ar oibr\u00edochta\u00ed an NCSE ar bhealach tr\u00e9dhearcach agus inrochtana ar bhonn rialta. Ceada\u00edonn s\u00e9 freisin faisn\u00e9is a fhoilsi\u00fa lasmuigh den Acht um SF i gc\u00e1s [&hellip;]<\/div>\n","protected":false},"author":5,"featured_media":0,"parent":0,"menu_order":0,"comment_status":"open","ping_status":"open","template":"","meta":{"footnotes":""},"class_list":["post-30477","page","type-page","status-publish","hentry"],"_links":{"self":[{"href":"https:\/\/ncse.ie\/ga\/wp-json\/wp\/v2\/pages\/30477","targetHints":{"allow":["GET"]}}],"collection":[{"href":"https:\/\/ncse.ie\/ga\/wp-json\/wp\/v2\/pages"}],"about":[{"href":"https:\/\/ncse.ie\/ga\/wp-json\/wp\/v2\/types\/page"}],"author":[{"embeddable":true,"href":"https:\/\/ncse.ie\/ga\/wp-json\/wp\/v2\/users\/5"}],"replies":[{"embeddable":true,"href":"https:\/\/ncse.ie\/ga\/wp-json\/wp\/v2\/comments?post=30477"}],"version-history":[{"count":11,"href":"https:\/\/ncse.ie\/ga\/wp-json\/wp\/v2\/pages\/30477\/revisions"}],"predecessor-version":[{"id":40342,"href":"https:\/\/ncse.ie\/ga\/wp-json\/wp\/v2\/pages\/30477\/revisions\/40342"}],"wp:attachment":[{"href":"https:\/\/ncse.ie\/ga\/wp-json\/wp\/v2\/media?parent=30477"}],"curies":[{"name":"wp","href":"https:\/\/api.w.org\/{rel}","templated":true}]}}