{"id":30480,"date":"2014-10-02T10:26:22","date_gmt":"2014-10-02T09:26:22","guid":{"rendered":"https:\/\/ncse.ie\/faqs"},"modified":"2024-02-10T11:41:00","modified_gmt":"2024-02-10T11:41:00","slug":"faqs","status":"publish","type":"page","link":"https:\/\/ncse.ie\/ga\/faqs","title":{"rendered":"Ceisteanna Coitianta"},"content":{"rendered":"<!-- RS_MODULE_CODE_2.4.4 --><div id=\"readspeaker_button30480\" class=\"rs_skip rsbtn rs_preserve\"><a class=\"rsbtn_play\" title=\"Listen to this page using ReadSpeaker\" accesskey=\"L\" href=\"\/\/app-eu.readspeaker.com\/cgi-bin\/rsent?customerid=10499&amp;lang=en_uk&amp;readid=rspeak_read_30480&amp;url=https%3A%2F%2Fncse.ie%2Fga%2Fwp-json%2Fwp%2Fv2%2Fpages%2F30480\">\r\n        <span class=\"rsbtn_left rsimg rspart\"><span class=\"rsbtn_text\"><span>Listen<\/span><\/span><\/span>\r\n        <span class=\"rsbtn_right rsimg rsplay rspart\"><\/span>\r\n        <\/a><\/div><div id=\"rspeak_read_30480\"><h2>Ceisteanna Coitianta<\/h2>\n<h2>Cad \u00e9 feidhm na Comhairle N\u00e1isi\u00fanta um Oideachas Speisialta?<\/h2>\n<p>Buna\u00edodh an Chomhairle N\u00e1isi\u00fanta um Oideachas Speisialta chun feabhas a chur ar shol\u00e1thar seirbh\u00eds\u00ed oideachais do dhaoine a bhfuil riachtanais speisialta oideachais acu de bharr m\u00edchumais agus b\u00e9im ar leith ar leana\u00ed. T\u00e1 an NCSE freagrach tr\u00edna l\u00edonra d&#8217;Eagraithe Riachtanas Speisialta Oideachais \u00e1iti\u00fail as uaireanta acmhainne agus c\u00fant\u00f3ir\u00ed riachtanas speisialta a leithdh\u00e1ileadh chun tac\u00fa le leana\u00ed a bhfuil riachtanais speisialta acu.<\/p>\n<p>Chun tuilleadh a fh\u00e1il amach faoi fheidhmeanna an NCSE clice\u00e1il <a title=\"F\u00fainn\" href=\"about-us\">anseo <\/a>le do thoil n\u00f3 clice\u00e1il ar an l\u00e9arsc\u00e1il.<\/p>\n<h2>An bhfuil an Chomhairle go hioml\u00e1n neamhsple\u00e1ch ar an Roinn Oideachais agus Scileanna?<\/h2>\n<p>Is comhlacht neamhsple\u00e1ch \u00ed an Chomhairle a buna\u00edodh faoi reachta\u00edocht reacht\u00fail (an tAcht um Oideachas do Dhaoine a bhfuil Riachtanais Speisialta Oideachais Acu, 2004). Gn\u00edomha\u00edonn an Chomhairle de r\u00e9ir bheartas na Roinne Oideachais agus Scileanna maidir le leibh\u00e9al na n-acmhainn\u00ed agus n\u00e1d\u00far na seirbh\u00eds\u00ed at\u00e1 le sol\u00e1thar. D\u00e9anfaidh an Chomhairle, \u00e1fach, taighde ioml\u00e1n neamhsple\u00e1ch agus cuirfidh s\u00ed comhairle ar f\u00e1il don Aire maidir leis an mbealach is fearr chun seirbh\u00eds oideachais speisialta \u00e9ifeachtach a shol\u00e1thar do leana\u00ed faoi mh\u00edchumas a bhfuil riachtanais speisialta oideachais acu.<\/p>\n<h2>C\u00e9n r\u00f3l at\u00e1 ag Eagra\u00ed Riachtanas Speisialta Oideachais (SENO)?<\/h2>\n<p>Ceapann an NCSE SENOanna chun seirbh\u00eds \u00e1iti\u00fail dh\u00edreach a shol\u00e1thar do thuismitheoir\u00ed leana\u00ed a bhfuil riachtanais speisialta oideachais acu agus do scoileanna laistigh de limist\u00e9ir th\u00edreola\u00edocha.<\/p>\n<p>Is \u00e9ard at\u00e1 i gceist leis seo n\u00e1 riachtanais leana\u00ed a aithint agus cinneadh a dh\u00e9anamh ar an leibh\u00e9al acmhainn\u00ed a theasta\u00edonn \u00f3 scoileanna chun seirbh\u00eds oideachais chu\u00ed a shol\u00e1thar d\u00f3ibh.<\/p>\n<p>D\u00e9ile\u00e1lann SENO le hiarratais ar rochtain ar thaca\u00edocht Ch\u00fant\u00f3ir\u00ed Riachtanas Speisialta do leana\u00ed a bhfuil riachtanais speisialta oideachais acu \u00f3 gach scoil. Cuid\u00edonn an SENO freisin le hiarratais ar iompar agus Teicneola\u00edocht Ch\u00fanta. Is f\u00e9idir le SENO comhairle a chur ar scoileanna agus ar thuismitheoir\u00ed maidir leis na h\u00e1iseanna, na seirbh\u00eds\u00ed agus na hacmhainn\u00ed at\u00e1 ar f\u00e1il chun cabhr\u00fa le leana\u00ed a bhfuil Riachtanais Speisialta Oideachais acu.<\/p>\n<p>Clice\u00e1il <a href=\"https:\/\/ncse.ie\/ga\/regional-services-contact-list\">anseo <\/a>le f\u00e1il amach c\u00e9 acu SENO a chl\u00fada\u00edonn do cheantar.<\/p>\n<h2>Cad ba cheart dom a dh\u00e9anamh mura bhfuil SENO agam agus go bhfuil an r\u00e9imse folamh?<\/h2>\n<p>Sanntar SENO Sinsearach do gach r\u00e9imse at\u00e1 freagrach as a r\u00e9imse. Ba ch\u00f3ir duit dul i dteagmh\u00e1il leis an SENO Sinsearach a dh\u00e9anfaidh freastal ar aon cheisteanna i r\u00e9imse folamh.<\/p>\n<p><a title=\"D\u00e9an Teagmh\u00e1il Linn\" href=\"contact-us-2\">D\u00e9an teagmh\u00e1il leis an NCSE<\/a> le do thoil chun f\u00e1il amach c\u00e9n SENO Sinsearach a chl\u00fada\u00edonn do cheantar.<\/p>\n<h2>An sol\u00e1thra\u00edonn SENO tuairisc\u00ed s\u00edceola\u00edochta?<\/h2>\n<p>N\u00ed shol\u00e1thra\u00edonn an SENO tuairisc\u00ed s\u00edceola\u00edochta. Cabhr\u00f3idh an SENO le meas\u00fanuithe a shocr\u00fa nuair a bh\u00edonn deacrachta\u00ed ann.<\/p>\n<h2>C\u00e1 bhfaighidh m\u00e9 meas\u00fan\u00fa?<\/h2>\n<p>Ba cheart dul i dteagmh\u00e1il le pr\u00edomhoide na scoile maidir leis seo mar go nd\u00e9anann an tSeirbh\u00eds N\u00e1isi\u00fanta S\u00edceola\u00edochta Oideachais (NEPS) sol\u00e1thar do mheas\u00fan\u00fa leana\u00ed at\u00e1 ag dul ar scoil. Sannann NEPS s\u00edceola\u00ed do gach scoil.<\/p>\n<h2>C\u00e1 bhfaighidh m\u00e9 na foirmeacha iarratais ar acmhainn\u00ed?<\/h2>\n<p>Is f\u00e9idir foirm iarratais a \u00edosl\u00f3d\u00e1il \u00f3n l\u00e1ithre\u00e1n gr\u00e9as\u00e1in. Clice\u00e1il <a href=\"https:\/\/ncse.ie\/for-schools\">anseo.<\/a><\/p>\n<h2>Conas a aims\u00edm ainmneacha na scoileanna speisialta i gceantar ar leith?<\/h2>\n<p>Is f\u00e9idir liosta\u00ed mionsonraithe de na scoileanna go l\u00e9ir lena n-\u00e1ir\u00edtear scoileanna speisialta a fh\u00e1il \u00f3 shu\u00edomh Gr\u00e9as\u00e1in na Roinne Oideachais agus Scileanna, <a href=\"http:\/\/education.ie\/en\/\" target=\"_blank\" rel=\"noopener\">www.education.ie<\/a><\/p>\n<h2>Cad is C\u00fant\u00f3ir Riachtanas Speisialta ann? (CRS)<\/h2>\n<p>Go ginear\u00e1lta feidhm\u00edonn an CRS i r\u00f3l c\u00faraim agus taca\u00edochta nach mbaineann le teagasc agus a oibr\u00edonn faoi threoir agus faoi mhaoirseacht an phr\u00edomhoide agus\/n\u00f3 an mh\u00fainteora ranga. T\u00e1 r\u00f3l agus dualgais an CRS sainmh\u00ednithe n\u00edos soil\u00e9ire i gCiorcl\u00e1n ROS 10\/76 agus i <a href=\"wp-content\/uploads\/2014\/10\/Circular07-021.pdf\">gCiorcl\u00e1n 07\/02<\/a>.<\/p>\n<h2>C\u00e9 a fhosta\u00edonn agus a \u00edocann C\u00fant\u00f3ir Riachtanas Speisialta (CRA)?<\/h2>\n<p>Earca\u00edonn agus fosta\u00edonn scoil aonair CRS. Tugann an Roinn Oideachais agus Scileanna luach saothair do CRSanna.<\/p>\n<h2>Cad iad na catag\u00f3ir\u00ed \u00e9ags\u00fala m\u00edchumais agus conas is f\u00e9idir liom tuilleadh eolais a fh\u00e1il f\u00fathu?<\/h2>\n<p>Liosta\u00edonn Aguis\u00edn 1 de <a href=\"wp-content\/uploads\/2014\/10\/Circular_sp02_05.pdf\">Chiorcl\u00e1n Sp Ed 02\/05<\/a> na catag\u00f3ir\u00ed m\u00edchumais a ch\u00e1il\u00edonn d&#8217;acmhainn\u00ed agus l\u00edon na n-uaireanta taca\u00edochta teagaisc acmhainne at\u00e1 i dteideal.<\/p>\n<h2>Cad is plean Oideachais Aonair (POA) ann?<\/h2>\n<p>Is doicim\u00e9ad scr\u00edofa \u00e9 Plean Oideachais Aonair (POA) a ullmha\u00edtear do dhalta ainmnithe a shonra\u00edonn na spriocanna foghlama at\u00e1 le baint amach ag an scol\u00e1ire thar thr\u00e9imhse ama socraithe agus na strait\u00e9is\u00ed teagaisc, acmhainn\u00ed agus taca\u00edochta\u00ed at\u00e1 riachtanach chun na spriocanna sin a bhaint amach.<\/p>\n<h2>Cad iad na gn\u00e9ithe den Acht um Oideachas do Dhaoine a bhfuil Riachtanais Speisialta Oideachais Acu, 2004 curtha i bhfeidhm?<\/h2>\n<p>T\u00e1 t\u00fas curtha leis na hailt seo a leanas den Acht EPSEN:<\/p>\n<p>Alt 1 L\u00e9iri\u00fa ar an Acht<br \/>\nAlt 2 An ceart oideachas a fh\u00e1il i dtimpeallacht chuimsitheach<br \/>\nAlt 14(1)(a) Dualgais Scoileanna<br \/>\nAlt 14(1)(c)<br \/>\nAlt 14( 2) go 14(4) Dualgais na Scoileanna<br \/>\nAilt 19 go 37 Bun\u00fa an NCSE<br \/>\nAilt 40 go 53 Bun\u00fa an NCSE<\/p>\n<p>Chun tuilleadh eolais a fh\u00e1il faoi POAanna agus faoin bpr\u00f3iseas POA clice\u00e1il <a href=\"wp-content\/uploads\/2014\/10\/IEPReport.pdf\">anseo <\/a>le do thoil.<\/p>\n<\/div>","protected":false},"excerpt":{"rendered":"<p><!-- RS_MODULE_CODE_2.4.4 --><\/p>\n<div id=\"readspeaker_button30480\" class=\"rs_skip rsbtn rs_preserve\"><a class=\"rsbtn_play\" title=\"Listen to this page using ReadSpeaker\" accesskey=\"L\" href=\"\/\/app-eu.readspeaker.com\/cgi-bin\/rsent?customerid=10499&amp;lang=en_uk&amp;readid=rspeak_read_30480&amp;url=https%3A%2F%2Fncse.ie%2Fga%2Fwp-json%2Fwp%2Fv2%2Fpages%2F30480\"><br \/>\n        <span class=\"rsbtn_left rsimg rspart\"><span class=\"rsbtn_text\"><span>Listen<\/span><\/span><\/span><br \/>\n        <span class=\"rsbtn_right rsimg rsplay rspart\"><\/span><br \/>\n        <\/a><\/div>\n<div id=\"rspeak_read_30480\"> Ceisteanna Coitianta Cad \u00e9 feidhm na Comhairle N\u00e1isi\u00fanta um Oideachas Speisialta? Buna\u00edodh an Chomhairle N\u00e1isi\u00fanta um Oideachas Speisialta chun feabhas a chur ar shol\u00e1thar seirbh\u00eds\u00ed oideachais do dhaoine a bhfuil riachtanais speisialta oideachais acu de bharr m\u00edchumais agus b\u00e9im ar leith ar leana\u00ed. T\u00e1 an NCSE freagrach tr\u00edna l\u00edonra d&#8217;Eagraithe Riachtanas Speisialta Oideachais \u00e1iti\u00fail [&hellip;]<\/div>\n","protected":false},"author":1,"featured_media":0,"parent":0,"menu_order":0,"comment_status":"open","ping_status":"open","template":"","meta":{"footnotes":""},"class_list":["post-30480","page","type-page","status-publish","hentry"],"_links":{"self":[{"href":"https:\/\/ncse.ie\/ga\/wp-json\/wp\/v2\/pages\/30480","targetHints":{"allow":["GET"]}}],"collection":[{"href":"https:\/\/ncse.ie\/ga\/wp-json\/wp\/v2\/pages"}],"about":[{"href":"https:\/\/ncse.ie\/ga\/wp-json\/wp\/v2\/types\/page"}],"author":[{"embeddable":true,"href":"https:\/\/ncse.ie\/ga\/wp-json\/wp\/v2\/users\/1"}],"replies":[{"embeddable":true,"href":"https:\/\/ncse.ie\/ga\/wp-json\/wp\/v2\/comments?post=30480"}],"version-history":[{"count":10,"href":"https:\/\/ncse.ie\/ga\/wp-json\/wp\/v2\/pages\/30480\/revisions"}],"predecessor-version":[{"id":40172,"href":"https:\/\/ncse.ie\/ga\/wp-json\/wp\/v2\/pages\/30480\/revisions\/40172"}],"wp:attachment":[{"href":"https:\/\/ncse.ie\/ga\/wp-json\/wp\/v2\/media?parent=30480"}],"curies":[{"name":"wp","href":"https:\/\/api.w.org\/{rel}","templated":true}]}}