{"id":30483,"date":"2016-12-21T12:43:26","date_gmt":"2016-12-21T12:43:26","guid":{"rendered":"https:\/\/ncse.ie\/decision-making-process-for-major-policy-proposals"},"modified":"2024-02-04T05:26:18","modified_gmt":"2024-02-04T05:26:18","slug":"decision-making-process-for-major-policy-proposals","status":"publish","type":"page","link":"https:\/\/ncse.ie\/ga\/decision-making-process-for-major-policy-proposals","title":{"rendered":"Pr\u00f3iseas Cinnteoireachta le haghaidh m\u00f3r-mholta\u00ed beartais"},"content":{"rendered":"<!-- RS_MODULE_CODE_2.4.4 --><div id=\"readspeaker_button30483\" class=\"rs_skip rsbtn rs_preserve\"><a class=\"rsbtn_play\" title=\"Listen to this page using ReadSpeaker\" accesskey=\"L\" href=\"\/\/app-eu.readspeaker.com\/cgi-bin\/rsent?customerid=10499&amp;lang=en_uk&amp;readid=rspeak_read_30483&amp;url=https%3A%2F%2Fncse.ie%2Fga%2Fwp-json%2Fwp%2Fv2%2Fpages%2F30483\">\r\n        <span class=\"rsbtn_left rsimg rspart\"><span class=\"rsbtn_text\"><span>Listen<\/span><\/span><\/span>\r\n        <span class=\"rsbtn_right rsimg rsplay rspart\"><\/span>\r\n        <\/a><\/div><div id=\"rspeak_read_30483\"><p>Eolas ar chomhdh\u00e1il taighde le d\u00e9ana\u00ed (<a href=\"https:\/\/ncse.ie\/ga\/research-conference\">https:\/\/ncse.ie\/ga\/research-conference<\/a>)<br \/>\nCinnt\u00ed a eisi\u00faint chuig scoileanna (Staidreamh san \u00e1ireamh) (<a href=\"https:\/\/ncse.ie\/ga\/statistics\">https:\/\/ncse.ie\/ga\/statistics<\/a>)<br \/>\nComhairle Beartais don Aire Oideachais agus Scileanna (<a href=\"https:\/\/ncse.ie\/ga\/policy-advice\">https:\/\/ncse.ie\/ga\/policy-advice<\/a>)<br \/>\nL\u00e9irmheas CRS (<a href=\"https:\/\/ncse.ie\/ga\/sna-review\">https:\/\/ncse.ie\/ga\/sna-review<\/a>)<\/p>\n<\/div>","protected":false},"excerpt":{"rendered":"<p><!-- RS_MODULE_CODE_2.4.4 --><\/p>\n<div id=\"readspeaker_button30483\" class=\"rs_skip rsbtn rs_preserve\"><a class=\"rsbtn_play\" title=\"Listen to this page using ReadSpeaker\" accesskey=\"L\" href=\"\/\/app-eu.readspeaker.com\/cgi-bin\/rsent?customerid=10499&amp;lang=en_uk&amp;readid=rspeak_read_30483&amp;url=https%3A%2F%2Fncse.ie%2Fga%2Fwp-json%2Fwp%2Fv2%2Fpages%2F30483\"><br \/>\n        <span class=\"rsbtn_left rsimg rspart\"><span class=\"rsbtn_text\"><span>Listen<\/span><\/span><\/span><br \/>\n        <span class=\"rsbtn_right rsimg rsplay rspart\"><\/span><br \/>\n        <\/a><\/div>\n<div id=\"rspeak_read_30483\"> Eolas ar chomhdh\u00e1il taighde le d\u00e9ana\u00ed (https:\/\/ncse.ie\/ga\/research-conference) Cinnt\u00ed a eisi\u00faint chuig scoileanna (Staidreamh san \u00e1ireamh) (https:\/\/ncse.ie\/ga\/statistics) Comhairle Beartais don Aire Oideachais agus Scileanna (https:\/\/ncse.ie\/ga\/policy-advice) L\u00e9irmheas CRS (https:\/\/ncse.ie\/ga\/sna-review)<\/div>\n","protected":false},"author":5,"featured_media":0,"parent":0,"menu_order":0,"comment_status":"open","ping_status":"open","template":"","meta":{"footnotes":""},"class_list":["post-30483","page","type-page","status-publish","hentry"],"_links":{"self":[{"href":"https:\/\/ncse.ie\/ga\/wp-json\/wp\/v2\/pages\/30483","targetHints":{"allow":["GET"]}}],"collection":[{"href":"https:\/\/ncse.ie\/ga\/wp-json\/wp\/v2\/pages"}],"about":[{"href":"https:\/\/ncse.ie\/ga\/wp-json\/wp\/v2\/types\/page"}],"author":[{"embeddable":true,"href":"https:\/\/ncse.ie\/ga\/wp-json\/wp\/v2\/users\/5"}],"replies":[{"embeddable":true,"href":"https:\/\/ncse.ie\/ga\/wp-json\/wp\/v2\/comments?post=30483"}],"version-history":[{"count":10,"href":"https:\/\/ncse.ie\/ga\/wp-json\/wp\/v2\/pages\/30483\/revisions"}],"predecessor-version":[{"id":39948,"href":"https:\/\/ncse.ie\/ga\/wp-json\/wp\/v2\/pages\/30483\/revisions\/39948"}],"wp:attachment":[{"href":"https:\/\/ncse.ie\/ga\/wp-json\/wp\/v2\/media?parent=30483"}],"curies":[{"name":"wp","href":"https:\/\/api.w.org\/{rel}","templated":true}]}}