{"id":30516,"date":"2016-12-21T12:44:06","date_gmt":"2016-12-21T12:44:06","guid":{"rendered":"https:\/\/ncse.ie\/information-about-the-ncse"},"modified":"2024-02-10T12:33:20","modified_gmt":"2024-02-10T12:33:20","slug":"information-about-the-ncse","status":"publish","type":"page","link":"https:\/\/ncse.ie\/ga\/information-about-the-ncse","title":{"rendered":"Eolas faoin NCSE"},"content":{"rendered":"<!-- RS_MODULE_CODE_2.4.4 --><div id=\"readspeaker_button30516\" class=\"rs_skip rsbtn rs_preserve\"><a class=\"rsbtn_play\" title=\"Listen to this page using ReadSpeaker\" accesskey=\"L\" href=\"\/\/app-eu.readspeaker.com\/cgi-bin\/rsent?customerid=10499&amp;lang=en_uk&amp;readid=rspeak_read_30516&amp;url=https%3A%2F%2Fncse.ie%2Fga%2Fwp-json%2Fwp%2Fv2%2Fpages%2F30516\">\r\n        <span class=\"rsbtn_left rsimg rspart\"><span class=\"rsbtn_text\"><span>Listen<\/span><\/span><\/span>\r\n        <span class=\"rsbtn_right rsimg rsplay rspart\"><\/span>\r\n        <\/a><\/div><div id=\"rspeak_read_30516\"><p><strong>Eolas faoin NCSE<\/strong><br \/>\nAchoimre ar an NCSE (<a href=\"https:\/\/ncse.ie\/about-us\">https:\/\/ncse.ie\/about-us<\/a>)<br \/>\nC\u00e9 muid(<a href=\"https:\/\/ncse.ie\/who-we-are\">https:\/\/ncse.ie\/who-we-are<\/a>)<br \/>\nMisean an NCSE (<a href=\"https:\/\/ncse.ie\/mission-vision\">https:\/\/ncse.ie\/mission-vision<\/a>)<br \/>\nStaire an NCSE (<a href=\"https:\/\/ncse.ie\/history\">https:\/\/ncse.ie\/history<\/a>)<br \/>\nAn tAcht um Oideachas do Riachtanais Speisialta Oideachais 2004 (<a href=\"http:\/\/www.oireachtas.ie\/documents\/bills28\/acts\/2004\/A3004.pdf\">http:\/\/www.oireachtas.ie\/documents\/bills28\/acts\/2004\/A3004.pdf<\/a>)<\/p>\n<p><strong>Pleananna agus Strait\u00e9is\u00ed Corpar\u00e1ideacha<\/strong><br \/>\nRialachas Corpar\u00e1ideach (<a href=\"https:\/\/ncse.ie\/corporate-governance\">https:\/\/ncse.ie\/corporate-governance<\/a>)<br \/>\nR\u00e1iteas Strait\u00e9ise (<a href=\"https:\/\/ncse.ie\/strategy-statement\">https:\/\/ncse.ie\/strategy-statement<\/a>)<\/p>\n<p><strong>Strucht\u00far Eagr\u00fach\u00e1in<\/strong><br \/>\nComhalta\u00ed na Comhairle (<a href=\"https:\/\/ncse.ie\/members-of-the-national-council-for-special-education\">https:\/\/ncse.ie\/members-of-the-national-council-for-special-education<\/a>)<br \/>\nAn Feidhmeannas (<a href=\"https:\/\/ncse.ie\/the-executive\">https:\/\/ncse.ie\/the-executive<\/a>)<br \/>\nF\u00f3ram Comhairli\u00fach\u00e1in NCSE (<a href=\"https:\/\/ncse.ie\/ga\/members-of-the-consultative-forum\">https:\/\/ncse.ie\/ga\/members-of-the-consultative-forum<\/a>)<\/p>\n<p><strong>Su\u00edmh agus Sonra\u00ed Teagmh\u00e1la<br \/>\n<\/strong>(<a href=\"https:\/\/ncse.ie\/ga\/contact-us-2\">https:\/\/ncse.ie\/ga\/contact-us-2<\/a>)<strong><\/p>\n<p>Cairt Chustaim\u00e9ir\u00ed<br \/>\n<\/strong>Cairt Chustaim\u00e9ir\u00ed<strong> (<a href=\"https:\/\/ncse.ie\/ga\/customer-charter\">https:\/\/ncse.ie\/ga\/customer-charter<\/a>)<\/p>\n<p>Treoirl\u00ednte<br \/>\n<\/strong>Do Thuismitheoir\u00ed (<a href=\"https:\/\/ncse.ie\/ga\/for-parents\">https:\/\/ncse.ie\/ga\/for-parents<\/a>)<br \/>\nDo Scoileanna (<a href=\"https:\/\/ncse.ie\/ga\/for-schools\">https:\/\/ncse.ie\/ga\/for-schools<\/a>)<br \/>\nTreoirl\u00ednte um Chaomhn\u00fa Leana\u00ed(<a href=\"https:\/\/ncse.ie\/ga\/child-protection-guidelines\">https:\/\/ncse.ie\/child-protection-guidelines<\/a>)<\/p>\n<\/div>","protected":false},"excerpt":{"rendered":"<p><!-- RS_MODULE_CODE_2.4.4 --><\/p>\n<div id=\"readspeaker_button30516\" class=\"rs_skip rsbtn rs_preserve\"><a class=\"rsbtn_play\" title=\"Listen to this page using ReadSpeaker\" accesskey=\"L\" href=\"\/\/app-eu.readspeaker.com\/cgi-bin\/rsent?customerid=10499&amp;lang=en_uk&amp;readid=rspeak_read_30516&amp;url=https%3A%2F%2Fncse.ie%2Fga%2Fwp-json%2Fwp%2Fv2%2Fpages%2F30516\"><br \/>\n        <span class=\"rsbtn_left rsimg rspart\"><span class=\"rsbtn_text\"><span>Listen<\/span><\/span><\/span><br \/>\n        <span class=\"rsbtn_right rsimg rsplay rspart\"><\/span><br \/>\n        <\/a><\/div>\n<div id=\"rspeak_read_30516\"> Eolas faoin NCSE Achoimre ar an NCSE (https:\/\/ncse.ie\/about-us) C\u00e9 muid(https:\/\/ncse.ie\/who-we-are) Misean an NCSE (https:\/\/ncse.ie\/mission-vision) Staire an NCSE (https:\/\/ncse.ie\/history) An tAcht um Oideachas do Riachtanais Speisialta Oideachais 2004 (http:\/\/www.oireachtas.ie\/documents\/bills28\/acts\/2004\/A3004.pdf) Pleananna agus Strait\u00e9is\u00ed Corpar\u00e1ideacha Rialachas Corpar\u00e1ideach (https:\/\/ncse.ie\/corporate-governance) R\u00e1iteas Strait\u00e9ise (https:\/\/ncse.ie\/strategy-statement) Strucht\u00far Eagr\u00fach\u00e1in Comhalta\u00ed na Comhairle (https:\/\/ncse.ie\/members-of-the-national-council-for-special-education) An Feidhmeannas (https:\/\/ncse.ie\/the-executive) F\u00f3ram Comhairli\u00fach\u00e1in NCSE (https:\/\/ncse.ie\/ga\/members-of-the-consultative-forum) Su\u00edmh agus Sonra\u00ed [&hellip;]<\/div>\n","protected":false},"author":5,"featured_media":0,"parent":0,"menu_order":0,"comment_status":"open","ping_status":"open","template":"","meta":{"footnotes":""},"class_list":["post-30516","page","type-page","status-publish","hentry"],"_links":{"self":[{"href":"https:\/\/ncse.ie\/ga\/wp-json\/wp\/v2\/pages\/30516","targetHints":{"allow":["GET"]}}],"collection":[{"href":"https:\/\/ncse.ie\/ga\/wp-json\/wp\/v2\/pages"}],"about":[{"href":"https:\/\/ncse.ie\/ga\/wp-json\/wp\/v2\/types\/page"}],"author":[{"embeddable":true,"href":"https:\/\/ncse.ie\/ga\/wp-json\/wp\/v2\/users\/5"}],"replies":[{"embeddable":true,"href":"https:\/\/ncse.ie\/ga\/wp-json\/wp\/v2\/comments?post=30516"}],"version-history":[{"count":8,"href":"https:\/\/ncse.ie\/ga\/wp-json\/wp\/v2\/pages\/30516\/revisions"}],"predecessor-version":[{"id":40227,"href":"https:\/\/ncse.ie\/ga\/wp-json\/wp\/v2\/pages\/30516\/revisions\/40227"}],"wp:attachment":[{"href":"https:\/\/ncse.ie\/ga\/wp-json\/wp\/v2\/media?parent=30516"}],"curies":[{"name":"wp","href":"https:\/\/api.w.org\/{rel}","templated":true}]}}