{"id":30524,"date":"2026-02-05T12:00:04","date_gmt":"2026-02-05T12:00:04","guid":{"rendered":"https:\/\/ncse.ie\/newsletter"},"modified":"2024-02-10T14:18:09","modified_gmt":"2024-02-10T14:18:09","slug":"newsletter","status":"publish","type":"page","link":"https:\/\/ncse.ie\/ga\/newsletter","title":{"rendered":"Nuachtlitir"},"content":{"rendered":"<!-- RS_MODULE_CODE_2.4.4 --><div id=\"readspeaker_button30524\" class=\"rs_skip rsbtn rs_preserve\"><a class=\"rsbtn_play\" title=\"Listen to this page using ReadSpeaker\" accesskey=\"L\" href=\"\/\/app-eu.readspeaker.com\/cgi-bin\/rsent?customerid=10499&amp;lang=en_uk&amp;readid=rspeak_read_30524&amp;url=https%3A%2F%2Fncse.ie%2Fga%2Fwp-json%2Fwp%2Fv2%2Fpages%2F30524\">\r\n        <span class=\"rsbtn_left rsimg rspart\"><span class=\"rsbtn_text\"><span>Listen<\/span><\/span><\/span>\r\n        <span class=\"rsbtn_right rsimg rsplay rspart\"><\/span>\r\n        <\/a><\/div><div id=\"rspeak_read_30524\"><p><a href=\"https:\/\/ncse.ie\/wp-content\/uploads\/2014\/10\/NCSEnewslogo.gif\"><img fetchpriority=\"high\" decoding=\"async\" class=\"aligncenter size-full wp-image-1486\" src=\"https:\/\/ncse.ie\/wp-content\/uploads\/2014\/10\/NCSEnewslogo.gif\" alt=\"NCSEnewslogo\" width=\"500\" height=\"103\" \/><\/a> Chuir an NCSE deireadh le NUACHT NCSE in 2012. T\u00e1 naisc chuig gach eagr\u00e1n ar f\u00e1il ar an leathanach seo.<\/p>\n<p>NCSE NEWS &#8211; <a href=\"wp-content\/uploads\/2014\/10\/NCSEnewsletter_7.pdf\">Eagr\u00e1n 7, Samhain 2012<\/a><\/p>\n<p>NCSE NEWS &#8211; <a href=\"wp-content\/uploads\/2014\/10\/NCSENews6_Dec2011.pdf\">Eagr\u00e1n 6, Nollaig 2011<\/a><\/p>\n<p>NCSE NEWS &#8211; <a href=\"wp-content\/uploads\/2014\/10\/NCSEnewsletter5.pdf\">Eagr\u00e1n 5, Bealtaine 2011<\/a><\/p>\n<p>NCSE NEWS &#8211; <a href=\"wp-content\/uploads\/2014\/10\/NCSENews4.pdf\">Eagr\u00e1n 4, Nollaig 2010<\/a><\/p>\n<p>NCSE NEWS &#8211; <a href=\"wp-content\/uploads\/2014\/10\/NCSE_May2010.pdf\">Eagr\u00e1n 3, Bealtaine 2010<\/a><\/p>\n<p>NCSE NEWS &#8211; <a href=\"wp-content\/uploads\/2014\/10\/NCSENewsDec09_2.pdf\">Eagr\u00e1n 2, Nollaig 2009<\/a><\/p>\n<p>NCSE NEWS &#8211; <a href=\"wp-content\/uploads\/2014\/10\/NCSENews.pdf\">Eagr\u00e1n 1, Bealtaine 2009<\/a><\/p>\n<p>Nuacht NCSE &#8211; <a href=\"wp-content\/uploads\/2014\/10\/NCSEnews_7accessible_version__Dec_2012.pdf\">Eagr\u00e1n 7, Samhna 2012<\/a><\/p>\n<p>Nuacht NCSE &#8211; <a href=\"wp-content\/uploads\/2014\/10\/NuachtNCSE6.pdf\">Eagr\u00e1n 6, Nollaig 2011<\/a><\/p>\n<p>Nuacht NCSE &#8211; <a href=\"wp-content\/uploads\/2014\/10\/NuachtNCSE6.pdf\">Eagr\u00e1n 5, Bealtaine 2011<\/a><\/p>\n<p>Nuacht NCSE &#8211; <a title=\"Nuacht NCSE Nollaig 2010\" href=\"wp-content\/uploads\/2014\/10\/NCSENews4Irish.pdf\">Eagr\u00e1n 4, Nollaig 2010<\/a><\/p>\n<p>Nuacht NCSE &#8211; <a href=\"wp-content\/uploads\/2014\/10\/NCSE_NewsGael_3rd_edition.pdf\">Eagr\u00e1n 3, Bealtaine 2010<\/a><\/p>\n<p>Nuacht NCSE &#8211; <a href=\"wp-content\/uploads\/2014\/10\/NCSE_NewsGael_2nd_edition.pdf\">Eagr\u00e1n 2, Nollaig 2009<\/a><\/p>\n<p>Nuacht NCSE &#8211; <a href=\"wp-content\/uploads\/2014\/10\/NCSE_NewsGael_1st_edition.pdf\">Eagr\u00e1n 1, Bealtaine 2009<\/a><\/p>\n<\/div>","protected":false},"excerpt":{"rendered":"<p><!-- RS_MODULE_CODE_2.4.4 --><\/p>\n<div id=\"readspeaker_button30524\" class=\"rs_skip rsbtn rs_preserve\"><a class=\"rsbtn_play\" title=\"Listen to this page using ReadSpeaker\" accesskey=\"L\" href=\"\/\/app-eu.readspeaker.com\/cgi-bin\/rsent?customerid=10499&amp;lang=en_uk&amp;readid=rspeak_read_30524&amp;url=https%3A%2F%2Fncse.ie%2Fga%2Fwp-json%2Fwp%2Fv2%2Fpages%2F30524\"><br \/>\n        <span class=\"rsbtn_left rsimg rspart\"><span class=\"rsbtn_text\"><span>Listen<\/span><\/span><\/span><br \/>\n        <span class=\"rsbtn_right rsimg rsplay rspart\"><\/span><br \/>\n        <\/a><\/div>\n<div id=\"rspeak_read_30524\"> Chuir an NCSE deireadh le NUACHT NCSE in 2012. T\u00e1 naisc chuig gach eagr\u00e1n ar f\u00e1il ar an leathanach seo. NCSE NEWS &#8211; Eagr\u00e1n 7, Samhain 2012 NCSE NEWS &#8211; Eagr\u00e1n 6, Nollaig 2011 NCSE NEWS &#8211; Eagr\u00e1n 5, Bealtaine 2011 NCSE NEWS &#8211; Eagr\u00e1n 4, Nollaig 2010 NCSE NEWS &#8211; Eagr\u00e1n 3, Bealtaine [&hellip;]<\/div>\n","protected":false},"author":1,"featured_media":0,"parent":0,"menu_order":0,"comment_status":"open","ping_status":"open","template":"","meta":{"footnotes":""},"class_list":["post-30524","page","type-page","status-publish","hentry"],"_links":{"self":[{"href":"https:\/\/ncse.ie\/ga\/wp-json\/wp\/v2\/pages\/30524","targetHints":{"allow":["GET"]}}],"collection":[{"href":"https:\/\/ncse.ie\/ga\/wp-json\/wp\/v2\/pages"}],"about":[{"href":"https:\/\/ncse.ie\/ga\/wp-json\/wp\/v2\/types\/page"}],"author":[{"embeddable":true,"href":"https:\/\/ncse.ie\/ga\/wp-json\/wp\/v2\/users\/1"}],"replies":[{"embeddable":true,"href":"https:\/\/ncse.ie\/ga\/wp-json\/wp\/v2\/comments?post=30524"}],"version-history":[{"count":8,"href":"https:\/\/ncse.ie\/ga\/wp-json\/wp\/v2\/pages\/30524\/revisions"}],"predecessor-version":[{"id":40322,"href":"https:\/\/ncse.ie\/ga\/wp-json\/wp\/v2\/pages\/30524\/revisions\/40322"}],"wp:attachment":[{"href":"https:\/\/ncse.ie\/ga\/wp-json\/wp\/v2\/media?parent=30524"}],"curies":[{"name":"wp","href":"https:\/\/api.w.org\/{rel}","templated":true}]}}