{"id":30632,"date":"2020-08-24T11:33:09","date_gmt":"2020-08-24T10:33:09","guid":{"rendered":"https:\/\/ncse.ie\/school-support"},"modified":"2024-02-10T14:30:00","modified_gmt":"2024-02-10T14:30:00","slug":"school-support","status":"publish","type":"page","link":"https:\/\/ncse.ie\/ga\/school-support","title":{"rendered":"Taca\u00edocht Scoile NCSE"},"content":{"rendered":"<div class=\"wpb-content-wrapper\"><!-- RS_MODULE_CODE_2.4.4 --><div id=\"readspeaker_button30632\" class=\"rs_skip rsbtn rs_preserve\"><a class=\"rsbtn_play\" title=\"Listen to this page using ReadSpeaker\" accesskey=\"L\" href=\"\/\/app-eu.readspeaker.com\/cgi-bin\/rsent?customerid=10499&amp;lang=en_uk&amp;readid=rspeak_read_30632&amp;url=https%3A%2F%2Fncse.ie%2Fga%2Fwp-json%2Fwp%2Fv2%2Fpages%2F30632\">\r\n        <span class=\"rsbtn_left rsimg rspart\"><span class=\"rsbtn_text\"><span>Listen<\/span><\/span><\/span>\r\n        <span class=\"rsbtn_right rsimg rsplay rspart\"><\/span>\r\n        <\/a><\/div><div id=\"rspeak_read_30632\"><p>[vc_row][vc_column][vc_column_text]Is \u00e9 Tairseach Taca\u00edochta Scoile an NCSE an t-ard\u00e1n tr\u00edna bhf\u00e9adfaidh scoileanna iarratas a dh\u00e9anamh chuig an NCSE ar thaca\u00edocht inscoile don fhoireann ioml\u00e1n, do mh\u00fainteoir\u00ed gr\u00fapa agus do mh\u00fainteoir\u00ed aonair. D\u2019fh\u00e9adfadh taca\u00edocht a bheith i bhfoirm taca\u00edochta guth\u00e1in, taca\u00edocht r\u00edomhphoist, f\u00edschomhdh\u00e1lacha agus, in imthosca a cheada\u00edonn comhairle sl\u00e1inte poibl\u00ed, cuairt scoile, n\u00f3 seimine\u00e1r scoile uile.<\/p>\n<p>Is f\u00e9idir le m\u00fainteoir\u00ed cur isteach ar mhaoini\u00fa freisin chun freastal ar ch\u00farsa\u00ed forbartha gairmi\u00fala do mh\u00fainteoir\u00ed arna bhformheas.<\/p>\n<p>Crutha\u00edodh cuntas ar an tairseach seo do gach scoil ag baint \u00fas\u00e1ide as seoladh r\u00edomhphoist na scoile. Seoladh sonra\u00ed gn\u00edomhachtaithe cuntais chuig scoileanna tr\u00ed r\u00edomhphost ar 1<sup>\u00fa<\/sup> Me\u00e1n F\u00f3mhair 2020. Seice\u00e1il do chuntas r\u00edomhphoist scoile don r\u00edomhphost seo, lena n-\u00e1ir\u00edtear an fillte\u00e1n turscair.<\/p>\n<p>Tabhair faoi deara go bhfuil gach scoil teoranta do chuntas amh\u00e1in ar an tairseach a chaithfidh a bheith bainteach le seoladh r\u00edomhphoist amh\u00e1in. Is \u00ed an scoil a shocra\u00edonn c\u00e9n seoladh r-phoist a n-\u00fas\u00e1idfear.<\/p>\n<p>Mura bhfuil r-phost gn\u00edomhachtaithe faighte agat, seol r-phost <a href=\"mailto:schoolsupport@ncse.ie\">schoolsupport@ncse.ie<\/a> chun rochtain ar an tairseach a iarraidh. Clice\u00e1il <a href=\"https:\/\/youtu.be\/5FSv95TcKFw\">anseo<\/a> chun f\u00e9achaint ar fh\u00edse\u00e1n a iml\u00edn\u00edonn conas cuntas do scoile a ghn\u00edomhacht\u00fa ar an Tairseach Taca\u00edochta Scoile.<\/p>\n<p>Clice\u00e1il ar an gcnaipe th\u00edos le do thoil chun Tairseach Taca\u00edochta Scoile an NCSE a sheoladh.[\/vc_column_text][\/vc_column][\/vc_row][vc_row][vc_column][vc_btn title=&#8221;Tairseach Taca\u00edochta Scoile NCSE&#8221; style=&#8221;custom&#8221; custom_background=&#8221;#b82a32&#8243; custom_text=&#8221;#ffffff&#8221; size=&#8221;lg&#8221; align=&#8221;center&#8221; link=&#8221;url:https%3A%2F%2Fncse.freshdesk.com%2Fsupport%2Flogin|title:Clice%C3%A1il%20anseo%20chun%20rochtain%20a%20fh%C3%A1il%20ar%20an%20tairseach%20Taca%C3%ADochta%20Scoile|&#8221;][\/vc_column][\/vc_row][vc_row][vc_column][vc_empty_space][vc_column_text]<strong>Seimine\u00e1ir Foghlama Gairmi\u00fala M\u00fainteoir\u00ed<\/strong><\/p>\n<p>Tabhair faoi deara le do thoil gur f\u00e9idir le scoileanna rochtain a fh\u00e1il ar thaca\u00edocht tr\u00ed sheimine\u00e1ir NCSE at\u00e1 deartha chun tac\u00fa le riachtanais foghlama gairmi\u00fala m\u00fainteoir\u00ed maidir le teagasc leana\u00ed a bhfuil riachtanais speisialta oideachais acu. Clice\u00e1il <a href=\"https:\/\/ncse.ie\/ga\/for-schools\/connect-teacher-professional-learning-events-catalogue\">anseo<\/a> le do thoil chun teacht ar na seimine\u00e1ir.[\/vc_column_text][\/vc_column][\/vc_row][vc_row][vc_column][\/vc_column][\/vc_row]<\/p>\n<\/div><\/div>","protected":false},"excerpt":{"rendered":"<p><!-- RS_MODULE_CODE_2.4.4 --><\/p>\n<div id=\"readspeaker_button30632\" class=\"rs_skip rsbtn rs_preserve\"><a class=\"rsbtn_play\" title=\"Listen to this page using ReadSpeaker\" accesskey=\"L\" href=\"\/\/app-eu.readspeaker.com\/cgi-bin\/rsent?customerid=10499&amp;lang=en_uk&amp;readid=rspeak_read_30632&amp;url=https%3A%2F%2Fncse.ie%2Fga%2Fwp-json%2Fwp%2Fv2%2Fpages%2F30632\"><br \/>\n        <span class=\"rsbtn_left rsimg rspart\"><span class=\"rsbtn_text\"><span>Listen<\/span><\/span><\/span><br \/>\n        <span class=\"rsbtn_right rsimg rsplay rspart\"><\/span><br \/>\n        <\/a><\/div>\n<div id=\"rspeak_read_30632\"> [vc_row][vc_column][vc_column_text]Is \u00e9 Tairseach Taca\u00edochta Scoile an NCSE an t-ard\u00e1n tr\u00edna bhf\u00e9adfaidh scoileanna iarratas a dh\u00e9anamh chuig an NCSE ar thaca\u00edocht inscoile don fhoireann ioml\u00e1n, do mh\u00fainteoir\u00ed gr\u00fapa agus do mh\u00fainteoir\u00ed aonair. D\u2019fh\u00e9adfadh taca\u00edocht a bheith i bhfoirm taca\u00edochta guth\u00e1in, taca\u00edocht r\u00edomhphoist, f\u00edschomhdh\u00e1lacha agus, in imthosca a cheada\u00edonn comhairle sl\u00e1inte poibl\u00ed, cuairt scoile, n\u00f3 seimine\u00e1r [&hellip;]<\/div>\n","protected":false},"author":5,"featured_media":0,"parent":0,"menu_order":0,"comment_status":"closed","ping_status":"closed","template":"","meta":{"footnotes":""},"class_list":["post-30632","page","type-page","status-publish","hentry"],"_links":{"self":[{"href":"https:\/\/ncse.ie\/ga\/wp-json\/wp\/v2\/pages\/30632","targetHints":{"allow":["GET"]}}],"collection":[{"href":"https:\/\/ncse.ie\/ga\/wp-json\/wp\/v2\/pages"}],"about":[{"href":"https:\/\/ncse.ie\/ga\/wp-json\/wp\/v2\/types\/page"}],"author":[{"embeddable":true,"href":"https:\/\/ncse.ie\/ga\/wp-json\/wp\/v2\/users\/5"}],"replies":[{"embeddable":true,"href":"https:\/\/ncse.ie\/ga\/wp-json\/wp\/v2\/comments?post=30632"}],"version-history":[{"count":12,"href":"https:\/\/ncse.ie\/ga\/wp-json\/wp\/v2\/pages\/30632\/revisions"}],"predecessor-version":[{"id":40378,"href":"https:\/\/ncse.ie\/ga\/wp-json\/wp\/v2\/pages\/30632\/revisions\/40378"}],"wp:attachment":[{"href":"https:\/\/ncse.ie\/ga\/wp-json\/wp\/v2\/media?parent=30632"}],"curies":[{"name":"wp","href":"https:\/\/api.w.org\/{rel}","templated":true}]}}