{"id":30725,"date":"2020-07-02T18:13:13","date_gmt":"2020-07-02T17:13:13","guid":{"rendered":"https:\/\/ncse.ie\/for-schools\/connect-teacher-professional-learning-events-catalogue"},"modified":"2024-02-10T11:40:32","modified_gmt":"2024-02-10T11:40:32","slug":"connect-teacher-professional-learning-events-catalogue","status":"publish","type":"page","link":"https:\/\/ncse.ie\/ga\/connect-teacher-professional-learning-events-catalogue","title":{"rendered":"Catal\u00f3g Imeachta\u00ed Foghlama Gairmi\u00fala M\u00fainteoir\u00ed"},"content":{"rendered":"<!-- RS_MODULE_CODE_2.4.4 --><div id=\"readspeaker_button30725\" class=\"rs_skip rsbtn rs_preserve\"><a class=\"rsbtn_play\" title=\"Listen to this page using ReadSpeaker\" accesskey=\"L\" href=\"\/\/app-eu.readspeaker.com\/cgi-bin\/rsent?customerid=10499&amp;lang=en_uk&amp;readid=rspeak_read_30725&amp;url=https%3A%2F%2Fncse.ie%2Fga%2Fwp-json%2Fwp%2Fv2%2Fpages%2F30725\">\r\n        <span class=\"rsbtn_left rsimg rspart\"><span class=\"rsbtn_text\"><span>Listen<\/span><\/span><\/span>\r\n        <span class=\"rsbtn_right rsimg rsplay rspart\"><\/span>\r\n        <\/a><\/div><div id=\"rspeak_read_30725\"><p>Seans go dt\u00f3gfaidh s\u00e9 c\u00fapla soicind chun catal\u00f3g na n-imeachta\u00ed a lucht\u00fa. Mura l\u00f3d\u00e1lann an chatal\u00f3g, clice\u00e1il ar an nasc don leagan soghluaiste.<\/p>\n<p>T\u00e1 an leagan soghluaiste den chatal\u00f3g ar f\u00e1il <a href=\"https:\/\/ncse.adobeconnect.com\/admin\/show-event-catalog?folder-id=5858033856\">anseo.<\/a><\/p>\n<p><iframe title=\"Ceangal\" src=\"https:\/\/ncse.adobeconnect.com\/admin\/show-event-catalog?folder-id=5858033856\" width=\"1200\" height=\"1500\"><\/iframe><\/p>\n<\/div>","protected":false},"excerpt":{"rendered":"<p><!-- RS_MODULE_CODE_2.4.4 --><\/p>\n<div id=\"readspeaker_button30725\" class=\"rs_skip rsbtn rs_preserve\"><a class=\"rsbtn_play\" title=\"Listen to this page using ReadSpeaker\" accesskey=\"L\" href=\"\/\/app-eu.readspeaker.com\/cgi-bin\/rsent?customerid=10499&amp;lang=en_uk&amp;readid=rspeak_read_30725&amp;url=https%3A%2F%2Fncse.ie%2Fga%2Fwp-json%2Fwp%2Fv2%2Fpages%2F30725\"><br \/>\n        <span class=\"rsbtn_left rsimg rspart\"><span class=\"rsbtn_text\"><span>Listen<\/span><\/span><\/span><br \/>\n        <span class=\"rsbtn_right rsimg rsplay rspart\"><\/span><br \/>\n        <\/a><\/div>\n<div id=\"rspeak_read_30725\"> Seans go dt\u00f3gfaidh s\u00e9 c\u00fapla soicind chun catal\u00f3g na n-imeachta\u00ed a lucht\u00fa. Mura l\u00f3d\u00e1lann an chatal\u00f3g, clice\u00e1il ar an nasc don leagan soghluaiste. T\u00e1 an leagan soghluaiste den chatal\u00f3g ar f\u00e1il anseo.<\/div>\n","protected":false},"author":1,"featured_media":0,"parent":0,"menu_order":0,"comment_status":"closed","ping_status":"closed","template":"","meta":{"footnotes":""},"class_list":["post-30725","page","type-page","status-publish","hentry"],"_links":{"self":[{"href":"https:\/\/ncse.ie\/ga\/wp-json\/wp\/v2\/pages\/30725","targetHints":{"allow":["GET"]}}],"collection":[{"href":"https:\/\/ncse.ie\/ga\/wp-json\/wp\/v2\/pages"}],"about":[{"href":"https:\/\/ncse.ie\/ga\/wp-json\/wp\/v2\/types\/page"}],"author":[{"embeddable":true,"href":"https:\/\/ncse.ie\/ga\/wp-json\/wp\/v2\/users\/1"}],"replies":[{"embeddable":true,"href":"https:\/\/ncse.ie\/ga\/wp-json\/wp\/v2\/comments?post=30725"}],"version-history":[{"count":7,"href":"https:\/\/ncse.ie\/ga\/wp-json\/wp\/v2\/pages\/30725\/revisions"}],"predecessor-version":[{"id":40168,"href":"https:\/\/ncse.ie\/ga\/wp-json\/wp\/v2\/pages\/30725\/revisions\/40168"}],"wp:attachment":[{"href":"https:\/\/ncse.ie\/ga\/wp-json\/wp\/v2\/media?parent=30725"}],"curies":[{"name":"wp","href":"https:\/\/api.w.org\/{rel}","templated":true}]}}