{"id":31065,"date":"2014-10-06T16:48:31","date_gmt":"2014-10-06T15:48:31","guid":{"rendered":"https:\/\/ncse.ie\/reports"},"modified":"2026-04-10T12:35:52","modified_gmt":"2026-04-10T11:35:52","slug":"reports","status":"publish","type":"page","link":"https:\/\/ncse.ie\/ga\/reports","title":{"rendered":"Tuarasc\u00e1lacha"},"content":{"rendered":"<!-- RS_MODULE_CODE_2.4.4 --><div id=\"readspeaker_button31065\" class=\"rs_skip rsbtn rs_preserve\"><a class=\"rsbtn_play\" title=\"Listen to this page using ReadSpeaker\" accesskey=\"L\" href=\"\/\/app-eu.readspeaker.com\/cgi-bin\/rsent?customerid=10499&amp;lang=en_uk&amp;readid=rspeak_read_31065&amp;url=https%3A%2F%2Fncse.ie%2Fga%2Fwp-json%2Fwp%2Fv2%2Fpages%2F31065\">\r\n        <span class=\"rsbtn_left rsimg rspart\"><span class=\"rsbtn_text\"><span>Listen<\/span><\/span><\/span>\r\n        <span class=\"rsbtn_right rsimg rsplay rspart\"><\/span>\r\n        <\/a><\/div><div id=\"rspeak_read_31065\"><p><b>Tuarasc\u00e1lacha sol\u00e1thair r\u00e1ithi\u00fala NCSE maidir le caiteachas le sol\u00e1thraithe de r\u00e9ir Ord\u00fa Ceannaigh os cionn 20,000.<br \/>\n<\/b><br \/>\n<a href=\"https:\/\/ncse.ie\/wp-content\/uploads\/2023\/03\/NCSE_PO_LIST-Q4-2022.pdf\">Orduithe Ceannaigh NCSE os cionn \u20ac20,000 do R\u00e1ithe 4, 2022<\/a><\/p>\n<p><a href=\"https:\/\/ncse.ie\/wp-content\/uploads\/2023\/03\/NCSE_PO_LIST-Q3-2022.pdf\">Orduithe Ceannaigh NCSE os cionn \u20ac20,000 do R\u00e1ithe 3<\/a>,<a href=\"https:\/\/ncse.ie\/wp-content\/uploads\/2023\/03\/NCSE_PO_LIST-Q2-2022.pdf\">2022<\/a><\/p>\n<p><a href=\"https:\/\/ncse.ie\/wp-content\/uploads\/2023\/03\/NCSE_PO_LIST-Q2-2022.pdf\">Orduithe Ceannaigh NCSE os cionn \u20ac20,000 do R\u00e1ithe 2, 2022<\/a><\/p>\n<p><a href=\"https:\/\/ncse.ie\/wp-content\/uploads\/2023\/03\/NCSE_PO_LIST-Q1-2022.pdf\">Orduithe Ceannaigh NCSE os cionn \u20ac20,000 do R\u00e1ithe 1, 2022<\/a><\/p>\n<p><a href=\"https:\/\/ncse.ie\/wp-content\/uploads\/2023\/03\/NCSE_PO_LIST-Q4-2021.pdf\">Orduithe Ceannaigh NCSE os cionn \u20ac20,000 do R\u00e1ithe 4, 2021<\/a><\/p>\n<p><a href=\"https:\/\/ncse.ie\/wp-content\/uploads\/2023\/03\/NCSE_PO_LIST-Q3-2021.pdf\">Orduithe Ceannaigh NCSE os cionn \u20ac20,000 do R\u00e1ithe 3, 2021<\/a><\/p>\n<p><a href=\"https:\/\/ncse.ie\/wp-content\/uploads\/2023\/03\/NCSE_PO_LIST-Q2-2021.pdf\">Orduithe Ceannaigh NCSE os cionn \u20ac20,000 do R\u00e1ithe 2, 2021<\/a><\/p>\n<p><a href=\"https:\/\/ncse.ie\/wp-content\/uploads\/2023\/03\/NCSE_PO_LIST-Q1-2021.pdf\">Orduithe Ceannaigh NCSE os cionn \u20ac20,000 do R\u00e1ithe 1, 2021<\/a><\/p>\n<p><strong>Plean Sol\u00e1thair Corpar\u00e1ideach NCSE<\/strong><\/p>\n<p><a href=\"https:\/\/ncse.ie\/wp-content\/uploads\/2026\/04\/Tuairiscean-um-Ioc-Pras-R1-2026.pdf\">Tuairisce\u00e1n um \u00cdoc Pras R1 2026<\/a><\/p>\n<p><a href=\"https:\/\/ncse.ie\/wp-content\/uploads\/2026\/01\/Tuairiscean-um-Ioc-Pras-R4-2025.pdf\">Tuairisce\u00e1n um \u00cdoc Pras R4 2025<\/a><\/p>\n<p><a href=\"https:\/\/ncse.ie\/wp-content\/uploads\/2025\/10\/Tuairiscean-um-Ioc-Pras-R3-2025-1.pdf\">Tuairisce\u00e1n um \u00cdoc Pras R3 2025<\/a><\/p>\n<p><a href=\"https:\/\/ncse.ie\/wp-content\/uploads\/2025\/07\/Tuairiscean-um-Ioc-Pras-R2-2025.pdf\">Tuairisce\u00e1n um \u00cdoc Pras R2 2025<\/a><\/p>\n<p><a href=\"https:\/\/ncse.ie\/wp-content\/uploads\/2025\/04\/Tuairiscean_um_Ioc_Pras_R1_2025.pdf\">Tuairisce\u00e1n um \u00cdoc Pras R1 2025<\/a><\/p>\n<p><a href=\"https:\/\/ncse.ie\/wp-content\/uploads\/2025\/02\/Tuairiscean-um-Ioc-Pras-R4-2024.pdf\">Tuairisce\u00e1n um \u00cdoc Pras R4 2024<\/a><\/p>\n<p><a href=\"https:\/\/ncse.ie\/wp-content\/uploads\/2025\/02\/Tuairiscean-um-Ioc-Pras-R3-2024.pdf\">Tuairisce\u00e1n um \u00cdoc Pras R3 2024<\/a><\/p>\n<p><a href=\"https:\/\/ncse.ie\/wp-content\/uploads\/2025\/02\/Tuairiscean-um-Ioc-Pras-R2-2024.pdf\">Tuairisce\u00e1n um \u00cdoc Pras R2 2024<\/a><\/p>\n<p><a href=\"https:\/\/ncse.ie\/wp-content\/uploads\/2025\/02\/Tuairiscean-um-Ioc-Pras-R1-2024.pdf\">Tuairisce\u00e1n um \u00cdoc Pras R1 2024<\/a><\/p>\n<p><a href=\"https:\/\/ncse.ie\/wp-content\/uploads\/2025\/02\/Tuairiscean-um-Ioc-Pras-R4-2023.pdf\">Tuairisce\u00e1n um \u00cdoc Pras R4 2023<\/a><\/p>\n<p><a href=\"https:\/\/ncse.ie\/wp-content\/uploads\/2025\/02\/Tuairiscean-um-Ioc-Pras-R3-2023.pdf\">Tuairisce\u00e1n um \u00cdoc Pras R3 2023<\/a><\/p>\n<p><a href=\"https:\/\/ncse.ie\/wp-content\/uploads\/2025\/02\/Tuairiscean-um-Ioc-Pras-R2-2023.pdf\">Tuairisce\u00e1n um \u00cdoc Pras R2 2023<\/a><\/p>\n<p><a href=\"https:\/\/ncse.ie\/wp-content\/uploads\/2025\/02\/Tuairiscean-um-Ioc-Pras-R1-2023.pdf\">Tuairisce\u00e1n um \u00cdoc Pras R1 2023<\/a><\/p>\n<p><a href=\"https:\/\/ncse.ie\/wp-content\/uploads\/2023\/03\/NCSE-Corporate-Procurement-Plan-2019-2022-.pdf\">Plean Sol\u00e1thair Corpar\u00e1ideach 2019-2022<\/a><\/p>\n<p>&nbsp;<\/p>\n<\/div>","protected":false},"excerpt":{"rendered":"<p><!-- RS_MODULE_CODE_2.4.4 --><\/p>\n<div id=\"readspeaker_button31065\" class=\"rs_skip rsbtn rs_preserve\"><a class=\"rsbtn_play\" title=\"Listen to this page using ReadSpeaker\" accesskey=\"L\" href=\"\/\/app-eu.readspeaker.com\/cgi-bin\/rsent?customerid=10499&amp;lang=en_uk&amp;readid=rspeak_read_31065&amp;url=https%3A%2F%2Fncse.ie%2Fga%2Fwp-json%2Fwp%2Fv2%2Fpages%2F31065\"><br \/>\n        <span class=\"rsbtn_left rsimg rspart\"><span class=\"rsbtn_text\"><span>Listen<\/span><\/span><\/span><br \/>\n        <span class=\"rsbtn_right rsimg rsplay rspart\"><\/span><br \/>\n        <\/a><\/div>\n<div id=\"rspeak_read_31065\"> Tuarasc\u00e1lacha sol\u00e1thair r\u00e1ithi\u00fala NCSE maidir le caiteachas le sol\u00e1thraithe de r\u00e9ir Ord\u00fa Ceannaigh os cionn 20,000. Orduithe Ceannaigh NCSE os cionn \u20ac20,000 do R\u00e1ithe 4, 2022 Orduithe Ceannaigh NCSE os cionn \u20ac20,000 do R\u00e1ithe 3,2022 Orduithe Ceannaigh NCSE os cionn \u20ac20,000 do R\u00e1ithe 2, 2022 Orduithe Ceannaigh NCSE os cionn \u20ac20,000 do R\u00e1ithe 1, [&hellip;]<\/div>\n","protected":false},"author":1,"featured_media":0,"parent":0,"menu_order":0,"comment_status":"open","ping_status":"open","template":"","meta":{"footnotes":""},"class_list":["post-31065","page","type-page","status-publish","hentry"],"_links":{"self":[{"href":"https:\/\/ncse.ie\/ga\/wp-json\/wp\/v2\/pages\/31065","targetHints":{"allow":["GET"]}}],"collection":[{"href":"https:\/\/ncse.ie\/ga\/wp-json\/wp\/v2\/pages"}],"about":[{"href":"https:\/\/ncse.ie\/ga\/wp-json\/wp\/v2\/types\/page"}],"author":[{"embeddable":true,"href":"https:\/\/ncse.ie\/ga\/wp-json\/wp\/v2\/users\/1"}],"replies":[{"embeddable":true,"href":"https:\/\/ncse.ie\/ga\/wp-json\/wp\/v2\/comments?post=31065"}],"version-history":[{"count":32,"href":"https:\/\/ncse.ie\/ga\/wp-json\/wp\/v2\/pages\/31065\/revisions"}],"predecessor-version":[{"id":59349,"href":"https:\/\/ncse.ie\/ga\/wp-json\/wp\/v2\/pages\/31065\/revisions\/59349"}],"wp:attachment":[{"href":"https:\/\/ncse.ie\/ga\/wp-json\/wp\/v2\/media?parent=31065"}],"curies":[{"name":"wp","href":"https:\/\/api.w.org\/{rel}","templated":true}]}}