{"id":31155,"date":"2021-01-08T20:36:54","date_gmt":"2021-01-08T20:36:54","guid":{"rendered":"https:\/\/ncse.ie\/remote-teaching-and-learning-support-for-parents-january-2021"},"modified":"2024-02-10T14:31:13","modified_gmt":"2024-02-10T14:31:13","slug":"remote-teaching-and-learning-support-for-parents-january-2021","status":"publish","type":"page","link":"https:\/\/ncse.ie\/ga\/remote-teaching-and-learning-support-for-parents-january-2021","title":{"rendered":"Teagasc agus Foghlaim Chianda &#8211; Taca\u00edocht do Thuismitheoir\u00ed \u2013 Ean\u00e1ir 2021"},"content":{"rendered":"<div class=\"wpb-content-wrapper\"><!-- RS_MODULE_CODE_2.4.4 --><div id=\"readspeaker_button31155\" class=\"rs_skip rsbtn rs_preserve\"><a class=\"rsbtn_play\" title=\"Listen to this page using ReadSpeaker\" accesskey=\"L\" href=\"\/\/app-eu.readspeaker.com\/cgi-bin\/rsent?customerid=10499&amp;lang=en_uk&amp;readid=rspeak_read_31155&amp;url=https%3A%2F%2Fncse.ie%2Fga%2Fwp-json%2Fwp%2Fv2%2Fpages%2F31155\">\r\n        <span class=\"rsbtn_left rsimg rspart\"><span class=\"rsbtn_text\"><span>Listen<\/span><\/span><\/span>\r\n        <span class=\"rsbtn_right rsimg rsplay rspart\"><\/span>\r\n        <\/a><\/div><div id=\"rspeak_read_31155\"><p>[vc_row][vc_column][vc_column_text]M\u00e1 theasta\u00edonn aon chomhairle n\u00f3 taca\u00edocht uait, t\u00e1 l\u00edne theileaf\u00f3in tiomnaithe ag \u00e1r SENO ar 01 603 3456 (9am-5pm, Luan go hAoine).<\/p>\n<p>Glaoigh orainn anois agus is f\u00e9idir linn acmhainn\u00ed ar leith a mholadh, cabhr\u00fa leat i nd\u00e1il le teicneola\u00edocht ch\u00fanta, n\u00f3 le nascadh a dh\u00e9anamh le scoil do linbh. Is f\u00e9idir leat coinne aonair a chur in \u00e1irithe freisin leis an SENO at\u00e1 sannta don scoil ina bhfuil do leanbh.<\/p>\n<p>M\u00e1 t\u00e1 do leanbh dall\/lagamhairc n\u00f3 bodhar\/faoi alla\u00edre agus taca\u00edocht faoi l\u00e1thair ag \u00e1r <a href=\"https:\/\/ncse.ie\/ga\/vt_contact_details\"><strong>m\u00fainteoir\u00ed cuairte<\/strong><\/a>, beidh siad i dteagmh\u00e1il le cabhr\u00fa le haon cheisteanna n\u00f3 imn\u00ed.<\/p>\n<p>M\u00e1 t\u00e1 do leanbh ag tos\u00fa amach sa bhunscoil i Me\u00e1n F\u00f3mhair 2021, d\u00e9an teagmh\u00e1il le do SENO \u00e1iti\u00fail chun bualadh isteach ar cheann d\u00e1r seimine\u00e1ir gr\u00e9as\u00e1in.<\/p>\n<p>T\u00e1 raon leathan <a href=\"https:\/\/ncse.ie\/ga\/parent-resources\"><strong>acmhainn\u00ed<\/strong> <strong>ar l\u00edne<\/strong><\/a> againn agus sraith f\u00edse\u00e1n th\u00edos do thuismitheoir\u00ed ina bhfuil comhairle ar f\u00e1il ar conas is fearr tac\u00fa le do leanbh foghlaim sa bhaile, le sosanna gluaiseachta, leis an m\u00ed-iompar a bhainisti\u00fa, chomh maith le h\u00e1bhair eile.[\/vc_column_text][\/vc_column][\/vc_row][vc_row][vc_column][vc_raw_html]JTNDZGl2JTIwc3R5bGUlM0QlMjJwYWRkaW5nJTNBNTYuMjUlMjUlMjAwJTIwMCUyMDAlM0Jwb3NpdGlvbiUzQXJlbGF0aXZlJTNCJTIyJTNFJTNDaWZyYW1lJTIwc3JjJTNEJTIyaHR0cHMlM0ElMkYlMkZ3d3cueW91dHViZS5jb20lMkZlbWJlZCUyRjVjdHVYTWlkLVdnJTNGY29udHJvbHMlM0QxJTI2cmVsJTNEMCUyNm1vZGVzdGJyYW5kaW5nJTNEMSUyMiUyMHN0eWxlJTNEJTIycG9zaXRpb24lM0FhYnNvbHV0ZSUzQnRvcCUzQTAlM0JsZWZ0JTNBMCUzQndpZHRoJTNBMTAwJTI1JTNCaGVpZ2h0JTNBMTAwJTI1JTNCJTIyJTIwZnJhbWVib3JkZXIlM0QlMjIwJTIyJTIwYWxsb3clM0QlMjJhdXRvcGxheSUzQiUyMGZ1bGxzY3JlZW4lMjIlMjBhbGxvd2Z1bGxzY3JlZW4lM0UlM0MlMkZpZnJhbWUlM0UlM0MlMkZkaXYlM0U=[\/vc_raw_html][vc_column_text]<\/p>\n<p class=\"title style-scope ytd-video-primary-info-renderer\" style=\"text-align: center;\">Taca\u00edocht do Thuismitheoir\u00ed, Teagasc agus Foghlaim Chianda<\/p>\n<p>[\/vc_column_text][\/vc_column][\/vc_row][vc_row][vc_column width=&#8221;1\/2&#8243;][vc_raw_html]JTNDZGl2JTIwc3R5bGUlM0QlMjJwYWRkaW5nJTNBNTYuMjUlMjUlMjAwJTIwMCUyMDAlM0Jwb3NpdGlvbiUzQXJlbGF0aXZlJTNCJTIyJTNFJTNDaWZyYW1lJTIwc3JjJTNEJTIyaHR0cHMlM0ElMkYlMkZ3d3cueW91dHViZS5jb20lMkZlbWJlZCUyRlp3cnRKNkhRNDRjJTNGY29udHJvbHMlM0QxJTI2cmVsJTNEMCUyNm1vZGVzdGJyYW5kaW5nJTNEMSUyMiUyMHN0eWxlJTNEJTIycG9zaXRpb24lM0FhYnNvbHV0ZSUzQnRvcCUzQTAlM0JsZWZ0JTNBMCUzQndpZHRoJTNBMTAwJTI1JTNCaGVpZ2h0JTNBMTAwJTI1JTNCJTIyJTIwZnJhbWVib3JkZXIlM0QlMjIwJTIyJTIwYWxsb3clM0QlMjJhdXRvcGxheSUzQiUyMGZ1bGxzY3JlZW4lMjIlMjBhbGxvd2Z1bGxzY3JlZW4lM0UlM0MlMkZpZnJhbWUlM0UlM0MlMkZkaXYlM0U=[\/vc_raw_html][vc_column_text]<\/p>\n<p class=\"title style-scope ytd-video-primary-info-renderer\" style=\"text-align: center;\">F\u00edse\u00e1n 1 &#8211; Sceidil Amhairc<\/p>\n<p>[\/vc_column_text][\/vc_column][vc_column width=&#8221;1\/2&#8243;][vc_raw_html]JTNDZGl2JTIwc3R5bGUlM0QlMjJwYWRkaW5nJTNBNTYuMjUlMjUlMjAwJTIwMCUyMDAlM0Jwb3NpdGlvbiUzQXJlbGF0aXZlJTNCJTIyJTNFJTNDaWZyYW1lJTIwc3JjJTNEJTIyaHR0cHMlM0ElMkYlMkZ3d3cueW91dHViZS5jb20lMkZlbWJlZCUyRk5WSXF1bUxPNTZzJTNGY29udHJvbHMlM0QxJTI2cmVsJTNEMCUyNm1vZGVzdGJyYW5kaW5nJTNEMSUyMiUyMHN0eWxlJTNEJTIycG9zaXRpb24lM0FhYnNvbHV0ZSUzQnRvcCUzQTAlM0JsZWZ0JTNBMCUzQndpZHRoJTNBMTAwJTI1JTNCaGVpZ2h0JTNBMTAwJTI1JTNCJTIyJTIwZnJhbWVib3JkZXIlM0QlMjIwJTIyJTIwYWxsb3clM0QlMjJhdXRvcGxheSUzQiUyMGZ1bGxzY3JlZW4lMjIlMjBhbGxvd2Z1bGxzY3JlZW4lM0UlM0MlMkZpZnJhbWUlM0UlM0MlMkZkaXYlM0U=[\/vc_raw_html][vc_column_text]<\/p>\n<p class=\"title style-scope ytd-video-primary-info-renderer\" style=\"text-align: center;\">F\u00edse\u00e1n 2 &#8211; Ag Freagairt don Mh\u00ed-Iompar Deacair sa Bhaile<\/p>\n<p>[\/vc_column_text][\/vc_column][\/vc_row][vc_row][vc_column width=&#8221;1\/2&#8243;][vc_raw_html]JTNDZGl2JTIwc3R5bGUlM0QlMjJwYWRkaW5nJTNBNTYuMjUlMjUlMjAwJTIwMCUyMDAlM0Jwb3NpdGlvbiUzQXJlbGF0aXZlJTNCJTIyJTNFJTNDaWZyYW1lJTIwc3JjJTNEJTIyaHR0cHMlM0ElMkYlMkZ3d3cueW91dHViZS5jb20lMkZlbWJlZCUyRmlzSjdRRkV1OEdzJTNGY29udHJvbHMlM0QxJTI2cmVsJTNEMCUyNm1vZGVzdGJyYW5kaW5nJTNEMSUyMiUyMHN0eWxlJTNEJTIycG9zaXRpb24lM0FhYnNvbHV0ZSUzQnRvcCUzQTAlM0JsZWZ0JTNBMCUzQndpZHRoJTNBMTAwJTI1JTNCaGVpZ2h0JTNBMTAwJTI1JTNCJTIyJTIwZnJhbWVib3JkZXIlM0QlMjIwJTIyJTIwYWxsb3clM0QlMjJhdXRvcGxheSUzQiUyMGZ1bGxzY3JlZW4lMjIlMjBhbGxvd2Z1bGxzY3JlZW4lM0UlM0MlMkZpZnJhbWUlM0UlM0MlMkZkaXYlM0U=[\/vc_raw_html][vc_column_text]<\/p>\n<p class=\"title style-scope ytd-video-primary-info-renderer\" style=\"text-align: center;\">F\u00edse\u00e1n 3 &#8211; An Chorpghluaiseacht a \u00das\u00e1id chun Cuidi\u00fa leis an bhFoghlaim<\/p>\n<p>[\/vc_column_text][\/vc_column][vc_column width=&#8221;1\/2&#8243;][vc_raw_html]JTNDZGl2JTIwc3R5bGUlM0QlMjJwYWRkaW5nJTNBNTYuMjUlMjUlMjAwJTIwMCUyMDAlM0Jwb3NpdGlvbiUzQXJlbGF0aXZlJTNCJTIyJTNFJTNDaWZyYW1lJTIwc3JjJTNEJTIyaHR0cHMlM0ElMkYlMkZ3d3cueW91dHViZS5jb20lMkZlbWJlZCUyRlFSdnRTanUxTDNzJTNGY29udHJvbHMlM0QxJTI2cmVsJTNEMCUyNm1vZGVzdGJyYW5kaW5nJTNEMSUyMiUyMHN0eWxlJTNEJTIycG9zaXRpb24lM0FhYnNvbHV0ZSUzQnRvcCUzQTAlM0JsZWZ0JTNBMCUzQndpZHRoJTNBMTAwJTI1JTNCaGVpZ2h0JTNBMTAwJTI1JTNCJTIyJTIwZnJhbWVib3JkZXIlM0QlMjIwJTIyJTIwYWxsb3clM0QlMjJhdXRvcGxheSUzQiUyMGZ1bGxzY3JlZW4lMjIlMjBhbGxvd2Z1bGxzY3JlZW4lM0UlM0MlMkZpZnJhbWUlM0UlM0MlMkZkaXYlM0U=[\/vc_raw_html][vc_column_text]<\/p>\n<p class=\"title style-scope ytd-video-primary-info-renderer\" style=\"text-align: center;\">F\u00edse\u00e1n 4 &#8211; Taca\u00edochta\u00ed M\u00fainteoir\u00ed Cuarta\u00edochta<\/p>\n<p>[\/vc_column_text][\/vc_column][\/vc_row][vc_row][vc_column width=&#8221;1\/2&#8243;][vc_raw_html]JTNDZGl2JTIwc3R5bGUlM0QlMjJwYWRkaW5nJTNBNTYuMjUlMjUlMjAwJTIwMCUyMDAlM0Jwb3NpdGlvbiUzQXJlbGF0aXZlJTNCJTIyJTNFJTNDaWZyYW1lJTIwc3JjJTNEJTIyaHR0cHMlM0ElMkYlMkZ3d3cueW91dHViZS5jb20lMkZlbWJlZCUyRnRrUEJuaDFlT1JnJTNGY29udHJvbHMlM0QxJTI2cmVsJTNEMCUyNm1vZGVzdGJyYW5kaW5nJTNEMSUyMiUyMHN0eWxlJTNEJTIycG9zaXRpb24lM0FhYnNvbHV0ZSUzQnRvcCUzQTAlM0JsZWZ0JTNBMCUzQndpZHRoJTNBMTAwJTI1JTNCaGVpZ2h0JTNBMTAwJTI1JTNCJTIyJTIwZnJhbWVib3JkZXIlM0QlMjIwJTIyJTIwYWxsb3clM0QlMjJhdXRvcGxheSUzQiUyMGZ1bGxzY3JlZW4lMjIlMjBhbGxvd2Z1bGxzY3JlZW4lM0UlM0MlMkZpZnJhbWUlM0UlM0MlMkZkaXYlM0U=[\/vc_raw_html][vc_column_text]<\/p>\n<p class=\"title style-scope ytd-video-primary-info-renderer\" style=\"text-align: center;\">F\u00edse\u00e1n 5 &#8211; Th\u00e9imis ag si\u00fal!<\/p>\n<p>[\/vc_column_text][\/vc_column][vc_column width=&#8221;1\/2&#8243;][vc_raw_html]JTNDZGl2JTIwc3R5bGUlM0QlMjJwYWRkaW5nJTNBNTYuMjUlMjUlMjAwJTIwMCUyMDAlM0Jwb3NpdGlvbiUzQXJlbGF0aXZlJTNCJTIyJTNFJTNDaWZyYW1lJTIwc3JjJTNEJTIyaHR0cHMlM0ElMkYlMkZ3d3cueW91dHViZS5jb20lMkZlbWJlZCUyRlQxd3lDOGlXSkgwJTNGY29udHJvbHMlM0QxJTI2cmVsJTNEMCUyNm1vZGVzdGJyYW5kaW5nJTNEMSUyMiUyMHN0eWxlJTNEJTIycG9zaXRpb24lM0FhYnNvbHV0ZSUzQnRvcCUzQTAlM0JsZWZ0JTNBMCUzQndpZHRoJTNBMTAwJTI1JTNCaGVpZ2h0JTNBMTAwJTI1JTNCJTIyJTIwZnJhbWVib3JkZXIlM0QlMjIwJTIyJTIwYWxsb3clM0QlMjJhdXRvcGxheSUzQiUyMGZ1bGxzY3JlZW4lMjIlMjBhbGxvd2Z1bGxzY3JlZW4lM0UlM0MlMkZpZnJhbWUlM0UlM0MlMkZkaXYlM0U=[\/vc_raw_html][vc_column_text]<\/p>\n<p class=\"title style-scope ytd-video-primary-info-renderer\" style=\"text-align: center;\">F\u00edse\u00e1n 6 &#8211; An M\u00ed-Iompar sa Bhaile a Bhainisti\u00fa (1 de 4) &#8211; An C\u00f3d a Bhriseadh<\/p>\n<p>[\/vc_column_text][\/vc_column][\/vc_row][vc_row][vc_column width=&#8221;1\/2&#8243;][vc_raw_html]JTNDZGl2JTIwc3R5bGUlM0QlMjJwYWRkaW5nJTNBNTYuMjUlMjUlMjAwJTIwMCUyMDAlM0Jwb3NpdGlvbiUzQXJlbGF0aXZlJTNCJTIyJTNFJTNDaWZyYW1lJTIwc3JjJTNEJTIyaHR0cHMlM0ElMkYlMkZ3d3cueW91dHViZS5jb20lMkZlbWJlZCUyRkczWFBzU2FWX1l3JTNGY29udHJvbHMlM0QxJTI2cmVsJTNEMCUyNm1vZGVzdGJyYW5kaW5nJTNEMSUyMiUyMHN0eWxlJTNEJTIycG9zaXRpb24lM0FhYnNvbHV0ZSUzQnRvcCUzQTAlM0JsZWZ0JTNBMCUzQndpZHRoJTNBMTAwJTI1JTNCaGVpZ2h0JTNBMTAwJTI1JTNCJTIyJTIwZnJhbWVib3JkZXIlM0QlMjIwJTIyJTIwYWxsb3clM0QlMjJhdXRvcGxheSUzQiUyMGZ1bGxzY3JlZW4lMjIlMjBhbGxvd2Z1bGxzY3JlZW4lM0UlM0MlMkZpZnJhbWUlM0UlM0MlMkZkaXYlM0U=[\/vc_raw_html][vc_column_text]<\/p>\n<p class=\"title style-scope ytd-video-primary-info-renderer\" style=\"text-align: center;\">F\u00edse\u00e1n 7 &#8211; An M\u00ed-Iompar sa Bhaile a Bhainisti\u00fa (2 de 4) &#8211; Strait\u00e9is\u00ed chun tac\u00fa le do leanbh<\/p>\n<p>[\/vc_column_text][\/vc_column][vc_column width=&#8221;1\/2&#8243;][vc_raw_html]JTNDZGl2JTIwc3R5bGUlM0QlMjJwYWRkaW5nJTNBNTYuMjUlMjUlMjAwJTIwMCUyMDAlM0Jwb3NpdGlvbiUzQXJlbGF0aXZlJTNCJTIyJTNFJTNDaWZyYW1lJTIwc3JjJTNEJTIyaHR0cHMlM0ElMkYlMkZ3d3cueW91dHViZS5jb20lMkZlbWJlZCUyRk5mUjZrdFE1R1dvJTNGY29udHJvbHMlM0QxJTI2cmVsJTNEMCUyNm1vZGVzdGJyYW5kaW5nJTNEMSUyMiUyMHN0eWxlJTNEJTIycG9zaXRpb24lM0FhYnNvbHV0ZSUzQnRvcCUzQTAlM0JsZWZ0JTNBMCUzQndpZHRoJTNBMTAwJTI1JTNCaGVpZ2h0JTNBMTAwJTI1JTNCJTIyJTIwZnJhbWVib3JkZXIlM0QlMjIwJTIyJTIwYWxsb3clM0QlMjJhdXRvcGxheSUzQiUyMGZ1bGxzY3JlZW4lMjIlMjBhbGxvd2Z1bGxzY3JlZW4lM0UlM0MlMkZpZnJhbWUlM0UlM0MlMkZkaXYlM0U=[\/vc_raw_html][vc_column_text]<\/p>\n<p class=\"title style-scope ytd-video-primary-info-renderer\" style=\"text-align: center;\">F\u00edse\u00e1n 8 &#8211; An M\u00ed-Iompar sa Bhaile a Bhainisti\u00fa (3 de 4) &#8211; Strait\u00e9is\u00ed chun tac\u00fa le cumars\u00e1id<\/p>\n<p>[\/vc_column_text][\/vc_column][\/vc_row][vc_row][vc_column width=&#8221;1\/2&#8243;][vc_raw_html]JTNDZGl2JTIwc3R5bGUlM0QlMjJwYWRkaW5nJTNBNTYuMjUlMjUlMjAwJTIwMCUyMDAlM0Jwb3NpdGlvbiUzQXJlbGF0aXZlJTNCJTIyJTNFJTNDaWZyYW1lJTIwc3JjJTNEJTIyaHR0cHMlM0ElMkYlMkZ3d3cueW91dHViZS5jb20lMkZlbWJlZCUyRnpNTWJERHNZX0ZrJTNGY29udHJvbHMlM0QxJTI2cmVsJTNEMCUyNm1vZGVzdGJyYW5kaW5nJTNEMSUyMiUyMHN0eWxlJTNEJTIycG9zaXRpb24lM0FhYnNvbHV0ZSUzQnRvcCUzQTAlM0JsZWZ0JTNBMCUzQndpZHRoJTNBMTAwJTI1JTNCaGVpZ2h0JTNBMTAwJTI1JTNCJTIyJTIwZnJhbWVib3JkZXIlM0QlMjIwJTIyJTIwYWxsb3clM0QlMjJhdXRvcGxheSUzQiUyMGZ1bGxzY3JlZW4lMjIlMjBhbGxvd2Z1bGxzY3JlZW4lM0UlM0MlMkZpZnJhbWUlM0UlM0MlMkZkaXYlM0U=[\/vc_raw_html][vc_column_text]<\/p>\n<p class=\"title style-scope ytd-video-primary-info-renderer\" style=\"text-align: center;\">F\u00edse\u00e1n 9 &#8211; An M\u00ed-Iompar sa Bhaile a Bhainisti\u00fa (4 de 4) &#8211; Strait\u00e9is\u00ed chun tac\u00fa leis an spreagadh agus an rannph\u00e1irt\u00edocht<\/p>\n<p>[\/vc_column_text][\/vc_column][vc_column width=&#8221;1\/2&#8243;][vc_raw_html]JTNDZGl2JTIwc3R5bGUlM0QlMjJwYWRkaW5nJTNBNTYuMjUlMjUlMjAwJTIwMCUyMDAlM0Jwb3NpdGlvbiUzQXJlbGF0aXZlJTNCJTIyJTNFJTNDaWZyYW1lJTIwc3JjJTNEJTIyaHR0cHMlM0ElMkYlMkZ3d3cueW91dHViZS5jb20lMkZlbWJlZCUyRlZSQkhTVUJXV3pvJTNGY29udHJvbHMlM0QxJTI2cmVsJTNEMCUyNm1vZGVzdGJyYW5kaW5nJTNEMSUyMiUyMHN0eWxlJTNEJTIycG9zaXRpb24lM0FhYnNvbHV0ZSUzQnRvcCUzQTAlM0JsZWZ0JTNBMCUzQndpZHRoJTNBMTAwJTI1JTNCaGVpZ2h0JTNBMTAwJTI1JTNCJTIyJTIwZnJhbWVib3JkZXIlM0QlMjIwJTIyJTIwYWxsb3clM0QlMjJhdXRvcGxheSUzQiUyMGZ1bGxzY3JlZW4lMjIlMjBhbGxvd2Z1bGxzY3JlZW4lM0UlM0MlMkZpZnJhbWUlM0UlM0MlMkZkaXYlM0U=[\/vc_raw_html][vc_column_text]<\/p>\n<p class=\"title style-scope ytd-video-primary-info-renderer\" style=\"text-align: center;\">F\u00edse\u00e1n 10 &#8211; An M\u00ed-Iompar sa Bhaile a Bhainisti\u00fa, Strait\u00e9is\u00ed chun Tac\u00fa le Do Ph\u00e1iste (Athghabh\u00e1ltais)<\/p>\n<p>[\/vc_column_text][\/vc_column][\/vc_row][vc_row][vc_column width=&#8221;1\/2&#8243;][vc_raw_html]JTNDZGl2JTIwc3R5bGUlM0QlMjJwYWRkaW5nJTNBNTYuMjUlMjUlMjAwJTIwMCUyMDAlM0Jwb3NpdGlvbiUzQXJlbGF0aXZlJTNCJTIyJTNFJTNDaWZyYW1lJTIwc3JjJTNEJTIyaHR0cHMlM0ElMkYlMkZ3d3cueW91dHViZS5jb20lMkZlbWJlZCUyRlVXV0dOMnRoaVAwJTNGY29udHJvbHMlM0QxJTI2cmVsJTNEMCUyNm1vZGVzdGJyYW5kaW5nJTNEMSUyMiUyMHN0eWxlJTNEJTIycG9zaXRpb24lM0FhYnNvbHV0ZSUzQnRvcCUzQTAlM0JsZWZ0JTNBMCUzQndpZHRoJTNBMTAwJTI1JTNCaGVpZ2h0JTNBMTAwJTI1JTNCJTIyJTIwZnJhbWVib3JkZXIlM0QlMjIwJTIyJTIwYWxsb3clM0QlMjJhdXRvcGxheSUzQiUyMGZ1bGxzY3JlZW4lMjIlMjBhbGxvd2Z1bGxzY3JlZW4lM0UlM0MlMkZpZnJhbWUlM0UlM0MlMkZkaXYlM0U=[\/vc_raw_html][vc_column_text]<\/p>\n<p class=\"title style-scope ytd-video-primary-info-renderer\" style=\"text-align: center;\">F\u00edse\u00e1n 11 &#8211; Sc\u00e9alta faoi na C\u00e9adfa\u00ed<\/p>\n<p>[\/vc_column_text][\/vc_column][vc_column width=&#8221;1\/2&#8243;][vc_raw_html]JTNDZGl2JTIwc3R5bGUlM0QlMjJwYWRkaW5nJTNBNTYuMjUlMjUlMjAwJTIwMCUyMDAlM0Jwb3NpdGlvbiUzQXJlbGF0aXZlJTNCJTIyJTNFJTNDaWZyYW1lJTIwc3JjJTNEJTIyaHR0cHMlM0ElMkYlMkZ3d3cueW91dHViZS5jb20lMkZlbWJlZCUyRkotR3JiQnZlb1RnJTNGY29udHJvbHMlM0QxJTI2cmVsJTNEMCUyNm1vZGVzdGJyYW5kaW5nJTNEMSUyMiUyMHN0eWxlJTNEJTIycG9zaXRpb24lM0FhYnNvbHV0ZSUzQnRvcCUzQTAlM0JsZWZ0JTNBMCUzQndpZHRoJTNBMTAwJTI1JTNCaGVpZ2h0JTNBMTAwJTI1JTNCJTIyJTIwZnJhbWVib3JkZXIlM0QlMjIwJTIyJTIwYWxsb3clM0QlMjJhdXRvcGxheSUzQiUyMGZ1bGxzY3JlZW4lMjIlMjBhbGxvd2Z1bGxzY3JlZW4lM0UlM0MlMkZpZnJhbWUlM0UlM0MlMkZkaXYlM0U=[\/vc_raw_html][vc_column_text]<\/p>\n<p class=\"title style-scope ytd-video-primary-info-renderer\" style=\"text-align: center;\">F\u00edse\u00e1n 12 &#8211; Aistri\u00fa<\/p>\n<p>[\/vc_column_text][\/vc_column][\/vc_row][vc_row][vc_column width=&#8221;1\/2&#8243;][vc_raw_html]JTNDZGl2JTIwc3R5bGUlM0QlMjJwYWRkaW5nJTNBNTYuMjUlMjUlMjAwJTIwMCUyMDAlM0Jwb3NpdGlvbiUzQXJlbGF0aXZlJTNCJTIyJTNFJTNDaWZyYW1lJTIwc3JjJTNEJTIyaHR0cHMlM0ElMkYlMkZ3d3cueW91dHViZS5jb20lMkZlbWJlZCUyRmR4MXZ3Z2hIV3BJJTNGY29udHJvbHMlM0QxJTI2cmVsJTNEMCUyNm1vZGVzdGJyYW5kaW5nJTNEMSUyMiUyMHN0eWxlJTNEJTIycG9zaXRpb24lM0FhYnNvbHV0ZSUzQnRvcCUzQTAlM0JsZWZ0JTNBMCUzQndpZHRoJTNBMTAwJTI1JTNCaGVpZ2h0JTNBMTAwJTI1JTNCJTIyJTIwZnJhbWVib3JkZXIlM0QlMjIwJTIyJTIwYWxsb3clM0QlMjJhdXRvcGxheSUzQiUyMGZ1bGxzY3JlZW4lMjIlMjBhbGxvd2Z1bGxzY3JlZW4lM0UlM0MlMkZpZnJhbWUlM0UlM0MlMkZkaXYlM0U=[\/vc_raw_html][vc_column_text]<\/p>\n<p class=\"title style-scope ytd-video-primary-info-renderer\" style=\"text-align: center;\">F\u00edse\u00e1n 13 &#8211; Sp\u00e1sanna Deasa Ci\u00fain a Chruth\u00fa sa bhaile<\/p>\n<p>[\/vc_column_text][\/vc_column][vc_column width=&#8221;1\/2&#8243;][vc_raw_html]JTNDZGl2JTIwc3R5bGUlM0QlMjJwYWRkaW5nJTNBNTYuMjUlMjUlMjAwJTIwMCUyMDAlM0Jwb3NpdGlvbiUzQXJlbGF0aXZlJTNCJTIyJTNFJTNDaWZyYW1lJTIwc3JjJTNEJTIyaHR0cHMlM0ElMkYlMkZ3d3cueW91dHViZS5jb20lMkZlbWJlZCUyRm1jWWxfbFR3ZWxNJTNGY29udHJvbHMlM0QxJTI2cmVsJTNEMCUyNm1vZGVzdGJyYW5kaW5nJTNEMSUyMiUyMHN0eWxlJTNEJTIycG9zaXRpb24lM0FhYnNvbHV0ZSUzQnRvcCUzQTAlM0JsZWZ0JTNBMCUzQndpZHRoJTNBMTAwJTI1JTNCaGVpZ2h0JTNBMTAwJTI1JTNCJTIyJTIwZnJhbWVib3JkZXIlM0QlMjIwJTIyJTIwYWxsb3clM0QlMjJhdXRvcGxheSUzQiUyMGZ1bGxzY3JlZW4lMjIlMjBhbGxvd2Z1bGxzY3JlZW4lM0UlM0MlMkZpZnJhbWUlM0UlM0MlMkZkaXYlM0U=[\/vc_raw_html][vc_column_text]<\/p>\n<p class=\"title style-scope ytd-video-primary-info-renderer\" style=\"text-align: center;\">F\u00edse\u00e1n 14 &#8211; Comhr\u00e1 a dh\u00e9anamh agus sc\u00e9alta a insint sa bhaile<\/p>\n<p>[\/vc_column_text][\/vc_column][\/vc_row]<\/p>\n<\/div><\/div>","protected":false},"excerpt":{"rendered":"<p><!-- RS_MODULE_CODE_2.4.4 --><\/p>\n<div id=\"readspeaker_button31155\" class=\"rs_skip rsbtn rs_preserve\"><a class=\"rsbtn_play\" title=\"Listen to this page using ReadSpeaker\" accesskey=\"L\" href=\"\/\/app-eu.readspeaker.com\/cgi-bin\/rsent?customerid=10499&amp;lang=en_uk&amp;readid=rspeak_read_31155&amp;url=https%3A%2F%2Fncse.ie%2Fga%2Fwp-json%2Fwp%2Fv2%2Fpages%2F31155\"><br \/>\n        <span class=\"rsbtn_left rsimg rspart\"><span class=\"rsbtn_text\"><span>Listen<\/span><\/span><\/span><br \/>\n        <span class=\"rsbtn_right rsimg rsplay rspart\"><\/span><br \/>\n        <\/a><\/div>\n<div id=\"rspeak_read_31155\"> [vc_row][vc_column][vc_column_text]M\u00e1 theasta\u00edonn aon chomhairle n\u00f3 taca\u00edocht uait, t\u00e1 l\u00edne theileaf\u00f3in tiomnaithe ag \u00e1r SENO ar 01 603 3456 (9am-5pm, Luan go hAoine). Glaoigh orainn anois agus is f\u00e9idir linn acmhainn\u00ed ar leith a mholadh, cabhr\u00fa leat i nd\u00e1il le teicneola\u00edocht ch\u00fanta, n\u00f3 le nascadh a dh\u00e9anamh le scoil do linbh. Is f\u00e9idir leat coinne [&hellip;]<\/div>\n","protected":false},"author":5,"featured_media":0,"parent":0,"menu_order":0,"comment_status":"closed","ping_status":"closed","template":"","meta":{"footnotes":""},"class_list":["post-31155","page","type-page","status-publish","hentry"],"_links":{"self":[{"href":"https:\/\/ncse.ie\/ga\/wp-json\/wp\/v2\/pages\/31155","targetHints":{"allow":["GET"]}}],"collection":[{"href":"https:\/\/ncse.ie\/ga\/wp-json\/wp\/v2\/pages"}],"about":[{"href":"https:\/\/ncse.ie\/ga\/wp-json\/wp\/v2\/types\/page"}],"author":[{"embeddable":true,"href":"https:\/\/ncse.ie\/ga\/wp-json\/wp\/v2\/users\/5"}],"replies":[{"embeddable":true,"href":"https:\/\/ncse.ie\/ga\/wp-json\/wp\/v2\/comments?post=31155"}],"version-history":[{"count":8,"href":"https:\/\/ncse.ie\/ga\/wp-json\/wp\/v2\/pages\/31155\/revisions"}],"predecessor-version":[{"id":40387,"href":"https:\/\/ncse.ie\/ga\/wp-json\/wp\/v2\/pages\/31155\/revisions\/40387"}],"wp:attachment":[{"href":"https:\/\/ncse.ie\/ga\/wp-json\/wp\/v2\/media?parent=31155"}],"curies":[{"name":"wp","href":"https:\/\/api.w.org\/{rel}","templated":true}]}}