{"id":31244,"date":"2020-04-20T18:52:48","date_gmt":"2020-04-20T17:52:48","guid":{"rendered":"https:\/\/ncse.ie\/teacher-post-primary-occupational-therapy-support"},"modified":"2024-02-10T11:19:38","modified_gmt":"2024-02-10T11:19:38","slug":"teacher-post-primary-occupational-therapy-support","status":"publish","type":"page","link":"https:\/\/ncse.ie\/ga\/teacher-post-primary-occupational-therapy-support","title":{"rendered":"Acmhainn\u00ed i nd\u00e1il le \u2018Taca\u00edocht Teiripe Saothair\u2019 don mh\u00fainteoir at\u00e1 ag m\u00fanadh leana\u00ed in Iarbhunscoil"},"content":{"rendered":"<!-- RS_MODULE_CODE_2.4.4 --><div id=\"readspeaker_button31244\" class=\"rs_skip rsbtn rs_preserve\"><a class=\"rsbtn_play\" title=\"Listen to this page using ReadSpeaker\" accesskey=\"L\" href=\"\/\/app-eu.readspeaker.com\/cgi-bin\/rsent?customerid=10499&amp;lang=en_uk&amp;readid=rspeak_read_31244&amp;url=https%3A%2F%2Fncse.ie%2Fga%2Fwp-json%2Fwp%2Fv2%2Fpages%2F31244\">\r\n        <span class=\"rsbtn_left rsimg rspart\"><span class=\"rsbtn_text\"><span>Listen<\/span><\/span><\/span>\r\n        <span class=\"rsbtn_right rsimg rsplay rspart\"><\/span>\r\n        <\/a><\/div><div id=\"rspeak_read_31244\">\n<table id=\"tablepress-118\" class=\"tablepress tablepress-id-118\">\n<thead>\n<tr class=\"row-1\">\n\t<th class=\"column-1\">Teideal<\/th><th class=\"column-2\">Cur S\u00edos<\/th><th class=\"column-3\">Nasc<\/th>\n<\/tr>\n<\/thead>\n<tbody class=\"row-striping row-hover\">\n<tr class=\"row-2\">\n\t<td class=\"column-1\">Sp\u00e1sanna C\u00e9adfach i Scoileanna<br \/>\n<br \/>\n<div class=\"wp-block-image\"><a href=\"https:\/\/ncse.ie\/wp-content\/uploads\/2025\/04\/Sensory-Spaces-in-Schools-Image-Gaeilge.jpg\"><img fetchpriority=\"high\" decoding=\"async\" src=\"https:\/\/ncse.ie\/wp-content\/uploads\/2025\/04\/Sensory-Spaces-in-Schools-Image-Gaeilge-210x300.jpg\" alt=\"\" width=\"210\" height=\"300\" data-warning=\"Missing alt text\" class=\"wpa-warning wpa-image-missing-alt alignnone size-medium wp-image-47712\" srcset=\"https:\/\/ncse.ie\/wp-content\/uploads\/2025\/04\/Sensory-Spaces-in-Schools-Image-Gaeilge-210x300.jpg 210w, https:\/\/ncse.ie\/wp-content\/uploads\/2025\/04\/Sensory-Spaces-in-Schools-Image-Gaeilge.jpg 482w\" sizes=\"(max-width: 210px) 100vw, 210px\" \/><\/a><\/div><\/td><td class=\"column-2\">Acmhainn phraitici\u00fail chun tac\u00fa le scoileanna sp\u00e1sanna c\u00e9adfacha a fhorbairt laistigh de scoileanna n\u00f3 seomra\u00ed ranga.<\/td><td class=\"column-3\"><a href=\"https:\/\/ncse.ie\/wp-content\/uploads\/2025\/04\/NCSE-Sensory-Spaces-Booklet-Irish.pdf\">NCSE-Sensory-Spaces-Booklet-Irish<\/a><br \/>\n<\/td>\n<\/tr>\n<tr class=\"row-3\">\n\t<td class=\"column-1\">Sprionga\u00a0i do Ch\u00e9im <\/td><td class=\"column-2\">Gn\u00edomha\u00edochta\u00ed agus smaointe spra\u00ed\u00fala chun dalta\u00ed a spreagadh chun bogadh n\u00edos m\u00f3. (Tuismitheoir\u00ed agus M\u00fainteoir\u00ed; Bunscoil agus Iar-bhunscoil)<\/td><td class=\"column-3\"><a href=\"https:\/\/ncse.ie\/wp-content\/uploads\/2021\/02\/SPRING-in-Your-Step.pdf\">B\u00e9arla<\/a><\/td>\n<\/tr>\n<tr class=\"row-4\">\n\t<td class=\"column-1\">Sosanna Gluaiseachta i Seomra\u00ed Ranga Iarbhunscoile<\/td><td class=\"column-2\"><div style=\"padding:56.25% 0 0 0;position:relative;\"><iframe src=\" https:\/\/www.youtube.com\/embed\/ucL4PdJGyg0?controls=1&amp;rel=0&amp;modestbranding=1\" style=\"position:absolute;top:0;left:0;width:100%;height:100%;\" frameborder=\"0\" allow=\"autoplay; fullscreen\" allowfullscreen><\/iframe><\/div><\/td><td class=\"column-3\"><a href =\"https:\/\/www.youtube.com\/watch?v=ucL4PdJGyg0\">F\u00e9ach ar an bhf\u00edse\u00e1n<\/a><br \/>\n<a href=\"https:\/\/youtu.be\/izo6lgXpf-c\">Leagan fotheidealaithe<\/a><br \/>\n<a href=\"https:\/\/youtu.be\/DZM-3Z-exQc\">Leagan Gaeilge<\/a><\/td>\n<\/tr>\n<tr class=\"row-5\">\n\t<td class=\"column-1\">Sosanna Gluaiseachta i Seomra\u00ed Ranga Iarbhunscoile - Leabhr\u00e1n<\/td><td class=\"column-2\">Sol\u00e1thra\u00edonn an leabhr\u00e1n acmhainne seo smaointe agus strait\u00e9is\u00ed gluaiseachta simpl\u00ed do mh\u00fainteoir\u00ed ar f\u00e9idir leo a ionchorpr\u00fa ina seomra ranga, gan aon gh\u00e1 le fearas n\u00f3 sp\u00e1sanna m\u00f3ra.B T\u00e1 na gn\u00edomha\u00edochta\u00ed gluaiseachta deartha le h\u00fas\u00e1id mar rang ioml\u00e1n agus is f\u00e9idir iad a chur in oiri\u00faint do shu\u00ed agus seasamh sa seomra ranga.<\/td><td class=\"column-3\"><a href=\"https:\/\/ncse.ie\/wp-content\/uploads\/2020\/12\/NCSE-Movement-Breaks-in-the-Classroom-Booklet.pdf\">F\u00e9ach\/\u00cdosl\u00f3d\u00e1il<\/a><\/td>\n<\/tr>\n<tr class=\"row-6\">\n\t<td class=\"column-1\">R\u00e9amhr\u00e1 chuig B\u00e1c\u00e1il<\/td><td class=\"column-2\">B\u00e1c\u00e1il: Sl\u00ed Bheatha don Fhoghlaim, Forbairt &amp; Scileanna Saoil<br \/>\nCurtha ar f\u00e1il duit ag Foireann Teiripe Ceirde NCSE <\/td><td class=\"column-3\"><a href=\"https:\/\/ncse.ie\/wp-content\/uploads\/2020\/05\/An-Introduction-to-Baking.pdf\">F\u00e9ach\/\u00cdosl\u00f3d\u00e1il<\/a><\/td>\n<\/tr>\n<tr class=\"row-7\">\n\t<td class=\"column-1\">Faighimid Rialaithe!<br \/>\nEolas do Dh\u00e9ag\u00f3ir\u00ed<\/td><td class=\"column-2\">T\u00e1 s\u00e9 mar aidhm ag an bpac\u00e1iste acmhainn\u00ed seo roinnt faisn\u00e9ise agus gn\u00edomha\u00edochta\u00ed a roinnt chun tac\u00fa le d\u00e9ag\u00f3ir\u00ed f\u00e9inrial\u00fa a dh\u00e9anamh le linn na tr\u00e9imhse d\u00fashl\u00e1na\u00ed seo. Is f\u00e9idir leis na smaointe seo cabhr\u00fa le d\u00e9ag\u00f3ir\u00ed d\u00edri\u00fa ar na tascanna a chaithfidh siad a dh\u00e9anamh agus ba mhaith leo a dh\u00e9anamh; aire a thabhairt d\u00e1 n-intinn agus d\u00e1 gcorp; a gcuid moth\u00fach\u00e1n a bhainisti\u00fa; leibh\u00e9il fuinnimh a rial\u00e1il agus sc\u00edth a ligean. <\/td><td class=\"column-3\"><a href=\"https:\/\/ncse.ie\/wp-content\/uploads\/2020\/03\/Lets-Get-Regulated-Information-for-Teenagers.pdf\">F\u00e9ach\/\u00cdosl\u00f3d\u00e1il<\/a><\/td>\n<\/tr>\n<\/tbody>\n<\/table>\n<!-- #tablepress-118 from cache -->\n<\/div>","protected":false},"excerpt":{"rendered":"<p><!-- RS_MODULE_CODE_2.4.4 --><\/p>\n<div id=\"readspeaker_button31244\" class=\"rs_skip rsbtn rs_preserve\"><a class=\"rsbtn_play\" title=\"Listen to this page using ReadSpeaker\" accesskey=\"L\" href=\"\/\/app-eu.readspeaker.com\/cgi-bin\/rsent?customerid=10499&amp;lang=en_uk&amp;readid=rspeak_read_31244&amp;url=https%3A%2F%2Fncse.ie%2Fga%2Fwp-json%2Fwp%2Fv2%2Fpages%2F31244\"><br \/>\n        <span class=\"rsbtn_left rsimg rspart\"><span class=\"rsbtn_text\"><span>Listen<\/span><\/span><\/span><br \/>\n        <span class=\"rsbtn_right rsimg rsplay rspart\"><\/span><br \/>\n        <\/a><\/div>\n<div id=\"rspeak_read_31244\"><\/div>\n","protected":false},"author":5,"featured_media":0,"parent":0,"menu_order":0,"comment_status":"open","ping_status":"open","template":"","meta":{"footnotes":""},"class_list":["post-31244","page","type-page","status-publish","hentry"],"_links":{"self":[{"href":"https:\/\/ncse.ie\/ga\/wp-json\/wp\/v2\/pages\/31244","targetHints":{"allow":["GET"]}}],"collection":[{"href":"https:\/\/ncse.ie\/ga\/wp-json\/wp\/v2\/pages"}],"about":[{"href":"https:\/\/ncse.ie\/ga\/wp-json\/wp\/v2\/types\/page"}],"author":[{"embeddable":true,"href":"https:\/\/ncse.ie\/ga\/wp-json\/wp\/v2\/users\/5"}],"replies":[{"embeddable":true,"href":"https:\/\/ncse.ie\/ga\/wp-json\/wp\/v2\/comments?post=31244"}],"version-history":[{"count":5,"href":"https:\/\/ncse.ie\/ga\/wp-json\/wp\/v2\/pages\/31244\/revisions"}],"predecessor-version":[{"id":40119,"href":"https:\/\/ncse.ie\/ga\/wp-json\/wp\/v2\/pages\/31244\/revisions\/40119"}],"wp:attachment":[{"href":"https:\/\/ncse.ie\/ga\/wp-json\/wp\/v2\/media?parent=31244"}],"curies":[{"name":"wp","href":"https:\/\/api.w.org\/{rel}","templated":true}]}}