{"id":31265,"date":"2020-04-20T18:53:40","date_gmt":"2020-04-20T17:53:40","guid":{"rendered":"https:\/\/ncse.ie\/teacher-special-class-or-school-occupational-therapy-support"},"modified":"2024-02-10T11:19:01","modified_gmt":"2024-02-10T11:19:01","slug":"teacher-special-class-or-school-occupational-therapy-support","status":"publish","type":"page","link":"https:\/\/ncse.ie\/ga\/teacher-special-class-or-school-occupational-therapy-support","title":{"rendered":"Acmhainn\u00ed i nd\u00e1il le \u2018Taca\u00edocht Teiripe Saothair\u2019 do mh\u00fainteoir at\u00e1 ag m\u00fanadh i Rang Speisialta n\u00f3 i Scoil Speisialta"},"content":{"rendered":"<!-- RS_MODULE_CODE_2.4.4 --><div id=\"readspeaker_button31265\" class=\"rs_skip rsbtn rs_preserve\"><a class=\"rsbtn_play\" title=\"Listen to this page using ReadSpeaker\" accesskey=\"L\" href=\"\/\/app-eu.readspeaker.com\/cgi-bin\/rsent?customerid=10499&amp;lang=en_uk&amp;readid=rspeak_read_31265&amp;url=https%3A%2F%2Fncse.ie%2Fga%2Fwp-json%2Fwp%2Fv2%2Fpages%2F31265\">\r\n        <span class=\"rsbtn_left rsimg rspart\"><span class=\"rsbtn_text\"><span>Listen<\/span><\/span><\/span>\r\n        <span class=\"rsbtn_right rsimg rsplay rspart\"><\/span>\r\n        <\/a><\/div><div id=\"rspeak_read_31265\">\n<table id=\"tablepress-118\" class=\"tablepress tablepress-id-118\">\n<thead>\n<tr class=\"row-1\">\n\t<th class=\"column-1\">Teideal<\/th><th class=\"column-2\">Cur S\u00edos<\/th><th class=\"column-3\">Nasc<\/th>\n<\/tr>\n<\/thead>\n<tbody class=\"row-striping row-hover\">\n<tr class=\"row-2\">\n\t<td class=\"column-1\">Sp\u00e1sanna C\u00e9adfach i Scoileanna<br \/>\n<br \/>\n<div class=\"wp-block-image\"><a href=\"https:\/\/ncse.ie\/wp-content\/uploads\/2025\/04\/Sensory-Spaces-in-Schools-Image-Gaeilge.jpg\"><img fetchpriority=\"high\" decoding=\"async\" src=\"https:\/\/ncse.ie\/wp-content\/uploads\/2025\/04\/Sensory-Spaces-in-Schools-Image-Gaeilge-210x300.jpg\" alt=\"\" width=\"210\" height=\"300\" data-warning=\"Missing alt text\" class=\"wpa-warning wpa-image-missing-alt alignnone size-medium wp-image-47712\" srcset=\"https:\/\/ncse.ie\/wp-content\/uploads\/2025\/04\/Sensory-Spaces-in-Schools-Image-Gaeilge-210x300.jpg 210w, https:\/\/ncse.ie\/wp-content\/uploads\/2025\/04\/Sensory-Spaces-in-Schools-Image-Gaeilge.jpg 482w\" sizes=\"(max-width: 210px) 100vw, 210px\" \/><\/a><\/div><\/td><td class=\"column-2\">Acmhainn phraitici\u00fail chun tac\u00fa le scoileanna sp\u00e1sanna c\u00e9adfacha a fhorbairt laistigh de scoileanna n\u00f3 seomra\u00ed ranga.<\/td><td class=\"column-3\"><a href=\"https:\/\/ncse.ie\/wp-content\/uploads\/2025\/04\/NCSE-Sensory-Spaces-Booklet-Irish.pdf\">NCSE-Sensory-Spaces-Booklet-Irish<\/a><br \/>\n<\/td>\n<\/tr>\n<tr class=\"row-3\">\n\t<td class=\"column-1\">Sprionga\u00a0i do Ch\u00e9im <\/td><td class=\"column-2\">Gn\u00edomha\u00edochta\u00ed agus smaointe spra\u00ed\u00fala chun dalta\u00ed a spreagadh chun bogadh n\u00edos m\u00f3. (Tuismitheoir\u00ed agus M\u00fainteoir\u00ed; Bunscoil agus Iar-bhunscoil)<\/td><td class=\"column-3\"><a href=\"https:\/\/ncse.ie\/wp-content\/uploads\/2021\/02\/SPRING-in-Your-Step.pdf\">B\u00e9arla<\/a><\/td>\n<\/tr>\n<tr class=\"row-4\">\n\t<td class=\"column-1\">R\u00e9amhr\u00e1 chuig B\u00e1c\u00e1il<\/td><td class=\"column-2\">B\u00e1c\u00e1il: Sl\u00ed Bheatha don Fhoghlaim, Forbairt &amp; Scileanna Saoil<br \/>\nCurtha ar f\u00e1il duit ag Foireann Teiripe Ceirde NCSE <\/td><td class=\"column-3\"><a href=\"https:\/\/ncse.ie\/wp-content\/uploads\/2020\/05\/An-Introduction-to-Baking.pdf\">F\u00e9ach\/\u00cdosl\u00f3d\u00e1il<\/a><\/td>\n<\/tr>\n<\/tbody>\n<\/table>\n<!-- #tablepress-118 from cache -->\n<\/div>","protected":false},"excerpt":{"rendered":"<p><!-- RS_MODULE_CODE_2.4.4 --><\/p>\n<div id=\"readspeaker_button31265\" class=\"rs_skip rsbtn rs_preserve\"><a class=\"rsbtn_play\" title=\"Listen to this page using ReadSpeaker\" accesskey=\"L\" href=\"\/\/app-eu.readspeaker.com\/cgi-bin\/rsent?customerid=10499&amp;lang=en_uk&amp;readid=rspeak_read_31265&amp;url=https%3A%2F%2Fncse.ie%2Fga%2Fwp-json%2Fwp%2Fv2%2Fpages%2F31265\"><br \/>\n        <span class=\"rsbtn_left rsimg rspart\"><span class=\"rsbtn_text\"><span>Listen<\/span><\/span><\/span><br \/>\n        <span class=\"rsbtn_right rsimg rsplay rspart\"><\/span><br \/>\n        <\/a><\/div>\n<div id=\"rspeak_read_31265\"><\/div>\n","protected":false},"author":5,"featured_media":0,"parent":0,"menu_order":0,"comment_status":"open","ping_status":"open","template":"","meta":{"footnotes":""},"class_list":["post-31265","page","type-page","status-publish","hentry"],"_links":{"self":[{"href":"https:\/\/ncse.ie\/ga\/wp-json\/wp\/v2\/pages\/31265","targetHints":{"allow":["GET"]}}],"collection":[{"href":"https:\/\/ncse.ie\/ga\/wp-json\/wp\/v2\/pages"}],"about":[{"href":"https:\/\/ncse.ie\/ga\/wp-json\/wp\/v2\/types\/page"}],"author":[{"embeddable":true,"href":"https:\/\/ncse.ie\/ga\/wp-json\/wp\/v2\/users\/5"}],"replies":[{"embeddable":true,"href":"https:\/\/ncse.ie\/ga\/wp-json\/wp\/v2\/comments?post=31265"}],"version-history":[{"count":5,"href":"https:\/\/ncse.ie\/ga\/wp-json\/wp\/v2\/pages\/31265\/revisions"}],"predecessor-version":[{"id":40117,"href":"https:\/\/ncse.ie\/ga\/wp-json\/wp\/v2\/pages\/31265\/revisions\/40117"}],"wp:attachment":[{"href":"https:\/\/ncse.ie\/ga\/wp-json\/wp\/v2\/media?parent=31265"}],"curies":[{"name":"wp","href":"https:\/\/api.w.org\/{rel}","templated":true}]}}