{"id":31271,"date":"2020-04-21T08:29:56","date_gmt":"2020-04-21T07:29:56","guid":{"rendered":"https:\/\/ncse.ie\/teacher-post-primary-learning-and-behaviour"},"modified":"2024-02-03T15:34:19","modified_gmt":"2024-02-03T15:34:19","slug":"teacher-post-primary-learning-and-behaviour","status":"publish","type":"page","link":"https:\/\/ncse.ie\/ga\/teacher-post-primary-learning-and-behaviour","title":{"rendered":"Acmhainn\u00ed i nd\u00e1il le \u2018Foghlaim agus Iompar\u2019 don mh\u00fainteoir at\u00e1 ag m\u00fanadh leana\u00ed in Iar-Bhunscoil"},"content":{"rendered":"<!-- RS_MODULE_CODE_2.4.4 --><div id=\"readspeaker_button31271\" class=\"rs_skip rsbtn rs_preserve\"><a class=\"rsbtn_play\" title=\"Listen to this page using ReadSpeaker\" accesskey=\"L\" href=\"\/\/app-eu.readspeaker.com\/cgi-bin\/rsent?customerid=10499&amp;lang=en_uk&amp;readid=rspeak_read_31271&amp;url=https%3A%2F%2Fncse.ie%2Fga%2Fwp-json%2Fwp%2Fv2%2Fpages%2F31271\">\r\n        <span class=\"rsbtn_left rsimg rspart\"><span class=\"rsbtn_text\"><span>Listen<\/span><\/span><\/span>\r\n        <span class=\"rsbtn_right rsimg rsplay rspart\"><\/span>\r\n        <\/a><\/div><div id=\"rspeak_read_31271\">\n<table id=\"tablepress-118\" class=\"tablepress tablepress-id-118\">\n<thead>\n<tr class=\"row-1\">\n\t<th class=\"column-1\">Teideal<\/th><th class=\"column-2\">Cur S\u00edos<\/th><th class=\"column-3\">Nasc<\/th>\n<\/tr>\n<\/thead>\n<tbody class=\"row-striping row-hover\">\n<tr class=\"row-2\">\n\t<td class=\"column-1\">Su\u00edomhanna Gr\u00e9as\u00e1in a thioms\u00fa a thaca\u00edonn le M\u00fainteoir\u00ed chun tac\u00fa le dalta\u00ed agus tuismitheoir\u00ed le linn COVID-19<\/td><td class=\"column-2\">Tugann an doicim\u00e9ad seo athbhreithni\u00fa ar shu\u00edmh Ghr\u00e9as\u00e1in at\u00e1 ag tairiscint naisc faoi l\u00e1thair chuig acmhainn\u00ed ar l\u00edne do Mh\u00fainteoir\u00ed, do Dhalta\u00ed agus do Thuismitheoir\u00ed chun tac\u00fa le dalta\u00ed sna r\u00e9ims\u00ed Acad\u00fala, S\u00f3isialta, Moth\u00fach\u00e1nach (SEL) agus meabhairshl\u00e1inte.<\/td><td class=\"column-3\"><a href=\"https:\/\/ncse.ie\/wp-content\/uploads\/2020\/04\/List-of-Useful-websites-for-Post-Primary-Teachers-supporting-students-who-are-studying-at-home.pdf\">F\u00e9ach\/\u00cdosl\u00f3d\u00e1il<\/a><\/td>\n<\/tr>\n<\/tbody>\n<\/table>\n<!-- #tablepress-118 from cache -->\n<\/div>","protected":false},"excerpt":{"rendered":"<p><!-- RS_MODULE_CODE_2.4.4 --><\/p>\n<div id=\"readspeaker_button31271\" class=\"rs_skip rsbtn rs_preserve\"><a class=\"rsbtn_play\" title=\"Listen to this page using ReadSpeaker\" accesskey=\"L\" href=\"\/\/app-eu.readspeaker.com\/cgi-bin\/rsent?customerid=10499&amp;lang=en_uk&amp;readid=rspeak_read_31271&amp;url=https%3A%2F%2Fncse.ie%2Fga%2Fwp-json%2Fwp%2Fv2%2Fpages%2F31271\"><br \/>\n        <span class=\"rsbtn_left rsimg rspart\"><span class=\"rsbtn_text\"><span>Listen<\/span><\/span><\/span><br \/>\n        <span class=\"rsbtn_right rsimg rsplay rspart\"><\/span><br \/>\n        <\/a><\/div>\n<div id=\"rspeak_read_31271\"><\/div>\n","protected":false},"author":5,"featured_media":0,"parent":0,"menu_order":0,"comment_status":"open","ping_status":"open","template":"","meta":{"footnotes":""},"class_list":["post-31271","page","type-page","status-publish","hentry"],"_links":{"self":[{"href":"https:\/\/ncse.ie\/ga\/wp-json\/wp\/v2\/pages\/31271","targetHints":{"allow":["GET"]}}],"collection":[{"href":"https:\/\/ncse.ie\/ga\/wp-json\/wp\/v2\/pages"}],"about":[{"href":"https:\/\/ncse.ie\/ga\/wp-json\/wp\/v2\/types\/page"}],"author":[{"embeddable":true,"href":"https:\/\/ncse.ie\/ga\/wp-json\/wp\/v2\/users\/5"}],"replies":[{"embeddable":true,"href":"https:\/\/ncse.ie\/ga\/wp-json\/wp\/v2\/comments?post=31271"}],"version-history":[{"count":5,"href":"https:\/\/ncse.ie\/ga\/wp-json\/wp\/v2\/pages\/31271\/revisions"}],"predecessor-version":[{"id":39906,"href":"https:\/\/ncse.ie\/ga\/wp-json\/wp\/v2\/pages\/31271\/revisions\/39906"}],"wp:attachment":[{"href":"https:\/\/ncse.ie\/ga\/wp-json\/wp\/v2\/media?parent=31271"}],"curies":[{"name":"wp","href":"https:\/\/api.w.org\/{rel}","templated":true}]}}