{"id":31283,"date":"2020-04-21T08:44:04","date_gmt":"2020-04-21T07:44:04","guid":{"rendered":"https:\/\/ncse.ie\/teacher-early-years-curriculum-support"},"modified":"2024-02-03T15:35:47","modified_gmt":"2024-02-03T15:35:47","slug":"teacher-early-years-curriculum-support","status":"publish","type":"page","link":"https:\/\/ncse.ie\/ga\/teacher-early-years-curriculum-support","title":{"rendered":"Acmhainn\u00ed i nd\u00e1il le \u2018Taca\u00edocht Churaclaim\u2019 don mh\u00fainteoir at\u00e1 ag m\u00fanadh leana\u00ed sna Luathbhlianta"},"content":{"rendered":"<!-- RS_MODULE_CODE_2.4.4 --><div id=\"readspeaker_button31283\" class=\"rs_skip rsbtn rs_preserve\"><a class=\"rsbtn_play\" title=\"Listen to this page using ReadSpeaker\" accesskey=\"L\" href=\"\/\/app-eu.readspeaker.com\/cgi-bin\/rsent?customerid=10499&amp;lang=en_uk&amp;readid=rspeak_read_31283&amp;url=https%3A%2F%2Fncse.ie%2Fga%2Fwp-json%2Fwp%2Fv2%2Fpages%2F31283\">\r\n        <span class=\"rsbtn_left rsimg rspart\"><span class=\"rsbtn_text\"><span>Listen<\/span><\/span><\/span>\r\n        <span class=\"rsbtn_right rsimg rsplay rspart\"><\/span>\r\n        <\/a><\/div><div id=\"rspeak_read_31283\">\n<table id=\"tablepress-118\" class=\"tablepress tablepress-id-118\">\n<thead>\n<tr class=\"row-1\">\n\t<th class=\"column-1\">Teideal<\/th><th class=\"column-2\">Cur S\u00edos<\/th><th class=\"column-3\">Nasc<\/th>\n<\/tr>\n<\/thead>\n<tbody class=\"row-striping row-hover\">\n<tr class=\"row-2\">\n\t<td class=\"column-1\">Leabhair Sc\u00e9alta faoi Ainmhithe Earraigh<\/td><td class=\"column-2\">Tugann an acmhainn seo go leor molta\u00ed agus smaointe chun picti\u00farleabhair agus naisc fuaime a \u00fas\u00e1id chun ainmhithe earraigh a ini\u00fachadh ar fud na gcuraclaim. (Tuismitheoir\u00ed agus M\u00fainteoir\u00ed; Luathbhlianta agus Bunscoileanna)<\/td><td class=\"column-3\"><a href=\"https:\/\/ncse.ie\/wp-content\/uploads\/2021\/02\/Spring-Animal-Storybooks.pdf\">B\u00e9arla<\/a><\/td>\n<\/tr>\n<tr class=\"row-3\">\n\t<td class=\"column-1\">Leabhair Sc\u00e9alta faoi Ainmhithe Earraigh<\/td><td class=\"column-2\">Tugann an acmhainn seo go leor molta\u00ed agus smaointe chun picti\u00farleabhair agus naisc fuaime a \u00fas\u00e1id chun ainmhithe earraigh a ini\u00fachadh ar fud na gcuraclaim. (Tuismitheoir\u00ed agus M\u00fainteoir\u00ed; Luathbhlianta agus Bunscoil)<\/td><td class=\"column-3\"><a href=\"https:\/\/ncse.ie\/wp-content\/uploads\/2021\/02\/Spring-Animal-Storybooks.pdf\">B\u00e9arla<\/a><\/td>\n<\/tr>\n<tr class=\"row-4\">\n\t<td class=\"column-1\">Smaointe litearthachta bunaithe ar an leabhar sc\u00e9alta 'The Thing About Spring' <\/td><td class=\"column-2\">Strait\u00e9is\u00ed agus molta\u00ed tuisceana, feasacht f\u00f3ineola\u00edochta agus gn\u00edomha\u00edochta\u00ed f\u00f3naice agus bord roghanna bunaithe ar leabhar picti\u00far do dheireadh s\u00f3isearach na Bunscoile. (Tuismitheoir\u00ed agus M\u00fainteoir\u00ed; Luathbhlianta, Bunscoil)<\/td><td class=\"column-3\"><a href=\"https:\/\/ncse.ie\/wp-content\/uploads\/2021\/02\/Literacy-ideas-based-on-The-Thing-About-Spring-storybook.pdf\">B\u00e9arla<\/a><\/td>\n<\/tr>\n<tr class=\"row-5\">\n\t<td class=\"column-1\">Seomra Ranga Lasmuigh san Earrach <\/td><td class=\"column-2\">12 ghn\u00edomha\u00edocht lasmuigh a chuims\u00edonn go leor gn\u00e9ithe den fhoghlaim ar bhealach spra\u00ed\u00fail agus eachtr\u00fail. (Tuismitheoir\u00ed agus M\u00fainteoir\u00ed; Luathbhlianta agus Bunscoileanna) <\/td><td class=\"column-3\"><a href=\"https:\/\/ncse.ie\/wp-content\/uploads\/2021\/02\/Outdoor-Classroom-in-Spring-.pdf\">B\u00e9arla<\/a><\/td>\n<\/tr>\n<tr class=\"row-6\">\n\t<td class=\"column-1\">Meg's Veg - Sc\u00e9al C\u00e9adfach Earraigh <\/td><td class=\"column-2\">Baineann an sc\u00e9al seo \u00fas\u00e1id as na c\u00e9adfa\u00ed ar fad agus is f\u00e9idir \u00e9 a \u00fas\u00e1id le dalta\u00ed a fhoghlaim\u00edonn an rud is fearr tr\u00ed dh\u00e9anamh (Tuismitheoir\u00ed agus M\u00fainteoir\u00ed; Luathbhlianta agus Bunscoileanna)<\/td><td class=\"column-3\"><a href=\"https:\/\/ncse.ie\/wp-content\/uploads\/2021\/02\/Megs-Veg-A-Spring-Sensory-Story.pdf\">B\u00e9arla<\/a><\/td>\n<\/tr>\n<tr class=\"row-7\">\n\t<td class=\"column-1\">Ag Tac\u00fa le Dalta\u00ed a bhfuil Uathachas orthu<br \/>\n<\/td><td class=\"column-2\">Forbhreathn\u00fa ar acmhainn\u00ed gr\u00e9as\u00e1in chun tac\u00fa le dalta\u00ed a bhfuil Uathachas orthu le linn Covid 19.<br \/>\n<br \/>\n<div style=\"padding:56.25% 0 0 0;position:relative;\"><iframe src=\"https:\/\/player.vimeo.com\/video\/407621136\" style=\"position:absolute;top:0;left:0;width:100%;height:100%;\" frameborder=\"0\" allow=\"autoplay; fullscreen\" allowfullscreen><\/iframe><\/div><script src=\"https:\/\/player.vimeo.com\/api\/player.js\"><\/script><\/td><td class=\"column-3\"><a href=\"https:\/\/ncse.ie\/wp-content\/uploads\/2020\/04\/Supporting-students-with-Autism.pdf\">B\u00e9arla<\/a><\/td>\n<\/tr>\n<tr class=\"row-8\">\n\t<td class=\"column-1\">Sail\u00e9ad Tortha\u00ed<\/td><td class=\"column-2\">Is gn\u00edomha\u00edocht spra\u00ed\u00fail \u00ed seo chun iarracht a dh\u00e9anamh sa bhaile - meallfaidh na taca\u00edochta\u00ed amhairc go leor dalta\u00ed le RSO lena n-\u00e1ir\u00edtear leana\u00ed a bhfuil Uathachas orthu<\/td><td class=\"column-3\"><a href=\"https:\/\/ncse.ie\/wp-content\/uploads\/2020\/05\/Fruit-Salad.pdf\">B\u00e9arla<\/a><br \/>\n<a href=\"https:\/\/ncse.ie\/wp-content\/uploads\/2020\/06\/Fruit-Salad-1.pdf\">Gaeilge<\/a><\/td>\n<\/tr>\n<tr class=\"row-9\">\n\t<td class=\"column-1\">T\u00e1 an samhradh anseo - Leabhair Phicti\u00fair<\/td><td class=\"column-2\">Forbhreathn\u00fa ar leabhair agus gn\u00edomha\u00edochta\u00ed a bhaineann leis an samhradh chun cabhr\u00fa le foghlaim sa bhaile.<\/td><td class=\"column-3\"><a href=\"https:\/\/ncse.ie\/wp-content\/uploads\/2020\/06\/Summer-is-Here-picture-Books.pdf\">F\u00e9ach\/\u00cdosl\u00f3d\u00e1il<\/a><\/td>\n<\/tr>\n<tr class=\"row-10\">\n\t<td class=\"column-1\">T\u00e1 an samhradh anseo! Gn\u00edomha\u00edochta\u00ed do dhalta\u00ed le Riachtanais Chasta<\/td><td class=\"column-2\">Molta\u00ed Gn\u00edomha\u00edochta Spraoi an tSamhraidh do dhalta\u00ed a bhfuil Riachtanais Chasta acu.<\/td><td class=\"column-3\"><a href=\"https:\/\/ncse.ie\/wp-content\/uploads\/2020\/06\/Summer-is-here-Activities-for-students-with-Complex-Needs.pdf\">F\u00e9ach\/\u00cdosl\u00f3d\u00e1il<\/a><\/td>\n<\/tr>\n<tr class=\"row-11\">\n\t<td class=\"column-1\">Summertime Boom Chicka Boom<\/td><td class=\"column-2\">Is acmhainn \u00e9 Summer Boom chicka boom at\u00e1 curtha in oiri\u00faint \u00f3 amhr\u00e1n youtube a chuireann st\u00f3r focal agus ruda\u00ed tagartha an tsamhraidh i l\u00e1thair.<\/td><td class=\"column-3\"><a href=\"https:\/\/ncse.ie\/wp-content\/uploads\/2020\/06\/Summertime-Boom-Chicka-Boom.pdf\">F\u00e9ach\/\u00cdosl\u00f3d\u00e1il<\/a><\/td>\n<\/tr>\n<tr class=\"row-12\">\n\t<td class=\"column-1\">Samhradh le Chatterpix<\/td><td class=\"column-2\">Treoir maidir leis an aip Chatterpix a \u00fas\u00e1id chun tac\u00fa le t\u00e9ama Am samhraidh!<\/td><td class=\"column-3\"><a href=\"https:\/\/ncse.ie\/wp-content\/uploads\/2020\/06\/Summertime-with-Chatterpix-App-5-June-20.pdf\">F\u00e9ach\/\u00cdosl\u00f3d\u00e1il<\/a><\/td>\n<\/tr>\n<tr class=\"row-13\">\n\t<td class=\"column-1\">Ag F\u00e1s agus ag Athr\u00fa<\/td><td class=\"column-2\">Beala\u00ed ina bhfuilimid ag athr\u00fa de r\u00e9ir mar a fh\u00e1saimid n\u00edos sine agus n\u00edos m\u00f3.<\/td><td class=\"column-3\"><a href=\"https:\/\/ncse.ie\/wp-content\/uploads\/2020\/06\/Growing-and-changing.pdf\">F\u00e9ach\/\u00cdosl\u00f3d\u00e1il<\/a><\/td>\n<\/tr>\n<tr class=\"row-14\">\n\t<td class=\"column-1\">Gn\u00edomha\u00edochta\u00ed Aistrithe: Leideanna do thuismitheoir\u00ed\/caomhn\u00f3ir\u00ed<\/td><td class=\"column-2\">Teasta\u00edonn tuiscint intuarthachta \u00f3 gach leanbh, agus go h\u00e1irithe iad si\u00fad a bhfuil riachtanais speisialta oideachais acu, le linn tr\u00e9imhs\u00ed aistrithe. T\u00e1 s\u00e9 r\u00edth\u00e1bhachtach a bheith ullamh le strait\u00e9is\u00ed aistrithe. F\u00e9adfar na strait\u00e9is\u00ed sin a dh\u00e9anamh roimh an aistri\u00fa, lena linn n\u00f3 ina dhiaidh.<\/td><td class=\"column-3\"><a href=\"https:\/\/ncse.ie\/wp-content\/uploads\/2020\/06\/Transition-Activities_Tips-For-Parents_Guardians.pdf\">F\u00e9ach\/\u00cdosl\u00f3d\u00e1il<\/a><\/td>\n<\/tr>\n<tr class=\"row-15\">\n\t<td class=\"column-1\">Athr\u00fa S\u00e9as\u00farach<\/td><td class=\"column-2\">Feicimid athruithe gach bliain len\u00e1r gceithre sh\u00e9as\u00far<\/td><td class=\"column-3\"><a href=\"https:\/\/ncse.ie\/wp-content\/uploads\/2020\/06\/Season-change.pdf\">F\u00e9ach\/\u00cdosl\u00f3d\u00e1il<\/a><\/td>\n<\/tr>\n<tr class=\"row-16\">\n\t<td class=\"column-1\">What Time is it Mr Wolf?<\/td><td class=\"column-2\">Cluiche cl\u00f3is do leana\u00ed a fhorbra\u00edonn scileanna comhairimh.<\/td><td class=\"column-3\"><a href=\"https:\/\/ncse.ie\/wp-content\/uploads\/2021\/06\/What-Time-is-it-Mr-Wolf.pdf\">B\u00e9arla<\/a><br \/>\n<br \/>\n<a href=\"https:\/\/ncse.ie\/wp-content\/uploads\/2021\/10\/TR-What-TIme-is-it-Mr-Wolfe.pdf\">Gaeilge<\/a><\/td>\n<\/tr>\n<tr class=\"row-17\">\n\t<td class=\"column-1\">Cluich\u00ed agus S\u00fagradh do Dhalta\u00ed a bhfuil Riachtanais Chasta acu<\/td><td class=\"column-2\">Bunt\u00e1ist\u00ed a bhaineann le Cluich\u00ed agus S\u00fagradh do dhalta\u00ed a bhfuil Riachtanais Chasta acu. Gn\u00edomha\u00edochta\u00ed praitici\u00fala chun tac\u00fa le forbairt s\u00fagartha.<\/td><td class=\"column-3\"><a href=\"https:\/\/ncse.ie\/wp-content\/uploads\/2020\/05\/Games_-ComplexNeeds.pdf\">F\u00e9ach\/\u00cdosl\u00f3d\u00e1il<\/a><\/td>\n<\/tr>\n<tr class=\"row-18\">\n\t<td class=\"column-1\">Cumars\u00e1id agus Coimh\u00e9ad l i dTeagmh\u00e1il: Molta\u00ed do Dhalta\u00ed le Riachtanais Chasta<\/td><td class=\"column-2\">Roinnt smaointe maidir le coinne\u00e1il i dteagmh\u00e1il le daoine eile do dhalta\u00ed a bhfuil Riachtanais Chasta acu. Gn\u00edomha\u00edochta\u00ed praitici\u00fala chun tac\u00fa le forbairt cumars\u00e1ide.<\/td><td class=\"column-3\"><a href=\"https:\/\/ncse.ie\/wp-content\/uploads\/2020\/05\/ComplexNeeds_Communication.pdf\">B\u00e9arla<\/a><br \/>\n<a href=\"https:\/\/ncse.ie\/wp-content\/uploads\/2020\/06\/Communication-and-Keeping-in-Touch-Suggestions-for-Students-with-Complex-Needs.pdf\">Gaeilge<\/a><\/td>\n<\/tr>\n<tr class=\"row-19\">\n\t<td class=\"column-1\">Crann Ginealaigh d'Fhoghlaimeoir\u00ed \u00d3ga<\/td><td class=\"column-2\">D\u00e9an crann teaghlaigh simpl\u00ed le picti\u00fair den teaghlach<\/td><td class=\"column-3\"><a href=\"https:\/\/ncse.ie\/wp-content\/uploads\/2020\/05\/Family-Tree-For-Younger-Learners.pdf\">B\u00e9arla<\/a><br \/>\n<a href=\"https:\/\/ncse.ie\/wp-content\/uploads\/2020\/06\/My-Family-Tree.pdf\">Gaeilge<\/a><\/td>\n<\/tr>\n<tr class=\"row-20\">\n\t<td class=\"column-1\">Cluich\u00ed agus gn\u00edomha\u00edochta\u00ed chun scileanna cumars\u00e1ide a fhorbairt<\/td><td class=\"column-2\">Cluich\u00ed is f\u00e9idir a imirt le ch\u00e9ile sa bhaile.<\/td><td class=\"column-3\"><a href=\"https:\/\/ncse.ie\/wp-content\/uploads\/2020\/05\/Games-and-Activities-to-Develop-Communication-Skills.pdf\">B\u00e9arla<\/a><br \/>\n<a href=\"https:\/\/ncse.ie\/wp-content\/uploads\/2020\/06\/Games-and-Activities-to-Develop-Communication-Skills.pdf\">Gaeilge<\/a><\/td>\n<\/tr>\n<tr class=\"row-21\">\n\t<td class=\"column-1\">R\u00e9amhr\u00e1 don Eola\u00edocht Laeth\u00fail<\/td><td class=\"column-2\">L\u00e9argas ginear\u00e1lta ar th\u00e9ama na seachtaine seo. <\/td><td class=\"column-3\"><a href=\"https:\/\/ncse.ie\/wp-content\/uploads\/2020\/05\/Aa-Everyday-Science-08.05.2020-002.pdf\">B\u00e9arla<\/a><br \/>\n<a href=\"https:\/\/ncse.ie\/wp-content\/uploads\/2020\/05\/Everyday-Science-1.pdf\">Gaeilge<\/a><\/td>\n<\/tr>\n<tr class=\"row-22\">\n\t<td class=\"column-1\">Leabhair phicti\u00fair eola\u00edochta laeth\u00fala<\/td><td class=\"column-2\">Forbhreathn\u00fa ar leabhair agus gn\u00edomha\u00edochta\u00ed a bhaineann leis an eola\u00edocht chun cabhr\u00fa le foghlaim sa bhaile.<\/td><td class=\"column-3\"><a href=\"https:\/\/ncse.ie\/wp-content\/uploads\/2020\/05\/Everyday-science-picture-books-activities.pdf\">B\u00e9arla<\/a><br \/>\n<a href=\"https:\/\/ncse.ie\/wp-content\/uploads\/2020\/05\/Everyday-science-picture-books-activities-1.pdf\">Gaeilge<\/a><\/td>\n<\/tr>\n<tr class=\"row-23\">\n\t<td class=\"column-1\">Foghlaim tr\u00ed ghn\u00edomha\u00edochta\u00ed Eola\u00edochta do dhalta\u00ed a bhfuil Riachtanais Chasta acu<\/td><td class=\"column-2\">Forbhreathn\u00fa ar na bunt\u00e1ist\u00ed a bhaineann le foghlaim Eola\u00edochta do dhalta\u00ed a bhfuil Riachtanais Chasta acu, lena n-\u00e1ir\u00edtear roinnt gn\u00edomha\u00edochta\u00ed agus smaointe spra\u00ed\u00fala le haghaidh turgnaimh.<\/td><td class=\"column-3\"><a href=\"https:\/\/ncse.ie\/wp-content\/uploads\/2020\/05\/Learning-through-Science-for-students-with-Complex-Needs.pdf\">B\u00e9arla<\/a><br \/>\n<a href=\"https:\/\/ncse.ie\/wp-content\/uploads\/2020\/05\/Complex-Needs-Science.pdf\">Gaeilge<\/a><\/td>\n<\/tr>\n<tr class=\"row-24\">\n\t<td class=\"column-1\">D\u00e9anaimis Lampa Laibhe<\/td><td class=\"column-2\">Is gn\u00edomha\u00edocht eola\u00edochta suimi\u00fail \u00e9 seo chun iarracht a dh\u00e9anamh sa bhaile. Tac\u00f3idh na radharcanna le dalta\u00ed le ASD agus RSO eile.<\/td><td class=\"column-3\"><a href=\"https:\/\/ncse.ie\/wp-content\/uploads\/2020\/05\/Lets-make-a-Lava-Lamp.pdf\">B\u00e9arla<\/a><br \/>\n<a href=\"https:\/\/ncse.ie\/wp-content\/uploads\/2020\/05\/Lets-make-a-lava-lamp.pdf\">Gaeilge<\/a><\/td>\n<\/tr>\n<tr class=\"row-25\">\n\t<td class=\"column-1\">Dathanna Dra\u00edochta a Dh\u00e9anamh<\/td><td class=\"column-2\">Turgnamh eola\u00edochta do leana\u00ed \u00f3ga le ASD.<\/td><td class=\"column-3\"><a href=\"https:\/\/ncse.ie\/wp-content\/uploads\/2020\/05\/Making-Magic-Colours.pdf\">B\u00e9arla<\/a><br \/>\n<a href=\"https:\/\/ncse.ie\/wp-content\/uploads\/2020\/05\/Making-Magic-Colours-1.pdf\">Gaeilge<\/a><\/td>\n<\/tr>\n<tr class=\"row-26\">\n\t<td class=\"column-1\">Taispe\u00e1ntais\u00a0f\u00edsi\u00fail Idirghn\u00edomhacha Oideas<\/td><td class=\"column-2\">Uirlis Idirghn\u00edomhach do thuismitheoir\u00ed agus do mh\u00fainteoir\u00ed dalta\u00ed le GLD \/ ASD<\/td><td class=\"column-3\"><a href=\"https:\/\/ncse.ie\/visual-recipes\">F\u00e9ach<\/a><\/td>\n<\/tr>\n<tr class=\"row-27\">\n\t<td class=\"column-1\">B\u00e1c\u00e1il agus An Aip puip\u00e9ad Stoca<\/td><td class=\"column-2\">Treoir maidir leis an Aip Sock Puppets a \u00fas\u00e1id agus \u00e9 a nascadh le B\u00e1c\u00e1il<\/td><td class=\"column-3\"><a href=\"https:\/\/ncse.ie\/wp-content\/uploads\/2020\/05\/Baking-and-Sock-Puppets-App.pdf\">B\u00e9arla<\/a><br \/>\n<a href=\"https:\/\/ncse.ie\/wp-content\/uploads\/2020\/06\/Baking-and-Sock-Puppets-App.pdf\">Gaeilge<\/a><\/td>\n<\/tr>\n<tr class=\"row-28\">\n\t<td class=\"column-1\">Leabhair agus Gn\u00edomha\u00edochta\u00ed Nasctha le B\u00e1c\u00e1il <\/td><td class=\"column-2\">Forbhreathn\u00fa ar leabhair agus gn\u00edomha\u00edochta\u00ed a bhaineann le garra\u00edod\u00f3ireacht chun cabhr\u00fa le foghlaim sa bhaile.<\/td><td class=\"column-3\"><a href=\"https:\/\/ncse.ie\/wp-content\/uploads\/2020\/05\/Books-and-Activities-Linked-to-Baking.pdf\">F\u00e9ach\/\u00cdosl\u00f3d\u00e1il<\/a><\/td>\n<\/tr>\n<tr class=\"row-29\">\n\t<td class=\"column-1\">Borr\u00f3ga a mhaisi\u00fa<\/td><td class=\"column-2\">Is gn\u00edomha\u00edocht spra\u00ed\u00fail \u00ed seo chun iarracht a dh\u00e9anamh sa bhaile le leana\u00ed n\u00edos \u00f3ige - meallfaidh na taca\u00edochta\u00ed amhairc go leor leana\u00ed le RSO lena n-\u00e1ir\u00edtear leana\u00ed a bhfuil Uathachas orthu<\/td><td class=\"column-3\"><a href=\"https:\/\/ncse.ie\/wp-content\/uploads\/2020\/05\/Decorating-Buns.pdf\">B\u00e9arla<\/a><br \/>\n<\/td>\n<\/tr>\n<tr class=\"row-30\">\n\t<td class=\"column-1\">Seacl\u00e1id the<\/td><td class=\"column-2\">D\u00e9antar an ghn\u00edomha\u00edocht seo a mhiondeal\u00fa ina tascanail\u00eds - meallfaidh na taca\u00edochta\u00ed amhairc go leor leana\u00ed le RSO lena n-\u00e1ir\u00edtear dalta\u00ed a bhfuil Uathachas orthu<\/td><td class=\"column-3\"><a href=\"https:\/\/ncse.ie\/wp-content\/uploads\/2020\/05\/Hot-chocolate.pdf\">B\u00e9arla<\/a><br \/>\n<a href=\"https:\/\/ncse.ie\/wp-content\/uploads\/2020\/06\/Hot-Chocolate.pdf\">Gaeilge<\/a><\/td>\n<\/tr>\n<tr class=\"row-31\">\n\t<td class=\"column-1\">L\u00edreac\u00e1in Leamhach\u00e1in<\/td><td class=\"column-2\">Is gn\u00edomha\u00edocht spra\u00ed\u00fail \u00ed seo chun iarracht a dh\u00e9anamh sa bhaile le leana\u00ed n\u00edos \u00f3ige - meallfaidh na taca\u00edochta\u00ed amhairc go leor leana\u00ed le RSO lena n-\u00e1ir\u00edtear leana\u00ed a bhfuil Uathachas orthu<\/td><td class=\"column-3\"><a href=\"https:\/\/ncse.ie\/wp-content\/uploads\/2020\/05\/Marshmallow-lollipops.pdf\">F\u00e9ach\/\u00cdosl\u00f3d\u00e1il<\/a><\/td>\n<\/tr>\n<tr class=\"row-32\">\n\t<td class=\"column-1\">Acmhainn\u00ed D\u00fanta Scoile Sesame Street<\/td><td class=\"column-2\">Forbhreathn\u00fa ar na hacmhainn\u00ed a d'fhorbair Sesame Street chun tac\u00fa le foghlaim sa bhaile le linn COVID 19<\/td><td class=\"column-3\"><a href=\"https:\/\/ncse.ie\/wp-content\/uploads\/2020\/04\/Sesame-Street-Resources.pdf\">F\u00e9ach\/\u00cdosl\u00f3d\u00e1il<\/a><\/td>\n<\/tr>\n<tr class=\"row-33\">\n\t<td class=\"column-1\">Leabhair agus Gn\u00edomha\u00edochta\u00ed Nasctha le Garra\u00edod\u00f3ireacht<\/td><td class=\"column-2\">Forbhreathn\u00fa ar leabhair agus gn\u00edomha\u00edochta\u00ed a bhaineann le garra\u00edod\u00f3ireacht chun cabhr\u00fa le foghlaim sa bhaile.<\/td><td class=\"column-3\"><a href=\"https:\/\/ncse.ie\/wp-content\/uploads\/2020\/04\/Books-and-Activities-Linked-to-Gardening.pdf\">F\u00e9ach\/\u00cdosl\u00f3d\u00e1il<\/a><\/td>\n<\/tr>\n<tr class=\"row-34\">\n\t<td class=\"column-1\">An aip \u00c1r Sc\u00e9al a \u00fas\u00e1id chun Tac\u00fa le Foghlaim Baile le Garra\u00edod\u00f3ireacht<\/td><td class=\"column-2\">Treoir maidir len\u00e1r nAip Sc\u00e9il a \u00fas\u00e1id chun sc\u00e9al a dh\u00e9anamh a bhaineann le garra\u00edod\u00f3ireacht <\/td><td class=\"column-3\"><a href=\"https:\/\/ncse.ie\/wp-content\/uploads\/2020\/04\/Using-the-\u0432\u0402\u045aOur-Story\u0432\u0402\u045c-app-to-Support-Home-Learning-with-Gardening.pdf\">B\u00e9arla<\/a><br \/>\n<a href=\"https:\/\/ncse.ie\/wp-content\/uploads\/2020\/05\/using-the-Our-Story-app-to-Support-Home-Learning-with-Gardening.pdf\">Gaeilge<\/a><\/td>\n<\/tr>\n<tr class=\"row-35\">\n\t<td class=\"column-1\">Gearradh agus Greamaigh\u00a0Garra\u00edod\u00f3ireachta agus gn\u00edomha\u00edocht s\u00f3rt\u00e1la<\/td><td class=\"column-2\">Is acmhainn \u00ed seo a d'fh\u00e9adfa\u00ed a phriont\u00e1il sa bhaile agus is \u00e9ard at\u00e1 i gceist leis n\u00e1 \u00edomh\u00e1nna a ghearradh agus a sh\u00f3rt\u00e1il i fiail\u00ed agus bl\u00e1thanna. <\/td><td class=\"column-3\"><a href=\"https:\/\/ncse.ie\/wp-content\/uploads\/2020\/04\/Gardening-Cutting-and-pasting-sorting-activity.pdf\">B\u00e9arla<\/a><\/td>\n<\/tr>\n<tr class=\"row-36\">\n\t<td class=\"column-1\">T\u00f3ra\u00edocht Taisce Garra\u00edod\u00f3ireachta<\/td><td class=\"column-2\">Is acmhainn \u00ed seo a d'fh\u00e9adfa\u00ed a dh\u00e9anamh sa bhaile sa ghaird\u00edn n\u00f3 i bp\u00e1irc \u00e1iti\u00fail le h\u00edomh\u00e1nna de ruda\u00ed le f\u00e1il a bhaineann le t\u00e9ama na garra\u00edod\u00f3ireachta.<\/td><td class=\"column-3\"><a href=\"https:\/\/ncse.ie\/wp-content\/uploads\/2020\/04\/Gardening-Treasure-Hunt.pdf\">B\u00e9arla<\/a><br \/>\n<a href=\"https:\/\/ncse.ie\/wp-content\/uploads\/2020\/05\/Gardening-Treasure-Hunt.pdf\">Gaeilge<\/a><\/td>\n<\/tr>\n<tr class=\"row-37\">\n\t<td class=\"column-1\">Gn\u00edomha\u00edochta\u00ed s\u00f3rt\u00e1la le haghaidh garra\u00edod\u00f3ireachta<\/td><td class=\"column-2\">Is scil an-t\u00e1bhachtach \u00ed an s\u00f3rt\u00e1il do leana\u00ed agus caitear go leor ama ag forbairt na scile seo ar scoil. Seo dh\u00e1 smaoineamh simpl\u00ed s\u00f3rt\u00e1la chun iarracht a dh\u00e9anamh sa bhaile a bhaineann le t\u00e9ama na garra\u00edod\u00f3ireachta<\/td><td class=\"column-3\"><a href=\"https:\/\/ncse.ie\/wp-content\/uploads\/2020\/04\/Sorting-activities-for-gardening.pdf\">B\u00e9arla<\/a><br \/>\n<a href=\"https:\/\/ncse.ie\/wp-content\/uploads\/2020\/05\/Sorting-activity-for-gardening.pdf\">Gaeilge<\/a><\/td>\n<\/tr>\n<tr class=\"row-38\">\n\t<td class=\"column-1\">Conair D\u00falra Garra\u00edod\u00f3ireachta<\/td><td class=\"column-2\">D'fh\u00e9adfa\u00ed an rian seo a \u00fas\u00e1id sa ghaird\u00edn n\u00f3 sa ph\u00e1irc \u00e1iti\u00fail<\/td><td class=\"column-3\"><a href=\"https:\/\/ncse.ie\/wp-content\/uploads\/2020\/04\/Gardening-Nature-Trail.pdf\">B\u00e9arla<\/a><\/td>\n<\/tr>\n<tr class=\"row-39\">\n\t<td class=\"column-1\">Leideanna maidir le h\u00fas\u00e1id an Sc\u00e1ile\u00e1in Ghlais le haghaidh Cianmh\u00fainteoireachta<br \/>\n<\/td><td class=\"column-2\">Is bealach simpl\u00ed \u00e9 seo chun treoir a thabhairt maidir le sc\u00e1ile\u00e1n glas a \u00fas\u00e1id. L\u00e9igh na m\u00fainteoir\u00ed treoracha c\u00e9im ar ch\u00e9im agus feiceann siad f\u00edse\u00e1n \u00f3 mh\u00fainteoir ag baint \u00fas\u00e1ide as an gcur chuige seo chun teagmh\u00e1il a dh\u00e9anamh lena chuid dalta\u00ed le linn an ama seo. <\/td><td class=\"column-3\"><a href=\"https:\/\/ncse.ie\/wp-content\/uploads\/2020\/04\/Green-Screen-Resource.pdf\">B\u00e9arla<\/a><br \/>\n<a href=\"https:\/\/ncse.ie\/wp-content\/uploads\/2020\/05\/Tips-on-Green-Screen-use-for-Remote-Teaching.pdf\">Gaeilge<\/a><\/td>\n<\/tr>\n<\/tbody>\n<\/table>\n<!-- #tablepress-118 from cache -->\n<\/div>","protected":false},"excerpt":{"rendered":"<p><!-- RS_MODULE_CODE_2.4.4 --><\/p>\n<div id=\"readspeaker_button31283\" class=\"rs_skip rsbtn rs_preserve\"><a class=\"rsbtn_play\" title=\"Listen to this page using ReadSpeaker\" accesskey=\"L\" href=\"\/\/app-eu.readspeaker.com\/cgi-bin\/rsent?customerid=10499&amp;lang=en_uk&amp;readid=rspeak_read_31283&amp;url=https%3A%2F%2Fncse.ie%2Fga%2Fwp-json%2Fwp%2Fv2%2Fpages%2F31283\"><br \/>\n        <span class=\"rsbtn_left rsimg rspart\"><span class=\"rsbtn_text\"><span>Listen<\/span><\/span><\/span><br \/>\n        <span class=\"rsbtn_right rsimg rsplay rspart\"><\/span><br \/>\n        <\/a><\/div>\n<div id=\"rspeak_read_31283\"><\/div>\n","protected":false},"author":5,"featured_media":0,"parent":0,"menu_order":0,"comment_status":"open","ping_status":"open","template":"","meta":{"footnotes":""},"class_list":["post-31283","page","type-page","status-publish","hentry"],"_links":{"self":[{"href":"https:\/\/ncse.ie\/ga\/wp-json\/wp\/v2\/pages\/31283","targetHints":{"allow":["GET"]}}],"collection":[{"href":"https:\/\/ncse.ie\/ga\/wp-json\/wp\/v2\/pages"}],"about":[{"href":"https:\/\/ncse.ie\/ga\/wp-json\/wp\/v2\/types\/page"}],"author":[{"embeddable":true,"href":"https:\/\/ncse.ie\/ga\/wp-json\/wp\/v2\/users\/5"}],"replies":[{"embeddable":true,"href":"https:\/\/ncse.ie\/ga\/wp-json\/wp\/v2\/comments?post=31283"}],"version-history":[{"count":6,"href":"https:\/\/ncse.ie\/ga\/wp-json\/wp\/v2\/pages\/31283\/revisions"}],"predecessor-version":[{"id":39917,"href":"https:\/\/ncse.ie\/ga\/wp-json\/wp\/v2\/pages\/31283\/revisions\/39917"}],"wp:attachment":[{"href":"https:\/\/ncse.ie\/ga\/wp-json\/wp\/v2\/media?parent=31283"}],"curies":[{"name":"wp","href":"https:\/\/api.w.org\/{rel}","templated":true}]}}