{"id":31415,"date":"2020-04-21T07:56:24","date_gmt":"2020-04-21T06:56:24","guid":{"rendered":"https:\/\/ncse.ie\/teacher-early-years-visiting-teachers-support"},"modified":"2024-02-10T11:21:38","modified_gmt":"2024-02-10T11:21:38","slug":"teacher-early-years-visiting-teachers-support","status":"publish","type":"page","link":"https:\/\/ncse.ie\/ga\/teacher-early-years-visiting-teachers-support","title":{"rendered":"Acmhainn\u00ed i nd\u00e1il le \u2018Taca\u00edocht Mh\u00fainteoir\u00ed Cuarta\u00edochta\u2019 don mh\u00fainteoir at\u00e1 ag m\u00fanadh leana\u00ed sna Luathbhlianta"},"content":{"rendered":"<!-- RS_MODULE_CODE_2.4.4 --><div id=\"readspeaker_button31415\" class=\"rs_skip rsbtn rs_preserve\"><a class=\"rsbtn_play\" title=\"Listen to this page using ReadSpeaker\" accesskey=\"L\" href=\"\/\/app-eu.readspeaker.com\/cgi-bin\/rsent?customerid=10499&amp;lang=en_uk&amp;readid=rspeak_read_31415&amp;url=https%3A%2F%2Fncse.ie%2Fga%2Fwp-json%2Fwp%2Fv2%2Fpages%2F31415\">\r\n        <span class=\"rsbtn_left rsimg rspart\"><span class=\"rsbtn_text\"><span>Listen<\/span><\/span><\/span>\r\n        <span class=\"rsbtn_right rsimg rsplay rspart\"><\/span>\r\n        <\/a><\/div><div id=\"rspeak_read_31415\">\n<table id=\"tablepress-118\" class=\"tablepress tablepress-id-118\">\n<thead>\n<tr class=\"row-1\">\n\t<th class=\"column-1\">Teideal<\/th><th class=\"column-2\">Cur S\u00edos<\/th><th class=\"column-3\">Nasc<\/th>\n<\/tr>\n<\/thead>\n<tbody class=\"row-striping row-hover\">\n<tr class=\"row-2\">\n\t<td class=\"column-1\">Smaointe litearthachta bunaithe ar an leabhar sc\u00e9alta 'The Thing About Spring' <\/td><td class=\"column-2\">Strait\u00e9is\u00ed agus molta\u00ed tuisceana, feasacht f\u00f3ineola\u00edochta agus gn\u00edomha\u00edochta\u00ed f\u00f3naice agus bord roghanna bunaithe ar leabhar picti\u00far do dheireadh s\u00f3isearach na Bunscoile. (Tuismitheoir\u00ed agus M\u00fainteoir\u00ed; Luathbhlianta, Bunscoil)<\/td><td class=\"column-3\"><a href=\"https:\/\/ncse.ie\/wp-content\/uploads\/2021\/02\/Literacy-ideas-based-on-The-Thing-About-Spring-storybook.pdf\">B\u00e9arla<\/a><\/td>\n<\/tr>\n<tr class=\"row-3\">\n\t<td class=\"column-1\">Meg's Veg - Sc\u00e9al C\u00e9adfach Earraigh <\/td><td class=\"column-2\">Baineann an sc\u00e9al seo \u00fas\u00e1id as na c\u00e9adfa\u00ed ar fad agus is f\u00e9idir \u00e9 a \u00fas\u00e1id le dalta\u00ed a fhoghlaim\u00edonn an rud is fearr tr\u00ed dh\u00e9anamh (Tuismitheoir\u00ed agus M\u00fainteoir\u00ed; Luathbhlianta agus Bunscoileanna)<\/td><td class=\"column-3\"><a href=\"https:\/\/ncse.ie\/wp-content\/uploads\/2021\/02\/Megs-Veg-A-Spring-Sensory-Story.pdf\">B\u00e9arla<\/a><\/td>\n<\/tr>\n<tr class=\"row-4\">\n\t<td class=\"column-1\">A. Socr\u00fa Tapa: Tuiscint ar do Phac\u00e1iste C\u00faraim C\u00fanaimh \u00c9isteachta<\/td><td class=\"column-2\">Treoir a d'ullmhaigh M\u00fainteoir\u00ed ar Cuairt chun do Phac\u00e1iste C\u00faraim C\u00fanaimh \u00c9isteachta a Thuiscint.<\/td><td class=\"column-3\"><a href=\"https:\/\/ncse.ie\/wp-content\/uploads\/2020\/06\/A-Quick-Set-Up-Understanding-your-Hearing-Aid-Care-Pack.pdf\">F\u00e9ach\/\u00cdosl\u00f3d\u00e1il<\/a><\/td>\n<\/tr>\n<tr class=\"row-5\">\n\t<td class=\"column-1\">B. Socr\u00fa Tapa: C\u00faram agus Cothabh\u00e1il<\/td><td class=\"column-2\">Treoir maidir le pac\u00e1ist\u00ed C\u00fanaimh \u00c9isteachta a bhun\u00fa agus a chothabh\u00e1il. <\/td><td class=\"column-3\"><a href=\"https:\/\/ncse.ie\/wp-content\/uploads\/2020\/06\/B_Quick-Set-Up_Care-and-Maintenance_08.06.20.pdf\">F\u00e9ach\/\u00cdosl\u00f3d\u00e1il<\/a><\/td>\n<\/tr>\n<tr class=\"row-6\">\n\t<td class=\"column-1\">C. Socr\u00fa Tapa: N\u00faicl\u00e9as Cochlear 6 Roger 14 Glacad\u00f3ir<\/td><td class=\"column-2\">Bileog Socraithe Tapa: N\u00faicl\u00e9as 6, Roger 14 Glacad\u00f3ir, Micreaf\u00f3n\u00a0Sc\u00e1ile\u00e1n Tadhaill\/Tarchurad\u00f3ir agus C\u00f3ras Soundfield<\/td><td class=\"column-3\"><a href=\"https:\/\/ncse.ie\/wp-content\/uploads\/2020\/06\/C_Quick-Set-Up-Cochlear-Nucleus-6-Roger-14-Receiver_08.06.20.pdf\">F\u00e9ach\/\u00cdosl\u00f3d\u00e1il<\/a><\/td>\n<\/tr>\n<tr class=\"row-7\">\n\t<td class=\"column-1\">D. Socr\u00fa Tapa: Sc\u00e1ile\u00e1n Tadhaill N\u00faicl\u00e9as Cochlear 7 agus SFS<\/td><td class=\"column-2\">Bileog Socraithe Tapa: N\u00faicl\u00e9as 7, Roger 20 Glacad\u00f3ir, Micreaf\u00f3n\u00a0Sc\u00e1ile\u00e1n Tadhaill\/Tarchurad\u00f3ir agus C\u00f3ras Soundfield<\/td><td class=\"column-3\"><a href=\"https:\/\/ncse.ie\/wp-content\/uploads\/2020\/06\/D_Quick-Set-Up-Cochlear-Nucleus-7-Touch-Screen-and-SFS_08.06.20.pdf\">F\u00e9ach\/\u00cdosl\u00f3d\u00e1il<\/a><\/td>\n<\/tr>\n<tr class=\"row-8\">\n\t<td class=\"column-1\">E. Socr\u00fa Tapa: Conas Glacad\u00f3ir N\u00faicl\u00e9as 7 a Sheice\u00e1il le Cluas\u00e1in Monat\u00f3ireachta<\/td><td class=\"column-2\">Bileog Socraigh tapa: Conas Pr\u00f3ise\u00e1la\u00ed agus Glacad\u00f3ir N\u00faicl\u00e9as 7 a sheice\u00e1il le Cluas\u00e1in Monat\u00f3ireachta<\/td><td class=\"column-3\"><a href=\"https:\/\/ncse.ie\/wp-content\/uploads\/2020\/06\/E_Quick-Set-Up-How-to-Check-Nucleus-7-Receiver-with-Monitoring-Earphones.pdf\">F\u00e9ach\/\u00cdosl\u00f3d\u00e1il<\/a><\/td>\n<\/tr>\n<tr class=\"row-9\">\n\t<td class=\"column-1\">F. Socr\u00fa Tapa: Conas Roger a Nascadh Ar Micreaf\u00f3n<\/td><td class=\"column-2\">Socr\u00fa Tapa: Conas Roger a Nascadh Ar Micreaf\u00f3n<\/td><td class=\"column-3\"><a href=\"https:\/\/ncse.ie\/wp-content\/uploads\/2023\/09\/Roger-On-Guide-May-2023.pdf\">F\u00e9ach\/\u00cdosl\u00f3d\u00e1il<\/a><\/td>\n<\/tr>\n<tr class=\"row-10\">\n\t<td class=\"column-1\">G. Socr\u00fa Tapa: C\u00f3ras Juno Soundfield<\/td><td class=\"column-2\">Bileog Socraithe Tapa: C\u00f3ras Juno Soundfield <\/td><td class=\"column-3\"><a href=\"https:\/\/ncse.ie\/wp-content\/uploads\/2020\/06\/F_Quick-Set-Up-Juno-Soundfield-System_08.06.20.pdf\">F\u00e9ach\/\u00cdosl\u00f3d\u00e1il<\/a><\/td>\n<\/tr>\n<tr class=\"row-11\">\n\t<td class=\"column-1\">H. Socraigh Tapa: Micreaf\u00f3n Roger Select<\/td><td class=\"column-2\">Bileog Socraithe Tapa: Conas an Roger Roghnaigh Micreaf\u00f3n\/Tarchurad\u00f3ir a Nascadh<\/td><td class=\"column-3\"><a href=\"https:\/\/ncse.ie\/wp-content\/uploads\/2020\/06\/G_Quick-Set-Up-Roger-Select-Microphone_08.06.20.pdf\">F\u00e9ach\/\u00cdosl\u00f3d\u00e1il<\/a><\/td>\n<\/tr>\n<tr class=\"row-12\">\n\t<td class=\"column-1\">I. Socr\u00fa Tapa: Digimaster le Glacad\u00f3ir\u00ed Comhth\u00e1ite<\/td><td class=\"column-2\">Teicneola\u00edocht Ch\u00fanta do Bhodhar\/ Deacrachta\u00ed \u00c9isteachta<br \/>\nCoras Digimaster Soundfield<\/td><td class=\"column-3\"><a href=\"https:\/\/ncse.ie\/wp-content\/uploads\/2020\/06\/H_Quick-Set-Up_Digimaster-with-Integrated-Receivers.pdf\">B\u00e9arla<\/a><br \/>\n<a href=\"https:\/\/ncse.ie\/wp-content\/uploads\/2020\/09\/TR_I_Quick-Set-Up_Digimaster-with-Integrated-Receivers_08.06.20.pdf\">Gaeilge<\/a><\/td>\n<\/tr>\n<tr class=\"row-13\">\n\t<td class=\"column-1\">Connect 12 sa Seomra Ranga<\/td><td class=\"column-2\">T\u00e1 na n\u00f3ta\u00ed seo deartha do mh\u00fainteoir at\u00e1 ag cur f\u00e1ilte roimh leana\u00ed ag \u00fas\u00e1id Connect 12 chuig a rang don scoilbhliain nua.  <\/td><td class=\"column-3\"><a href=\"https:\/\/ncse.ie\/wp-content\/uploads\/2023\/05\/Introducing-Connect-12-to-new-teacher.docx\">F\u00e9ach\/\u00cdosl\u00f3d\u00e1il<\/a><\/td>\n<\/tr>\n<tr class=\"row-14\">\n\t<td class=\"column-1\">R\u00e9amhr\u00e1 leis an Connect 12 Cuid 2<\/td><td class=\"column-2\">T\u00e1 an r\u00e9amhr\u00e1 treoraithe seo don Connect 12 mar aon leis na f\u00edse\u00e1in at\u00e1 ceangailte deartha go sonrach chun tac\u00fa le m\u00fainteoir\u00ed, tuismitheoir\u00ed agus C\u00fant\u00f3ir\u00ed Riachtanas Speisialta a bhfuil baint acu le cl\u00e1r an tSamhraidh. Ullmha\u00edtear iad ar an eolas go mb'fh\u00e9idir nach raibh an teicneola\u00edocht seo ag na daoine sin roimhe seo n\u00f3 gur chuir siad dalta\u00ed in aithne don ph\u00edosa Teicneola\u00edochta C\u00fanta seo.  <\/td><td class=\"column-3\"><a href=\"https:\/\/ncse.ie\/wp-content\/uploads\/2023\/05\/Introduction-to-the-Connect-12-Final-Document.docx\">F\u00e9ach\/\u00cdosl\u00f3d\u00e1il<\/a><\/td>\n<\/tr>\n<tr class=\"row-15\">\n\t<td class=\"column-1\">Socr\u00fa M\u00f3d Sreafa caighde\u00e1n\u00a0le h\u00fas\u00e1id le Seirbh\u00eds\u00ed L\u00e9itheoireachta Leabhair EPUB<\/td><td class=\"column-2\">Socr\u00fa M\u00f3d Sreafa caighde\u00e1n\u00a0le h\u00fas\u00e1id le Seirbh\u00eds\u00ed L\u00e9itheoireachta Leabhair EPUB<\/td><td class=\"column-3\"><a href=\"https:\/\/ncse.ie\/wp-content\/uploads\/2023\/03\/Calibre-Flow-Mode-Setting-for-use-with-Reading-Services-EPUB-Books.pdf\">F\u00e9ach\/\u00cdosl\u00f3d\u00e1il<\/a><\/td>\n<\/tr>\n<tr class=\"row-16\">\n\t<td class=\"column-1\">Leabhr\u00e1n Eolais EPUB - Childvision<\/td><td class=\"column-2\">Leabhr\u00e1n Eolais EPUB - Childvision<\/td><td class=\"column-3\"><a href=\"https:\/\/ncse.ie\/wp-content\/uploads\/2023\/03\/EPUB-Information-Booklet_Childvision.pdf\">F\u00e9ach\/\u00cdosl\u00f3d\u00e1il<\/a><\/td>\n<\/tr>\n<tr class=\"row-17\">\n\t<td class=\"column-1\">Conas leabhair DAISY agus EPUB a \u00edosl\u00f3d\u00e1il agus a shuite\u00e1il ar Connect 12<\/td><td class=\"column-2\">Conas leabhair DAISY agus EPUB a \u00edosl\u00f3d\u00e1il agus a shuite\u00e1il ar Connect 12<\/td><td class=\"column-3\"><a href=\"https:\/\/ncse.ie\/wp-content\/uploads\/2023\/03\/How-to-Download-and-Install-DAISY-and-EPUB-books-on-Connect-12.pdf\">F\u00e9ach\/\u00cdosl\u00f3d\u00e1il<\/a><\/td>\n<\/tr>\n<tr class=\"row-18\">\n\t<td class=\"column-1\">Conas leabhair DAISY agus EPUB a \u00edosl\u00f3d\u00e1il agus a shuite\u00e1il ar an iPad<\/td><td class=\"column-2\">Conas leabhair DAISY agus EPUB a \u00edosl\u00f3d\u00e1il agus a shuite\u00e1il ar an iPad<\/td><td class=\"column-3\"><a href=\"https:\/\/ncse.ie\/wp-content\/uploads\/2023\/03\/How-to-Download-and-Install-DAISY-and-EPUB-books-on-the-iPad.pdf\">F\u00e9ach\/\u00cdosl\u00f3d\u00e1il<\/a><\/td>\n<\/tr>\n<tr class=\"row-19\">\n\t<td class=\"column-1\">Conas leabhair DAISY a \u00edosl\u00f3d\u00e1il agus a shuite\u00e1il ar an Aip EasyReader do Windows<\/td><td class=\"column-2\">Conas leabhair DAISY a \u00edosl\u00f3d\u00e1il agus a shuite\u00e1il ar an Aip EasyReader do Windows<\/td><td class=\"column-3\"><a href=\"https:\/\/ncse.ie\/wp-content\/uploads\/2023\/03\/How-to-Download-and-Install-DAISY-books-on-the-EasyReader-App-for-Windows.pdf\">F\u00e9ach\/\u00cdosl\u00f3d\u00e1il<\/a><\/td>\n<\/tr>\n<tr class=\"row-20\">\n\t<td class=\"column-1\">Conas leabhair EPUB a \u00edosl\u00f3d\u00e1il agus a shuite\u00e1il ar an Aip EasyReader do Windows<\/td><td class=\"column-2\">Conas leabhair EPUB a \u00edosl\u00f3d\u00e1il agus a shuite\u00e1il ar an Aip EasyReader do Windows<\/td><td class=\"column-3\"><a href=\"https:\/\/ncse.ie\/wp-content\/uploads\/2023\/03\/How-to-Download-and-Install-EPUB-books-on-the-EasyReader-App-for-Windows.pdf\">F\u00e9ach\/\u00cdosl\u00f3d\u00e1il<\/a><\/td>\n<\/tr>\n<tr class=\"row-21\">\n\t<td class=\"column-1\">Litir do Students_DAISY Shortcuts_Childvision<\/td><td class=\"column-2\">Litir do Students_DAISY Shortcuts_Childvision<\/td><td class=\"column-3\"><a href=\"https:\/\/ncse.ie\/wp-content\/uploads\/2023\/03\/Letter-for-Students_DAISY-Shortcuts_Childvision.pdf\">F\u00e9ach\/\u00cdosl\u00f3d\u00e1il<\/a><\/td>\n<\/tr>\n<tr class=\"row-22\">\n\t<td class=\"column-1\">Forainmneacha<\/td><td class=\"column-2\">Smaointe chun iarracht a dh\u00e9anamh sa bhaile chun tac\u00fa le Mearbhall leis na forainmneacha s\u00e9 agus s\u00ed.<\/td><td class=\"column-3\"><a href=\"https:\/\/ncse.ie\/wp-content\/uploads\/2020\/05\/Pronouns-.pdf\">B\u00e9arla<\/a><br \/>\n<a href=\"https:\/\/ncse.ie\/wp-content\/uploads\/2020\/06\/Pronouns.pdf\">Gaeilge<\/a><\/td>\n<\/tr>\n<tr class=\"row-23\">\n\t<td class=\"column-1\">Leideanna chun foghlaim ar l\u00edne a dh\u00e9anamh n\u00edos inrochtana do Dhalta\u00ed Bodhra agus do Dhalta\u00ed a bhfuil Deacrachta\u00ed \u00c9isteachta acu<\/td><td class=\"column-2\">Leideanna foghlama ar l\u00edne maidir le ceamara, fotheidil, \u00fas\u00e1id fm &amp; leideanna ginear\u00e1lta.<\/td><td class=\"column-3\"><a href=\"https:\/\/ncse.ie\/wp-content\/uploads\/2020\/05\/Tips-for-making-online-learning-more-accessible-for-Deaf-and-Hard-of-Hearing-Students.pdf\">B\u00e9arla<\/a><br \/>\n<a href=\"https:\/\/ncse.ie\/wp-content\/uploads\/2020\/06\/Tips-for-making-online-learning-more-accessible-for-Deaf-and-Hard-of-Hearing-Students.pdf\">Gaeilge<\/a><\/td>\n<\/tr>\n<tr class=\"row-24\">\n\t<td class=\"column-1\">Bosca\u00ed C\u00e9adfacha - Acmhainn do Dhalta\u00ed_VI<\/td><td class=\"column-2\">\u00c1r gC\u00e9adfa\u00ed a Ini\u00fachadh do Leanbh le Lagamhairc.<\/td><td class=\"column-3\"><a href=\"https:\/\/ncse.ie\/wp-content\/uploads\/2020\/05\/Sensory-Boxes-A-Resource-for-Parents_VI.pdf\">B\u00e9arla<\/a><br \/>\n<a href=\"https:\/\/ncse.ie\/wp-content\/uploads\/2020\/05\/Sensory-Boxes-A-Resource-for-Parents_VI-1.pdf\">Gaeilge<\/a><\/td>\n<\/tr>\n<tr class=\"row-25\">\n\t<td class=\"column-1\">Roinnt Leabhar C\u00f3caireachta i mBraille do Leana\u00ed<\/td><td class=\"column-2\">Forbhreathn\u00fa ar thr\u00ed Leabhar C\u00f3caireachta at\u00e1 ar f\u00e1il i mBraille<\/td><td class=\"column-3\"><a href=\"https:\/\/ncse.ie\/wp-content\/uploads\/2020\/05\/Some-Cookbooks-in-Braille-for-Children.pdf\">F\u00e9ach\/\u00cdosl\u00f3d\u00e1il<\/a><\/td>\n<\/tr>\n<tr class=\"row-26\">\n\t<td class=\"column-1\">Garra\u00edod\u00f3ireacht do Dhalta\u00ed at\u00e1 Dall\/Daoine Lagamhairc<\/td><td class=\"column-2\">Acmhainn a d'ullmhaigh \u00e1r M\u00fainteoir\u00ed Cuairte chun tac\u00fa le dalta\u00ed at\u00e1 dall \/ lagamhairc maidir le garra\u00edod\u00f3ireacht.<\/td><td class=\"column-3\"><a href=\"https:\/\/ncse.ie\/wp-content\/uploads\/2020\/04\/Gardening_Students-who-are-Blind-Visually-Impaired.pdf\">B\u00e9arla<\/a><br \/>\n<a href=\"https:\/\/ncse.ie\/wp-content\/uploads\/2020\/05\/Gardening-for-students-who-are-deaf-hard-of-hearing.pdf\">Gaeilge<\/a><\/td>\n<\/tr>\n<tr class=\"row-27\">\n\t<td class=\"column-1\">Garra\u00edod\u00f3ireacht do Dhalta\u00ed at\u00e1 Bodhar n\u00f3 a bhfuil Deacrachta\u00ed \u00c9isteachta acu<\/td><td class=\"column-2\">Acmhainn a d'ullmhaigh \u00e1r M\u00fainteoir\u00ed Ar Cuairt chun tac\u00fa le dalta\u00ed at\u00e1 bodhar \/ a bhfuil deacrachta\u00ed \u00e9isteachta acu maidir le garra\u00edod\u00f3ireacht.<\/td><td class=\"column-3\"><a href=\"https:\/\/ncse.ie\/wp-content\/uploads\/2020\/04\/Gardening-for-Students-who-are-Deaf-or-Hard-of-Hearing.pdf\">B\u00e9arla<\/a><br \/>\n<a href=\"https:\/\/ncse.ie\/wp-content\/uploads\/2020\/05\/Gardening-students-who-are-visually-impaired.pdf\">Gaeilge<\/a><\/td>\n<\/tr>\n<\/tbody>\n<\/table>\n<!-- #tablepress-118 from cache -->\n<\/div>","protected":false},"excerpt":{"rendered":"<p><!-- RS_MODULE_CODE_2.4.4 --><\/p>\n<div id=\"readspeaker_button31415\" class=\"rs_skip rsbtn rs_preserve\"><a class=\"rsbtn_play\" title=\"Listen to this page using ReadSpeaker\" accesskey=\"L\" href=\"\/\/app-eu.readspeaker.com\/cgi-bin\/rsent?customerid=10499&amp;lang=en_uk&amp;readid=rspeak_read_31415&amp;url=https%3A%2F%2Fncse.ie%2Fga%2Fwp-json%2Fwp%2Fv2%2Fpages%2F31415\"><br \/>\n        <span class=\"rsbtn_left rsimg rspart\"><span class=\"rsbtn_text\"><span>Listen<\/span><\/span><\/span><br \/>\n        <span class=\"rsbtn_right rsimg rsplay rspart\"><\/span><br \/>\n        <\/a><\/div>\n<div id=\"rspeak_read_31415\"><\/div>\n","protected":false},"author":5,"featured_media":0,"parent":0,"menu_order":0,"comment_status":"open","ping_status":"open","template":"","meta":{"footnotes":""},"class_list":["post-31415","page","type-page","status-publish","hentry"],"_links":{"self":[{"href":"https:\/\/ncse.ie\/ga\/wp-json\/wp\/v2\/pages\/31415","targetHints":{"allow":["GET"]}}],"collection":[{"href":"https:\/\/ncse.ie\/ga\/wp-json\/wp\/v2\/pages"}],"about":[{"href":"https:\/\/ncse.ie\/ga\/wp-json\/wp\/v2\/types\/page"}],"author":[{"embeddable":true,"href":"https:\/\/ncse.ie\/ga\/wp-json\/wp\/v2\/users\/5"}],"replies":[{"embeddable":true,"href":"https:\/\/ncse.ie\/ga\/wp-json\/wp\/v2\/comments?post=31415"}],"version-history":[{"count":5,"href":"https:\/\/ncse.ie\/ga\/wp-json\/wp\/v2\/pages\/31415\/revisions"}],"predecessor-version":[{"id":40130,"href":"https:\/\/ncse.ie\/ga\/wp-json\/wp\/v2\/pages\/31415\/revisions\/40130"}],"wp:attachment":[{"href":"https:\/\/ncse.ie\/ga\/wp-json\/wp\/v2\/media?parent=31415"}],"curies":[{"name":"wp","href":"https:\/\/api.w.org\/{rel}","templated":true}]}}