{"id":31421,"date":"2020-04-21T07:58:07","date_gmt":"2020-04-21T06:58:07","guid":{"rendered":"https:\/\/ncse.ie\/teacher-post-primary-visiting-teachers-support"},"modified":"2024-02-10T11:18:54","modified_gmt":"2024-02-10T11:18:54","slug":"teacher-post-primary-visiting-teachers-support","status":"publish","type":"page","link":"https:\/\/ncse.ie\/ga\/teacher-post-primary-visiting-teachers-support","title":{"rendered":"Acmhainn\u00ed i nd\u00e1il le \u2018Taca\u00edocht Mh\u00fainteoir\u00ed Cuarta\u00edochta\u2019 don mh\u00fainteoir at\u00e1 ag m\u00fanadh leana\u00ed in Iar-Bhunscoil"},"content":{"rendered":"<!-- RS_MODULE_CODE_2.4.4 --><div id=\"readspeaker_button31421\" class=\"rs_skip rsbtn rs_preserve\"><a class=\"rsbtn_play\" title=\"Listen to this page using ReadSpeaker\" accesskey=\"L\" href=\"\/\/app-eu.readspeaker.com\/cgi-bin\/rsent?customerid=10499&amp;lang=en_uk&amp;readid=rspeak_read_31421&amp;url=https%3A%2F%2Fncse.ie%2Fga%2Fwp-json%2Fwp%2Fv2%2Fpages%2F31421\">\r\n        <span class=\"rsbtn_left rsimg rspart\"><span class=\"rsbtn_text\"><span>Listen<\/span><\/span><\/span>\r\n        <span class=\"rsbtn_right rsimg rsplay rspart\"><\/span>\r\n        <\/a><\/div><div id=\"rspeak_read_31421\">\n<table id=\"tablepress-118\" class=\"tablepress tablepress-id-118\">\n<thead>\n<tr class=\"row-1\">\n\t<th class=\"column-1\">Teideal<\/th><th class=\"column-2\">Cur S\u00edos<\/th><th class=\"column-3\">Nasc<\/th>\n<\/tr>\n<\/thead>\n<tbody class=\"row-striping row-hover\">\n<tr class=\"row-2\">\n\t<td class=\"column-1\">Leideanna Staid\u00e9ir do Dhalta\u00ed ag Leibh\u00e9al na hIar-bhunscoile<\/td><td class=\"column-2\">Cuireann an bhileog seo comhairle agus strait\u00e9is\u00ed simpl\u00ed ar f\u00e1il do dhalta\u00ed Iar-bhunscoile maidir le staid\u00e9ar. D'fh\u00e9adfadh s\u00e9 a bheith \u00fas\u00e1ideach do mh\u00fainteoir\u00ed a ionchorpr\u00fa ina gceachtanna n\u00f3 do mh\u00fainteoir\u00ed n\u00f3 do thuismitheoir\u00ed a roinnt go d\u00edreach le dalta\u00ed.<\/td><td class=\"column-3\"><a href=\"https:\/\/ncse.ie\/wp-content\/uploads\/2021\/02\/Final_Study_Tips_PP_Website_Resource_030221_Eng.pdf\">B\u00e9arla<\/a><\/td>\n<\/tr>\n<tr class=\"row-3\">\n\t<td class=\"column-1\">A. Socr\u00fa Tapa: Tuiscint ar do Phac\u00e1iste C\u00faraim C\u00fanaimh \u00c9isteachta<\/td><td class=\"column-2\">Treoir a d'ullmhaigh M\u00fainteoir\u00ed ar Cuairt chun do Phac\u00e1iste C\u00faraim C\u00fanaimh \u00c9isteachta a Thuiscint.<\/td><td class=\"column-3\"><a href=\"https:\/\/ncse.ie\/wp-content\/uploads\/2020\/06\/A-Quick-Set-Up-Understanding-your-Hearing-Aid-Care-Pack.pdf\">F\u00e9ach\/\u00cdosl\u00f3d\u00e1il<\/a><\/td>\n<\/tr>\n<tr class=\"row-4\">\n\t<td class=\"column-1\">B. Socr\u00fa Tapa: C\u00faram agus Cothabh\u00e1il<\/td><td class=\"column-2\">Treoir maidir le pac\u00e1ist\u00ed C\u00fanaimh \u00c9isteachta a bhun\u00fa agus a chothabh\u00e1il. <\/td><td class=\"column-3\"><a href=\"https:\/\/ncse.ie\/wp-content\/uploads\/2020\/06\/B_Quick-Set-Up_Care-and-Maintenance_08.06.20.pdf\">F\u00e9ach\/\u00cdosl\u00f3d\u00e1il<\/a><\/td>\n<\/tr>\n<tr class=\"row-5\">\n\t<td class=\"column-1\">C. Socr\u00fa Tapa: N\u00faicl\u00e9as Cochlear 6 Roger 14 Glacad\u00f3ir<\/td><td class=\"column-2\">Bileog Socraithe Tapa: N\u00faicl\u00e9as 6, Roger 14 Glacad\u00f3ir, Micreaf\u00f3n\u00a0Sc\u00e1ile\u00e1n Tadhaill\/Tarchurad\u00f3ir agus C\u00f3ras Soundfield<\/td><td class=\"column-3\"><a href=\"https:\/\/ncse.ie\/wp-content\/uploads\/2020\/06\/C_Quick-Set-Up-Cochlear-Nucleus-6-Roger-14-Receiver_08.06.20.pdf\">F\u00e9ach\/\u00cdosl\u00f3d\u00e1il<\/a><\/td>\n<\/tr>\n<tr class=\"row-6\">\n\t<td class=\"column-1\">D. Socr\u00fa Tapa: Sc\u00e1ile\u00e1n Tadhaill N\u00faicl\u00e9as Cochlear 7 agus SFS<\/td><td class=\"column-2\">Bileog Socraithe Tapa: N\u00faicl\u00e9as 7, Roger 20 Glacad\u00f3ir, Micreaf\u00f3n\u00a0Sc\u00e1ile\u00e1n Tadhaill\/Tarchurad\u00f3ir agus C\u00f3ras Soundfield<\/td><td class=\"column-3\"><a href=\"https:\/\/ncse.ie\/wp-content\/uploads\/2020\/06\/D_Quick-Set-Up-Cochlear-Nucleus-7-Touch-Screen-and-SFS_08.06.20.pdf\">F\u00e9ach\/\u00cdosl\u00f3d\u00e1il<\/a><\/td>\n<\/tr>\n<tr class=\"row-7\">\n\t<td class=\"column-1\">E. Socr\u00fa Tapa: Conas Glacad\u00f3ir N\u00faicl\u00e9as 7 a Sheice\u00e1il le Cluas\u00e1in Monat\u00f3ireachta<\/td><td class=\"column-2\">Bileog Socraigh tapa: Conas Pr\u00f3ise\u00e1la\u00ed agus Glacad\u00f3ir N\u00faicl\u00e9as 7 a sheice\u00e1il le Cluas\u00e1in Monat\u00f3ireachta<\/td><td class=\"column-3\"><a href=\"https:\/\/ncse.ie\/wp-content\/uploads\/2020\/06\/E_Quick-Set-Up-How-to-Check-Nucleus-7-Receiver-with-Monitoring-Earphones.pdf\">F\u00e9ach\/\u00cdosl\u00f3d\u00e1il<\/a><\/td>\n<\/tr>\n<tr class=\"row-8\">\n\t<td class=\"column-1\">F. Socr\u00fa Tapa: Conas Roger a Nascadh Ar Micreaf\u00f3n<\/td><td class=\"column-2\">Socr\u00fa Tapa: Conas Roger a Nascadh Ar Micreaf\u00f3n<\/td><td class=\"column-3\"><a href=\"https:\/\/ncse.ie\/wp-content\/uploads\/2023\/09\/Roger-On-Guide-May-2023.pdf\">F\u00e9ach\/\u00cdosl\u00f3d\u00e1il<\/a><\/td>\n<\/tr>\n<tr class=\"row-9\">\n\t<td class=\"column-1\">G. Socr\u00fa Tapa: C\u00f3ras Juno Soundfield<\/td><td class=\"column-2\">Bileog Socraithe Tapa: C\u00f3ras Juno Soundfield <\/td><td class=\"column-3\"><a href=\"https:\/\/ncse.ie\/wp-content\/uploads\/2020\/06\/F_Quick-Set-Up-Juno-Soundfield-System_08.06.20.pdf\">F\u00e9ach\/\u00cdosl\u00f3d\u00e1il<\/a><\/td>\n<\/tr>\n<tr class=\"row-10\">\n\t<td class=\"column-1\">H. Socraigh Tapa: Micreaf\u00f3n Roger Select<\/td><td class=\"column-2\">Bileog Socraithe Tapa: Conas an Roger Roghnaigh Micreaf\u00f3n\/Tarchurad\u00f3ir a Nascadh<\/td><td class=\"column-3\"><a href=\"https:\/\/ncse.ie\/wp-content\/uploads\/2020\/06\/G_Quick-Set-Up-Roger-Select-Microphone_08.06.20.pdf\">F\u00e9ach\/\u00cdosl\u00f3d\u00e1il<\/a><\/td>\n<\/tr>\n<tr class=\"row-11\">\n\t<td class=\"column-1\">I. Socr\u00fa Tapa: Digimaster le Glacad\u00f3ir\u00ed Comhth\u00e1ite<\/td><td class=\"column-2\">Teicneola\u00edocht Ch\u00fanta do Bhodhar\/ Deacrachta\u00ed \u00c9isteachta<br \/>\nCoras Digimaster Soundfield<\/td><td class=\"column-3\"><a href=\"https:\/\/ncse.ie\/wp-content\/uploads\/2020\/06\/H_Quick-Set-Up_Digimaster-with-Integrated-Receivers.pdf\">B\u00e9arla<\/a><br \/>\n<a href=\"https:\/\/ncse.ie\/wp-content\/uploads\/2020\/09\/TR_I_Quick-Set-Up_Digimaster-with-Integrated-Receivers_08.06.20.pdf\">Gaeilge<\/a><\/td>\n<\/tr>\n<tr class=\"row-12\">\n\t<td class=\"column-1\">Connect 12 sa Seomra Ranga<\/td><td class=\"column-2\">T\u00e1 na n\u00f3ta\u00ed seo deartha do mh\u00fainteoir at\u00e1 ag cur f\u00e1ilte roimh leana\u00ed ag \u00fas\u00e1id Connect 12 chuig a rang don scoilbhliain nua.  <\/td><td class=\"column-3\"><a href=\"https:\/\/ncse.ie\/wp-content\/uploads\/2023\/05\/Introducing-Connect-12-to-new-teacher.docx\">F\u00e9ach\/\u00cdosl\u00f3d\u00e1il<\/a><\/td>\n<\/tr>\n<tr class=\"row-13\">\n\t<td class=\"column-1\">R\u00e9amhr\u00e1 leis an Connect 12 Cuid 2<\/td><td class=\"column-2\">T\u00e1 an r\u00e9amhr\u00e1 treoraithe seo don Connect 12 mar aon leis na f\u00edse\u00e1in at\u00e1 ceangailte deartha go sonrach chun tac\u00fa le m\u00fainteoir\u00ed, tuismitheoir\u00ed agus C\u00fant\u00f3ir\u00ed Riachtanas Speisialta a bhfuil baint acu le cl\u00e1r an tSamhraidh. Ullmha\u00edtear iad ar an eolas go mb'fh\u00e9idir nach raibh an teicneola\u00edocht seo ag na daoine sin roimhe seo n\u00f3 gur chuir siad dalta\u00ed in aithne don ph\u00edosa Teicneola\u00edochta C\u00fanta seo.  <\/td><td class=\"column-3\"><a href=\"https:\/\/ncse.ie\/wp-content\/uploads\/2023\/05\/Introduction-to-the-Connect-12-Final-Document.docx\">F\u00e9ach\/\u00cdosl\u00f3d\u00e1il<\/a><\/td>\n<\/tr>\n<tr class=\"row-14\">\n\t<td class=\"column-1\">Socr\u00fa M\u00f3d Sreafa caighde\u00e1n\u00a0le h\u00fas\u00e1id le Seirbh\u00eds\u00ed L\u00e9itheoireachta Leabhair EPUB<\/td><td class=\"column-2\">Socr\u00fa M\u00f3d Sreafa caighde\u00e1n\u00a0le h\u00fas\u00e1id le Seirbh\u00eds\u00ed L\u00e9itheoireachta Leabhair EPUB<\/td><td class=\"column-3\"><a href=\"https:\/\/ncse.ie\/wp-content\/uploads\/2023\/03\/Calibre-Flow-Mode-Setting-for-use-with-Reading-Services-EPUB-Books.pdf\">F\u00e9ach\/\u00cdosl\u00f3d\u00e1il<\/a><\/td>\n<\/tr>\n<tr class=\"row-15\">\n\t<td class=\"column-1\">Leabhr\u00e1n Eolais EPUB - Childvision<\/td><td class=\"column-2\">Leabhr\u00e1n Eolais EPUB - Childvision<\/td><td class=\"column-3\"><a href=\"https:\/\/ncse.ie\/wp-content\/uploads\/2023\/03\/EPUB-Information-Booklet_Childvision.pdf\">F\u00e9ach\/\u00cdosl\u00f3d\u00e1il<\/a><\/td>\n<\/tr>\n<tr class=\"row-16\">\n\t<td class=\"column-1\">Conas leabhair DAISY agus EPUB a \u00edosl\u00f3d\u00e1il agus a shuite\u00e1il ar Connect 12<\/td><td class=\"column-2\">Conas leabhair DAISY agus EPUB a \u00edosl\u00f3d\u00e1il agus a shuite\u00e1il ar Connect 12<\/td><td class=\"column-3\"><a href=\"https:\/\/ncse.ie\/wp-content\/uploads\/2023\/03\/How-to-Download-and-Install-DAISY-and-EPUB-books-on-Connect-12.pdf\">F\u00e9ach\/\u00cdosl\u00f3d\u00e1il<\/a><\/td>\n<\/tr>\n<tr class=\"row-17\">\n\t<td class=\"column-1\">Conas leabhair DAISY agus EPUB a \u00edosl\u00f3d\u00e1il agus a shuite\u00e1il ar an iPad<\/td><td class=\"column-2\">Conas leabhair DAISY agus EPUB a \u00edosl\u00f3d\u00e1il agus a shuite\u00e1il ar an iPad<\/td><td class=\"column-3\"><a href=\"https:\/\/ncse.ie\/wp-content\/uploads\/2023\/03\/How-to-Download-and-Install-DAISY-and-EPUB-books-on-the-iPad.pdf\">F\u00e9ach\/\u00cdosl\u00f3d\u00e1il<\/a><\/td>\n<\/tr>\n<tr class=\"row-18\">\n\t<td class=\"column-1\">Conas leabhair DAISY a \u00edosl\u00f3d\u00e1il agus a shuite\u00e1il ar an Aip EasyReader do Windows<\/td><td class=\"column-2\">Conas leabhair DAISY a \u00edosl\u00f3d\u00e1il agus a shuite\u00e1il ar an Aip EasyReader do Windows<\/td><td class=\"column-3\"><a href=\"https:\/\/ncse.ie\/wp-content\/uploads\/2023\/03\/How-to-Download-and-Install-DAISY-books-on-the-EasyReader-App-for-Windows.pdf\">F\u00e9ach\/\u00cdosl\u00f3d\u00e1il<\/a><\/td>\n<\/tr>\n<tr class=\"row-19\">\n\t<td class=\"column-1\">Conas leabhair EPUB a \u00edosl\u00f3d\u00e1il agus a shuite\u00e1il ar an Aip EasyReader do Windows<\/td><td class=\"column-2\">Conas leabhair EPUB a \u00edosl\u00f3d\u00e1il agus a shuite\u00e1il ar an Aip EasyReader do Windows<\/td><td class=\"column-3\"><a href=\"https:\/\/ncse.ie\/wp-content\/uploads\/2023\/03\/How-to-Download-and-Install-EPUB-books-on-the-EasyReader-App-for-Windows.pdf\">F\u00e9ach\/\u00cdosl\u00f3d\u00e1il<\/a><\/td>\n<\/tr>\n<tr class=\"row-20\">\n\t<td class=\"column-1\">Litir do Students_DAISY Shortcuts_Childvision<\/td><td class=\"column-2\">Litir do Students_DAISY Shortcuts_Childvision<\/td><td class=\"column-3\"><a href=\"https:\/\/ncse.ie\/wp-content\/uploads\/2023\/03\/Letter-for-Students_DAISY-Shortcuts_Childvision.pdf\">F\u00e9ach\/\u00cdosl\u00f3d\u00e1il<\/a><\/td>\n<\/tr>\n<tr class=\"row-21\">\n\t<td class=\"column-1\">Leideanna Staid\u00e9ir do Dhalta\u00ed Iar-bhunscoile Dalta\u00ed Lagamhairc<\/td><td class=\"column-2\">Is acmhainn scileanna staid\u00e9ir oiri\u00fanaithe \u00ed an bhileog seo do dhalta lagamhairc san iar-bhunscoil. T\u00e1 s\u00e9 in Ariel 24 b\u00e1n ar dubh<\/td><td class=\"column-3\"><a href=\"https:\/\/ncse.ie\/wp-content\/uploads\/2021\/02\/Study-tips_VI-student_Ariel-24-white-on-black_Eng.docx\">B\u00e9arla<\/a><br \/>\n<\/td>\n<\/tr>\n<tr class=\"row-22\">\n\t<td class=\"column-1\">Leideanna Staid\u00e9ir do Dhalta\u00ed ag Leibh\u00e9al Iar-bhunscoile Dalta\u00ed a \u00fas\u00e1ideann braille <\/td><td class=\"column-2\">Is \u00ed an bhileog seo an acmhainn scileanna staid\u00e9ir oiri\u00fanaithe do dhalta a \u00fas\u00e1ideann braille ag t\u00e9acs PP amh\u00e1in.<\/td><td class=\"column-3\"><a href=\"https:\/\/ncse.ie\/wp-content\/uploads\/2021\/02\/Study-tips_braille-using-student_text-only_Eng.docx\">B\u00e9arla<\/a><br \/>\n<\/td>\n<\/tr>\n<tr class=\"row-23\">\n\t<td class=\"column-1\">T\u00e9acs a Dh\u00e9anamh Inrochtana do Dalta\u00ed Lagamhairc<\/td><td class=\"column-2\">T\u00e9acs a \u00fas\u00e1id le dalta\u00ed Lagamhairc<\/td><td class=\"column-3\"><a href=\"https:\/\/ncse.ie\/wp-content\/uploads\/2020\/05\/Making-text-accessible-for-students-with-Vision-Impairment.pdf\">F\u00e9ach\/\u00cdosl\u00f3d\u00e1il<\/a><\/td>\n<\/tr>\n<tr class=\"row-24\">\n\t<td class=\"column-1\">Leideanna chun foghlaim ar l\u00edne a dh\u00e9anamh n\u00edos inrochtana do Dhalta\u00ed Bodhra agus do Dhalta\u00ed a bhfuil Deacrachta\u00ed \u00c9isteachta acu<\/td><td class=\"column-2\">Leideanna foghlama ar l\u00edne maidir le ceamara, fotheidil, \u00fas\u00e1id fm &amp; leideanna ginear\u00e1lta.<\/td><td class=\"column-3\"><a href=\"https:\/\/ncse.ie\/wp-content\/uploads\/2020\/05\/Tips-for-making-online-learning-more-accessible-for-Deaf-and-Hard-of-Hearing-Students.pdf\">B\u00e9arla<\/a><br \/>\n<a href=\"https:\/\/ncse.ie\/wp-content\/uploads\/2020\/06\/Tips-for-making-online-learning-more-accessible-for-Deaf-and-Hard-of-Hearing-Students.pdf\">Gaeilge<\/a><\/td>\n<\/tr>\n<tr class=\"row-25\">\n\t<td class=\"column-1\">B\u00e1isteach Aig\u00e9adach <\/td><td class=\"column-2\">Turgnamh b\u00e1ist\u00ed aig\u00e9adach don dalta gan m\u00f3r\u00e1n f\u00edse n\u00f3 gan aon fh\u00eds aige <\/td><td class=\"column-3\"><a href=\"https:\/\/ncse.ie\/wp-content\/uploads\/2020\/05\/Acid-Rain-Experiment.pdf\">B\u00e9arla<\/a><br \/>\n<a href=\"https:\/\/ncse.ie\/wp-content\/uploads\/2020\/05\/Acid-Rain-Experiment-1.pdf\">Gaeilge<\/a><\/td>\n<\/tr>\n<tr class=\"row-26\">\n\t<td class=\"column-1\">Gluais Theanga Chomhartha\u00edochta na h\u00c9ireann (TC\u00c9)<\/td><td class=\"column-2\">Gluais t\u00e9arma\u00ed agus st\u00f3r focal ISL a bhaineann go sonrach le r\u00e9ims\u00ed na heola\u00edochta, na teicneola\u00edochta, na hinnealt\u00f3ireachta agus na matamaitice.  <\/td><td class=\"column-3\"><a href=\"https:\/\/ncse.ie\/wp-content\/uploads\/2021\/02\/ISL-STEM-Glossary_Deaf_HH-new-version1-B\u00e9arla.pdf\">B\u00e9arla<\/a><br \/>\n<a href=\"https:\/\/ncse.ie\/wp-content\/uploads\/2021\/02\/ISL-STEM-Glossary_Deaf_HH-new-version-Gaeilge.pdf\">Gaeilge<\/a><\/td>\n<\/tr>\n<tr class=\"row-27\">\n\t<td class=\"column-1\">Comhairle Foghlama le L\u00e9amh do Thuismitheoir\u00ed Dalta\u00ed at\u00e1 Bodhar \/ a bhfuil Deacrachta\u00ed \u00c9isteachta acu<\/td><td class=\"column-2\">Doicim\u00e9ad taca\u00edochta do thuismitheoir\u00ed Dalta\u00ed at\u00e1 Bodhar\/ a bhfuil deacrachta\u00ed \u00e9isteachta acu maidir leis an l\u00e9itheoireacht.<\/td><td class=\"column-3\"><a href=\"https:\/\/ncse.ie\/wp-content\/uploads\/2020\/05\/Advice-to-Parents-about-Reading-for-Deaf-Student.pdf\">B\u00e9arla<\/a><br \/>\n<a href=\"https:\/\/ncse.ie\/wp-content\/uploads\/2020\/05\/Advice-to-Parents_Reading_Deaf-Student_NCSE.pdf\">Gaeilge<\/a><\/td>\n<\/tr>\n<tr class=\"row-28\">\n\t<td class=\"column-1\">Ag Foghlaim le Scr\u00edobh: Comhairle do Thuismitheoir\u00ed Dalta\u00ed at\u00e1 Bodhar\/a bhfuil deacrachta\u00ed \u00e9isteachta acu<\/td><td class=\"column-2\">Doicim\u00e9ad taca\u00edochta do thuismitheoir\u00ed Dalta\u00ed at\u00e1 Bodhar\/ a bhfuil deacrachta\u00ed \u00e9isteachta acu maidir le scr\u00edbhneoireacht<\/td><td class=\"column-3\"><a href=\"https:\/\/ncse.ie\/wp-content\/uploads\/2020\/05\/Advice-to-Parent_Writing_Deaf-Student_NCSE.pdf\">B\u00e9arla<\/a><br \/>\n<a href=\"https:\/\/ncse.ie\/wp-content\/uploads\/2020\/05\/Advice-to-Parent_Writing_Deaf-Student_NCSE-1.pdf\">Gaeilge<\/a><\/td>\n<\/tr>\n<tr class=\"row-29\">\n\t<td class=\"column-1\">Scileanna \u00c9isteachta agus Teanga a Fhorbairt<br \/>\nAg Tac\u00fa le Dalta\u00ed at\u00e1 Bodhar \/ a bhfuil Deacrachta\u00ed \u00c9isteachta acu sa Bhaile<\/td><td class=\"column-2\">Doicim\u00e9ad taca\u00edochta do thuismitheoir\u00ed Dalta\u00ed at\u00e1 Bodhar\/ a bhfuil deacrachta\u00ed \u00e9isteachta acu maidir le h\u00e9isteacht agus scileanna teanga<\/td><td class=\"column-3\"><a href=\"https:\/\/ncse.ie\/wp-content\/uploads\/2020\/05\/Advice-to-Parents_Developing-Listening_Language-Skills_Deaf-Student_NCSE.pdf\">B\u00e9arla<\/a><br \/>\n<a href=\"https:\/\/ncse.ie\/wp-content\/uploads\/2020\/05\/Advice-to-Parents_Developing-Listening_Language-Skills_Deaf-Student_NCSE-1.pdf\">Gaeilge<\/a><\/td>\n<\/tr>\n<tr class=\"row-30\">\n\t<td class=\"column-1\">Reo\u00e1in s\u00ed -Pointe cumhachta chun tac\u00fa le foghlaim sa bhaile<\/td><td class=\"column-2\">Tac\u00f3idh an Powerpoint seo, at\u00e1 deartha ag \u00e1r m\u00fainteoir\u00ed ar Cuairt chun tac\u00fa le dalta\u00ed at\u00e1 bodhar n\u00f3 a bhfuil deacrachta\u00ed \u00e9isteachta acu, le go leor foghlaimeoir\u00ed eile le RSO.<\/td><td class=\"column-3\"><a href=\"https:\/\/ncse.ie\/wp-content\/uploads\/2020\/05\/Iced-Fairy-Cakes_Deaf_Hard-of-Hearing_Students_NCSE.pptx\">F\u00e9ach\/\u00cdosl\u00f3d\u00e1il<\/a><\/td>\n<\/tr>\n<tr class=\"row-31\">\n\t<td class=\"column-1\">Roinnt Leabhar C\u00f3caireachta i mBraille do Leana\u00ed<\/td><td class=\"column-2\">Forbhreathn\u00fa ar thr\u00ed Leabhar C\u00f3caireachta at\u00e1 ar f\u00e1il i mBraille<\/td><td class=\"column-3\"><a href=\"https:\/\/ncse.ie\/wp-content\/uploads\/2020\/05\/Some-Cookbooks-in-Braille-for-Children.pdf\">F\u00e9ach\/\u00cdosl\u00f3d\u00e1il<\/a><\/td>\n<\/tr>\n<tr class=\"row-32\">\n\t<td class=\"column-1\">Garra\u00edod\u00f3ireacht do Dhalta\u00ed at\u00e1 Dall\/Daoine Lagamhairc<\/td><td class=\"column-2\">Acmhainn a d'ullmhaigh \u00e1r M\u00fainteoir\u00ed Cuairte chun tac\u00fa le dalta\u00ed at\u00e1 dall \/ lagamhairc maidir le garra\u00edod\u00f3ireacht.<\/td><td class=\"column-3\"><a href=\"https:\/\/ncse.ie\/wp-content\/uploads\/2020\/04\/Gardening_Students-who-are-Blind-Visually-Impaired.pdf\">B\u00e9arla<\/a><br \/>\n<a href=\"https:\/\/ncse.ie\/wp-content\/uploads\/2020\/05\/Gardening-for-students-who-are-deaf-hard-of-hearing.pdf\">Gaeilge<\/a><\/td>\n<\/tr>\n<tr class=\"row-33\">\n\t<td class=\"column-1\">Garra\u00edod\u00f3ireacht do Dhalta\u00ed at\u00e1 Bodhar n\u00f3 a bhfuil Deacrachta\u00ed \u00c9isteachta acu<\/td><td class=\"column-2\">Acmhainn a d'ullmhaigh \u00e1r M\u00fainteoir\u00ed Ar Cuairt chun tac\u00fa le dalta\u00ed at\u00e1 bodhar \/ a bhfuil deacrachta\u00ed \u00e9isteachta acu maidir le garra\u00edod\u00f3ireacht.<\/td><td class=\"column-3\"><a href=\"https:\/\/ncse.ie\/wp-content\/uploads\/2020\/04\/Gardening-for-Students-who-are-Deaf-or-Hard-of-Hearing.pdf\">B\u00e9arla<\/a><br \/>\n<a href=\"https:\/\/ncse.ie\/wp-content\/uploads\/2020\/05\/Gardening-students-who-are-visually-impaired.pdf\">Gaeilge<\/a><\/td>\n<\/tr>\n<\/tbody>\n<\/table>\n<!-- #tablepress-118 from cache -->\n<\/div>","protected":false},"excerpt":{"rendered":"<p><!-- RS_MODULE_CODE_2.4.4 --><\/p>\n<div id=\"readspeaker_button31421\" class=\"rs_skip rsbtn rs_preserve\"><a class=\"rsbtn_play\" title=\"Listen to this page using ReadSpeaker\" accesskey=\"L\" href=\"\/\/app-eu.readspeaker.com\/cgi-bin\/rsent?customerid=10499&amp;lang=en_uk&amp;readid=rspeak_read_31421&amp;url=https%3A%2F%2Fncse.ie%2Fga%2Fwp-json%2Fwp%2Fv2%2Fpages%2F31421\"><br \/>\n        <span class=\"rsbtn_left rsimg rspart\"><span class=\"rsbtn_text\"><span>Listen<\/span><\/span><\/span><br \/>\n        <span class=\"rsbtn_right rsimg rsplay rspart\"><\/span><br \/>\n        <\/a><\/div>\n<div id=\"rspeak_read_31421\"><\/div>\n","protected":false},"author":5,"featured_media":0,"parent":0,"menu_order":0,"comment_status":"open","ping_status":"open","template":"","meta":{"footnotes":""},"class_list":["post-31421","page","type-page","status-publish","hentry"],"_links":{"self":[{"href":"https:\/\/ncse.ie\/ga\/wp-json\/wp\/v2\/pages\/31421","targetHints":{"allow":["GET"]}}],"collection":[{"href":"https:\/\/ncse.ie\/ga\/wp-json\/wp\/v2\/pages"}],"about":[{"href":"https:\/\/ncse.ie\/ga\/wp-json\/wp\/v2\/types\/page"}],"author":[{"embeddable":true,"href":"https:\/\/ncse.ie\/ga\/wp-json\/wp\/v2\/users\/5"}],"replies":[{"embeddable":true,"href":"https:\/\/ncse.ie\/ga\/wp-json\/wp\/v2\/comments?post=31421"}],"version-history":[{"count":6,"href":"https:\/\/ncse.ie\/ga\/wp-json\/wp\/v2\/pages\/31421\/revisions"}],"predecessor-version":[{"id":40116,"href":"https:\/\/ncse.ie\/ga\/wp-json\/wp\/v2\/pages\/31421\/revisions\/40116"}],"wp:attachment":[{"href":"https:\/\/ncse.ie\/ga\/wp-json\/wp\/v2\/media?parent=31421"}],"curies":[{"name":"wp","href":"https:\/\/api.w.org\/{rel}","templated":true}]}}