{"id":31635,"date":"2020-04-20T14:45:13","date_gmt":"2020-04-20T13:45:13","guid":{"rendered":"https:\/\/ncse.ie\/teachers-special-class-special-school"},"modified":"2024-02-10T14:17:54","modified_gmt":"2024-02-10T14:17:54","slug":"teachers-special-class-special-school","status":"publish","type":"page","link":"https:\/\/ncse.ie\/ga\/teachers-special-class-special-school","title":{"rendered":"M\u00fainteoir\u00ed &#8211; Rang n\u00f3 Scoil Speisialta: Ba mhaith liom acmhainn\u00ed a fheice\u00e1il ar&#8230;"},"content":{"rendered":"<div class=\"wpb-content-wrapper\"><!-- RS_MODULE_CODE_2.4.4 --><div id=\"readspeaker_button31635\" class=\"rs_skip rsbtn rs_preserve\"><a class=\"rsbtn_play\" title=\"Listen to this page using ReadSpeaker\" accesskey=\"L\" href=\"\/\/app-eu.readspeaker.com\/cgi-bin\/rsent?customerid=10499&amp;lang=en_uk&amp;readid=rspeak_read_31635&amp;url=https%3A%2F%2Fncse.ie%2Fga%2Fwp-json%2Fwp%2Fv2%2Fpages%2F31635\">\r\n        <span class=\"rsbtn_left rsimg rspart\"><span class=\"rsbtn_text\"><span>Listen<\/span><\/span><\/span>\r\n        <span class=\"rsbtn_right rsimg rsplay rspart\"><\/span>\r\n        <\/a><\/div><div id=\"rspeak_read_31635\"><p>[vc_row css=&#8221;.vc_custom_1587455640734{border-top-width: 1px !important;border-right-width: 1px !important;border-bottom-width: 1px !important;border-left-width: 1px !important;border-left-color: #cecece !important;border-left-style: solid !important;border-right-color: #cecece !important;border-right-style: solid !important;border-top-color: #cecece !important;border-top-style: solid !important;border-bottom-color: #cecece !important;border-bottom-style: solid !important;border-radius: 1px !important;}&#8221;][vc_column width=&#8221;1\/4&#8243; css=&#8221;.vc_custom_1587653582054{padding-right: 1px !important;}&#8221; offset=&#8221;vc_hidden-xs&#8221;][vc_btn title=&#8221;Amharc ar Acmhainn\u00ed&#8221; style=&#8221;outline-custom&#8221; outline_custom_color=&#8221;#b82a32&#8243; outline_custom_hover_background=&#8221;#b82a32&#8243; outline_custom_hover_text=&#8221;#ffffff&#8221; shape=&#8221;round&#8221; size=&#8221;sm&#8221; align=&#8221;center&#8221; button_block=&#8221;true&#8221; link=&#8221;url:https%3A%2F%2Fncse.ie%2Fga%2Fteacher-special-class-or-school-general-support-for-learning|title:Taca%C3%ADocht%20Ghinear%C3%A1lta%20don%20Fhoghlaim||&#8221;][\/vc_column][vc_column width=&#8221;3\/4&#8243; offset=&#8221;vc_hidden-xs&#8221;][vc_column_text css=&#8221;.vc_custom_1587591749664{padding-top: 5px !important;}&#8221;]<\/p>\n<h4><span style=\"color: #000000;\">Taca\u00edocht Ghinear\u00e1lta don Fhoghlaim<\/span><\/h4>\n<p>[\/vc_column_text][\/vc_column][\/vc_row][vc_row css=&#8221;.vc_custom_1587455640734{border-top-width: 1px !important;border-right-width: 1px !important;border-bottom-width: 1px !important;border-left-width: 1px !important;border-left-color: #cecece !important;border-left-style: solid !important;border-right-color: #cecece !important;border-right-style: solid !important;border-top-color: #cecece !important;border-top-style: solid !important;border-bottom-color: #cecece !important;border-bottom-style: solid !important;border-radius: 1px !important;}&#8221;][vc_column width=&#8221;1\/4&#8243; css=&#8221;.vc_custom_1587653572555{padding-right: 1px !important;}&#8221; offset=&#8221;vc_hidden-lg vc_hidden-md vc_hidden-sm&#8221;][vc_column_text css=&#8221;.vc_custom_1587653551722{padding-top: 5px !important;}&#8221;]<\/p>\n<h4 style=\"text-align: center;\"><span style=\"color: #000000;\">Taca\u00edocht Ghinear\u00e1lta don Fhoghlaim<\/span><\/h4>\n<p>[\/vc_column_text][\/vc_column][vc_column width=&#8221;3\/4&#8243; offset=&#8221;vc_hidden-lg vc_hidden-md vc_hidden-sm&#8221;][vc_btn title=&#8221;Amharc ar Acmhainn\u00ed&#8221; style=&#8221;outline-custom&#8221; outline_custom_color=&#8221;#b82a32&#8243; outline_custom_hover_background=&#8221;#b82a32&#8243; outline_custom_hover_text=&#8221;#ffffff&#8221; shape=&#8221;round&#8221; size=&#8221;sm&#8221; align=&#8221;center&#8221; link=&#8221;url:https%3A%2F%2Fncse.ie%2Fga%2Fteacher-special-class-or-school-general-support-for-learning|title:Taca%C3%ADocht%20Ghinear%C3%A1lta%20don%20Fhoghlaim||&#8221;][\/vc_column][\/vc_row][vc_row css=&#8221;.vc_custom_1587455682446{border-top-width: 1px !important;border-right-width: 1px !important;border-bottom-width: 1px !important;border-left-width: 1px !important;border-left-color: #cecece !important;border-left-style: solid !important;border-right-color: #cecece !important;border-right-style: solid !important;border-top-color: #cecece !important;border-top-style: solid !important;border-bottom-color: #cecece !important;border-bottom-style: solid !important;border-radius: 1px !important;}&#8221;][vc_column width=&#8221;1\/4&#8243; css=&#8221;.vc_custom_1587653638794{padding-right: 1px !important;}&#8221; offset=&#8221;vc_hidden-xs&#8221;][vc_btn title=&#8221;Amharc ar Acmhainn\u00ed&#8221; style=&#8221;outline-custom&#8221; outline_custom_color=&#8221;#b82a32&#8243; outline_custom_hover_background=&#8221;#b82a32&#8243; outline_custom_hover_text=&#8221;#ffffff&#8221; shape=&#8221;round&#8221; size=&#8221;sm&#8221; align=&#8221;center&#8221; button_block=&#8221;true&#8221; link=&#8221;url:https%3A%2F%2Fncse.ie%2Fga%2Fteacher-special-class-or-special-school-curriculum-support|title:Taca%C3%ADocht%20Churaclaim||&#8221;][\/vc_column][vc_column width=&#8221;3\/4&#8243; offset=&#8221;vc_hidden-xs&#8221;][vc_column_text css=&#8221;.vc_custom_1587591808668{padding-top: 5px !important;}&#8221;]<\/p>\n<h4><span style=\"color: #000000;\">Taca\u00edocht Churaclaim<\/span><\/h4>\n<p>[\/vc_column_text][\/vc_column][\/vc_row][vc_row css=&#8221;.vc_custom_1587455682446{border-top-width: 1px !important;border-right-width: 1px !important;border-bottom-width: 1px !important;border-left-width: 1px !important;border-left-color: #cecece !important;border-left-style: solid !important;border-right-color: #cecece !important;border-right-style: solid !important;border-top-color: #cecece !important;border-top-style: solid !important;border-bottom-color: #cecece !important;border-bottom-style: solid !important;border-radius: 1px !important;}&#8221;][vc_column width=&#8221;1\/4&#8243; css=&#8221;.vc_custom_1587653628082{padding-right: 1px !important;}&#8221; offset=&#8221;vc_hidden-lg vc_hidden-md vc_hidden-sm&#8221;][vc_column_text css=&#8221;.vc_custom_1587653614420{padding-top: 5px !important;}&#8221;]<\/p>\n<h4 style=\"text-align: center;\"><span style=\"color: #000000;\">Taca\u00edocht Churaclaim<\/span><\/h4>\n<p>[\/vc_column_text][\/vc_column][vc_column width=&#8221;3\/4&#8243; offset=&#8221;vc_hidden-lg vc_hidden-md vc_hidden-sm&#8221;][vc_btn title=&#8221;Amharc ar Acmhainn\u00ed&#8221; style=&#8221;outline-custom&#8221; outline_custom_color=&#8221;#b82a32&#8243; outline_custom_hover_background=&#8221;#b82a32&#8243; outline_custom_hover_text=&#8221;#ffffff&#8221; shape=&#8221;round&#8221; size=&#8221;sm&#8221; align=&#8221;center&#8221; link=&#8221;url:https%3A%2F%2Fncse.ie%2Fga%2Fteacher-special-class-or-special-school-curriculum-support|title:Taca%C3%ADocht%20Churaclaim||&#8221;][\/vc_column][\/vc_row][vc_row css=&#8221;.vc_custom_1587455657114{border-top-width: 1px !important;border-right-width: 1px !important;border-bottom-width: 1px !important;border-left-width: 1px !important;border-left-color: #cecece !important;border-left-style: solid !important;border-right-color: #cecece !important;border-right-style: solid !important;border-top-color: #cecece !important;border-top-style: solid !important;border-bottom-color: #cecece !important;border-bottom-style: solid !important;border-radius: 1px !important;}&#8221;][vc_column width=&#8221;1\/4&#8243; css=&#8221;.vc_custom_1587653680200{padding-right: 1px !important;}&#8221; offset=&#8221;vc_hidden-xs&#8221;][vc_btn title=&#8221;Amharc ar Acmhainn\u00ed&#8221; style=&#8221;outline-custom&#8221; outline_custom_color=&#8221;#b82a32&#8243; outline_custom_hover_background=&#8221;#b82a32&#8243; outline_custom_hover_text=&#8221;#ffffff&#8221; shape=&#8221;round&#8221; size=&#8221;sm&#8221; align=&#8221;center&#8221; button_block=&#8221;true&#8221; link=&#8221;url:https%3A%2F%2Fncse.ie%2Fga%2Fteacher-special-class-or-special-school-speech-language-communication|title:Urlabhra%2C%20Teanga%20agus%20Cumars%C3%A1id||&#8221;][\/vc_column][vc_column width=&#8221;3\/4&#8243; offset=&#8221;vc_hidden-xs&#8221;][vc_column_text css=&#8221;.vc_custom_1587591878428{padding-top: 5px !important;}&#8221;]<\/p>\n<h4><span style=\"color: #000000;\">Urlabhra, Teanga agus Cumars\u00e1id<\/span><\/h4>\n<p>[\/vc_column_text][\/vc_column][\/vc_row][vc_row css=&#8221;.vc_custom_1587455657114{border-top-width: 1px !important;border-right-width: 1px !important;border-bottom-width: 1px !important;border-left-width: 1px !important;border-left-color: #cecece !important;border-left-style: solid !important;border-right-color: #cecece !important;border-right-style: solid !important;border-top-color: #cecece !important;border-top-style: solid !important;border-bottom-color: #cecece !important;border-bottom-style: solid !important;border-radius: 1px !important;}&#8221;][vc_column width=&#8221;1\/4&#8243; css=&#8221;.vc_custom_1587653671203{padding-right: 1px !important;}&#8221; offset=&#8221;vc_hidden-lg vc_hidden-md vc_hidden-sm&#8221;][vc_column_text css=&#8221;.vc_custom_1587653650709{padding-top: 5px !important;}&#8221;]<\/p>\n<h4 style=\"text-align: center;\"><span style=\"color: #000000;\">Urlabhra, Teanga agus Cumars\u00e1id<\/span><\/h4>\n<p>[\/vc_column_text][\/vc_column][vc_column width=&#8221;3\/4&#8243; offset=&#8221;vc_hidden-lg vc_hidden-md vc_hidden-sm&#8221;][vc_btn title=&#8221;Amharc ar Acmhainn\u00ed&#8221; style=&#8221;outline-custom&#8221; outline_custom_color=&#8221;#b82a32&#8243; outline_custom_hover_background=&#8221;#b82a32&#8243; outline_custom_hover_text=&#8221;#ffffff&#8221; shape=&#8221;round&#8221; size=&#8221;sm&#8221; align=&#8221;center&#8221; link=&#8221;url:https%3A%2F%2Fncse.ie%2Fga%2Fteacher-special-class-or-special-school-speech-language-communication|title:Urlabhra%2C%20Teanga%20agus%20Cumars%C3%A1id||&#8221;][\/vc_column][\/vc_row][vc_row css=&#8221;.vc_custom_1587455649216{border-top-width: 1px !important;border-right-width: 1px !important;border-bottom-width: 1px !important;border-left-width: 1px !important;border-left-color: #cecece !important;border-left-style: solid !important;border-right-color: #cecece !important;border-right-style: solid !important;border-top-color: #cecece !important;border-top-style: solid !important;border-bottom-color: #cecece !important;border-bottom-style: solid !important;border-radius: 1px !important;}&#8221;][vc_column width=&#8221;1\/4&#8243; css=&#8221;.vc_custom_1587653732190{padding-right: 1px !important;}&#8221; offset=&#8221;vc_hidden-xs&#8221;][vc_btn title=&#8221;Amharc ar Acmhainn\u00ed&#8221; style=&#8221;outline-custom&#8221; outline_custom_color=&#8221;#b82a32&#8243; outline_custom_hover_background=&#8221;#b82a32&#8243; outline_custom_hover_text=&#8221;#ffffff&#8221; shape=&#8221;round&#8221; size=&#8221;sm&#8221; align=&#8221;center&#8221; button_block=&#8221;true&#8221; link=&#8221;url:https%3A%2F%2Fncse.ie%2Fga%2Fteacher-special-class-or-school-occupational-therapy-support|title:Taca%C3%ADocht%20Teiripe%20Saothair||&#8221;][\/vc_column][vc_column width=&#8221;3\/4&#8243; offset=&#8221;vc_hidden-xs&#8221;][vc_column_text css=&#8221;.vc_custom_1587591953995{padding-top: 5px !important;}&#8221;]<\/p>\n<h4><span style=\"color: #000000;\">Taca\u00edocht Teiripe Saothair<\/span><\/h4>\n<p>[\/vc_column_text][\/vc_column][\/vc_row][vc_row css=&#8221;.vc_custom_1587455649216{border-top-width: 1px !important;border-right-width: 1px !important;border-bottom-width: 1px !important;border-left-width: 1px !important;border-left-color: #cecece !important;border-left-style: solid !important;border-right-color: #cecece !important;border-right-style: solid !important;border-top-color: #cecece !important;border-top-style: solid !important;border-bottom-color: #cecece !important;border-bottom-style: solid !important;border-radius: 1px !important;}&#8221;][vc_column width=&#8221;1\/4&#8243; css=&#8221;.vc_custom_1587653712350{padding-right: 1px !important;}&#8221; offset=&#8221;vc_hidden-lg vc_hidden-md vc_hidden-sm&#8221;][vc_column_text css=&#8221;.vc_custom_1587653691387{padding-top: 5px !important;}&#8221;]<\/p>\n<h4 style=\"text-align: center;\"><span style=\"color: #000000;\">Taca\u00edocht Teiripe Saothair<\/span><\/h4>\n<p>[\/vc_column_text][\/vc_column][vc_column width=&#8221;3\/4&#8243; offset=&#8221;vc_hidden-lg vc_hidden-md vc_hidden-sm&#8221;][vc_btn title=&#8221;Amharc ar Acmhainn\u00ed&#8221; style=&#8221;outline-custom&#8221; outline_custom_color=&#8221;#b82a32&#8243; outline_custom_hover_background=&#8221;#b82a32&#8243; outline_custom_hover_text=&#8221;#ffffff&#8221; shape=&#8221;round&#8221; size=&#8221;sm&#8221; align=&#8221;center&#8221; link=&#8221;url:https%3A%2F%2Fncse.ie%2Fga%2Fteacher-special-class-or-school-occupational-therapy-support|title:Taca%C3%ADocht%20Teiripe%20Saothair||&#8221;][\/vc_column][\/vc_row][vc_row css=&#8221;.vc_custom_1587455675048{border-top-width: 1px !important;border-right-width: 1px !important;border-bottom-width: 1px !important;border-left-width: 1px !important;border-left-color: #cecece !important;border-left-style: solid !important;border-right-color: #cecece !important;border-right-style: solid !important;border-top-color: #cecece !important;border-top-style: solid !important;border-bottom-color: #cecece !important;border-bottom-style: solid !important;border-radius: 1px !important;}&#8221;][vc_column width=&#8221;1\/4&#8243; css=&#8221;.vc_custom_1587653783733{padding-right: 1px !important;}&#8221; offset=&#8221;vc_hidden-xs&#8221;][vc_btn title=&#8221;Amharc ar Acmhainn\u00ed&#8221; style=&#8221;outline-custom&#8221; outline_custom_color=&#8221;#b82a32&#8243; outline_custom_hover_background=&#8221;#b82a32&#8243; outline_custom_hover_text=&#8221;#ffffff&#8221; shape=&#8221;round&#8221; size=&#8221;sm&#8221; align=&#8221;center&#8221; button_block=&#8221;true&#8221; link=&#8221;url:https%3A%2F%2Fncse.ie%2Fga%2Fteacher-special-class-or-special-school-learning-and-behaviour|title:Foghlaim%20agus%20Iompar||&#8221;][\/vc_column][vc_column width=&#8221;3\/4&#8243; offset=&#8221;vc_hidden-xs&#8221;][vc_column_text css=&#8221;.vc_custom_1587592034374{padding-top: 5px !important;}&#8221;]<\/p>\n<h4><span style=\"color: #000000;\">Foghlaim agus Iompar<\/span><\/h4>\n<p>[\/vc_column_text][\/vc_column][\/vc_row][vc_row css=&#8221;.vc_custom_1587455675048{border-top-width: 1px !important;border-right-width: 1px !important;border-bottom-width: 1px !important;border-left-width: 1px !important;border-left-color: #cecece !important;border-left-style: solid !important;border-right-color: #cecece !important;border-right-style: solid !important;border-top-color: #cecece !important;border-top-style: solid !important;border-bottom-color: #cecece !important;border-bottom-style: solid !important;border-radius: 1px !important;}&#8221;][vc_column width=&#8221;1\/4&#8243; css=&#8221;.vc_custom_1587653774158{padding-right: 1px !important;}&#8221; offset=&#8221;vc_hidden-lg vc_hidden-md vc_hidden-sm&#8221;][vc_column_text css=&#8221;.vc_custom_1587653747309{padding-top: 5px !important;}&#8221;]<\/p>\n<h4 style=\"text-align: center;\"><span style=\"color: #000000;\">Foghlaim agus Iompar<\/span><\/h4>\n<p>[\/vc_column_text][\/vc_column][vc_column width=&#8221;3\/4&#8243; offset=&#8221;vc_hidden-lg vc_hidden-md vc_hidden-sm&#8221;][vc_btn title=&#8221;Amharc ar Acmhainn\u00ed&#8221; style=&#8221;outline-custom&#8221; outline_custom_color=&#8221;#b82a32&#8243; outline_custom_hover_background=&#8221;#b82a32&#8243; outline_custom_hover_text=&#8221;#ffffff&#8221; shape=&#8221;round&#8221; size=&#8221;sm&#8221; align=&#8221;center&#8221; link=&#8221;url:https%3A%2F%2Fncse.ie%2Fga%2Fteacher-special-class-or-special-school-learning-and-behaviour|title:Foghlaim%20agus%20Iompar||&#8221;][\/vc_column][\/vc_row][vc_row css=&#8221;.vc_custom_1587455666815{border-top-width: 1px !important;border-right-width: 1px !important;border-bottom-width: 1px !important;border-left-width: 1px !important;border-left-color: #cecece !important;border-left-style: solid !important;border-right-color: #cecece !important;border-right-style: solid !important;border-top-color: #cecece !important;border-top-style: solid !important;border-bottom-color: #cecece !important;border-bottom-style: solid !important;border-radius: 1px !important;}&#8221;][vc_column width=&#8221;1\/4&#8243; css=&#8221;.vc_custom_1587653831405{padding-right: 1px !important;}&#8221; offset=&#8221;vc_hidden-xs&#8221;][vc_btn title=&#8221;Amharc ar Acmhainn\u00ed&#8221; style=&#8221;outline-custom&#8221; outline_custom_color=&#8221;#b82a32&#8243; outline_custom_hover_background=&#8221;#b82a32&#8243; outline_custom_hover_text=&#8221;#ffffff&#8221; shape=&#8221;round&#8221; size=&#8221;sm&#8221; align=&#8221;center&#8221; button_block=&#8221;true&#8221; link=&#8221;url:https%3A%2F%2Fncse.ie%2Fga%2Fteacher-special-class-or-special-school-visiting-teachers-support|title:Taca%C3%ADocht%20M%C3%BAinteoir%C3%AD%20Cuarta%C3%ADochta||&#8221;][\/vc_column][vc_column width=&#8221;3\/4&#8243; offset=&#8221;vc_hidden-xs&#8221;][vc_column_text css=&#8221;.vc_custom_1587592265289{padding-top: 5px !important;}&#8221;]<\/p>\n<h4><span style=\"color: #000000;\">Taca\u00edocht M\u00fainteoir\u00ed Cuarta\u00edochta<\/span><\/h4>\n<p>[\/vc_column_text][\/vc_column][\/vc_row][vc_row css=&#8221;.vc_custom_1587455666815{border-top-width: 1px !important;border-right-width: 1px !important;border-bottom-width: 1px !important;border-left-width: 1px !important;border-left-color: #cecece !important;border-left-style: solid !important;border-right-color: #cecece !important;border-right-style: solid !important;border-top-color: #cecece !important;border-top-style: solid !important;border-bottom-color: #cecece !important;border-bottom-style: solid !important;border-radius: 1px !important;}&#8221;][vc_column width=&#8221;1\/4&#8243; css=&#8221;.vc_custom_1587653819384{padding-right: 1px !important;}&#8221; offset=&#8221;vc_hidden-lg vc_hidden-md vc_hidden-sm&#8221;][vc_column_text css=&#8221;.vc_custom_1587653798559{padding-top: 5px !important;}&#8221;]<\/p>\n<h4 style=\"text-align: center;\"><span style=\"color: #000000;\">Taca\u00edocht M\u00fainteoir\u00ed Cuarta\u00edochta<\/span><\/h4>\n<p>[\/vc_column_text][\/vc_column][vc_column width=&#8221;3\/4&#8243; offset=&#8221;vc_hidden-lg vc_hidden-md vc_hidden-sm&#8221;][vc_btn title=&#8221;Amharc ar Acmhainn\u00ed&#8221; style=&#8221;outline-custom&#8221; outline_custom_color=&#8221;#b82a32&#8243; outline_custom_hover_background=&#8221;#b82a32&#8243; outline_custom_hover_text=&#8221;#ffffff&#8221; shape=&#8221;round&#8221; size=&#8221;sm&#8221; align=&#8221;center&#8221; link=&#8221;url:https%3A%2F%2Fncse.ie%2Fga%2Fteacher-special-class-or-special-school-visiting-teachers-support|title:Taca%C3%ADocht%20M%C3%BAinteoir%C3%AD%20Cuarta%C3%ADochta||&#8221;][\/vc_column][\/vc_row]<\/p>\n<\/div><\/div>","protected":false},"excerpt":{"rendered":"<p><!-- RS_MODULE_CODE_2.4.4 --><\/p>\n<div id=\"readspeaker_button31635\" class=\"rs_skip rsbtn rs_preserve\"><a class=\"rsbtn_play\" title=\"Listen to this page using ReadSpeaker\" accesskey=\"L\" href=\"\/\/app-eu.readspeaker.com\/cgi-bin\/rsent?customerid=10499&amp;lang=en_uk&amp;readid=rspeak_read_31635&amp;url=https%3A%2F%2Fncse.ie%2Fga%2Fwp-json%2Fwp%2Fv2%2Fpages%2F31635\"><br \/>\n        <span class=\"rsbtn_left rsimg rspart\"><span class=\"rsbtn_text\"><span>Listen<\/span><\/span><\/span><br \/>\n        <span class=\"rsbtn_right rsimg rsplay rspart\"><\/span><br \/>\n        <\/a><\/div>\n<div id=\"rspeak_read_31635\"> [vc_row css=&#8221;.vc_custom_1587455640734{border-top-width: 1px !important;border-right-width: 1px !important;border-bottom-width: 1px !important;border-left-width: 1px !important;border-left-color: #cecece !important;border-left-style: solid !important;border-right-color: #cecece !important;border-right-style: solid !important;border-top-color: #cecece !important;border-top-style: solid !important;border-bottom-color: #cecece !important;border-bottom-style: solid !important;border-radius: 1px !important;}&#8221;][vc_column width=&#8221;1\/4&#8243; css=&#8221;.vc_custom_1587653582054{padding-right: 1px !important;}&#8221; offset=&#8221;vc_hidden-xs&#8221;][vc_btn title=&#8221;Amharc ar Acmhainn\u00ed&#8221; style=&#8221;outline-custom&#8221; outline_custom_color=&#8221;#b82a32&#8243; outline_custom_hover_background=&#8221;#b82a32&#8243; outline_custom_hover_text=&#8221;#ffffff&#8221; shape=&#8221;round&#8221; size=&#8221;sm&#8221; align=&#8221;center&#8221; button_block=&#8221;true&#8221; link=&#8221;url:https%3A%2F%2Fncse.ie%2Fga%2Fteacher-special-class-or-school-general-support-for-learning|title:Taca%C3%ADocht%20Ghinear%C3%A1lta%20don%20Fhoghlaim||&#8221;][\/vc_column][vc_column width=&#8221;3\/4&#8243; offset=&#8221;vc_hidden-xs&#8221;][vc_column_text css=&#8221;.vc_custom_1587591749664{padding-top: 5px !important;}&#8221;] Taca\u00edocht Ghinear\u00e1lta don Fhoghlaim [&hellip;]<\/div>\n","protected":false},"author":5,"featured_media":0,"parent":0,"menu_order":0,"comment_status":"open","ping_status":"open","template":"","meta":{"footnotes":""},"class_list":["post-31635","page","type-page","status-publish","hentry"],"_links":{"self":[{"href":"https:\/\/ncse.ie\/ga\/wp-json\/wp\/v2\/pages\/31635","targetHints":{"allow":["GET"]}}],"collection":[{"href":"https:\/\/ncse.ie\/ga\/wp-json\/wp\/v2\/pages"}],"about":[{"href":"https:\/\/ncse.ie\/ga\/wp-json\/wp\/v2\/types\/page"}],"author":[{"embeddable":true,"href":"https:\/\/ncse.ie\/ga\/wp-json\/wp\/v2\/users\/5"}],"replies":[{"embeddable":true,"href":"https:\/\/ncse.ie\/ga\/wp-json\/wp\/v2\/comments?post=31635"}],"version-history":[{"count":8,"href":"https:\/\/ncse.ie\/ga\/wp-json\/wp\/v2\/pages\/31635\/revisions"}],"predecessor-version":[{"id":40319,"href":"https:\/\/ncse.ie\/ga\/wp-json\/wp\/v2\/pages\/31635\/revisions\/40319"}],"wp:attachment":[{"href":"https:\/\/ncse.ie\/ga\/wp-json\/wp\/v2\/media?parent=31635"}],"curies":[{"name":"wp","href":"https:\/\/api.w.org\/{rel}","templated":true}]}}