{"id":31717,"date":"2020-03-24T15:34:48","date_gmt":"2020-03-24T15:34:48","guid":{"rendered":"https:\/\/ncse.ie\/useful-apps"},"modified":"2024-02-10T11:23:25","modified_gmt":"2024-02-10T11:23:25","slug":"useful-apps","status":"publish","type":"page","link":"https:\/\/ncse.ie\/ga\/useful-apps","title":{"rendered":"Aipeanna \u00das\u00e1ideacha"},"content":{"rendered":"<!-- RS_MODULE_CODE_2.4.4 --><div id=\"readspeaker_button31717\" class=\"rs_skip rsbtn rs_preserve\"><a class=\"rsbtn_play\" title=\"Listen to this page using ReadSpeaker\" accesskey=\"L\" href=\"\/\/app-eu.readspeaker.com\/cgi-bin\/rsent?customerid=10499&amp;lang=en_uk&amp;readid=rspeak_read_31717&amp;url=https%3A%2F%2Fncse.ie%2Fga%2Fwp-json%2Fwp%2Fv2%2Fpages%2F31717\">\r\n        <span class=\"rsbtn_left rsimg rspart\"><span class=\"rsbtn_text\"><span>Listen<\/span><\/span><\/span>\r\n        <span class=\"rsbtn_right rsimg rsplay rspart\"><\/span>\r\n        <\/a><\/div><div id=\"rspeak_read_31717\">\n<table id=\"tablepress-111\" class=\"tablepress tablepress-id-111\">\n<thead>\n<tr class=\"row-1\">\n\t<th class=\"column-1\">Ainm na haipe<\/th><th class=\"column-2\">Praghas<\/th><th class=\"column-3\">\u00cdosl\u00f3d\u00e1il an Aip<\/th><th class=\"column-4\">Cur S\u00edos<\/th>\n<\/tr>\n<\/thead>\n<tbody class=\"row-striping row-hover\">\n<tr class=\"row-2\">\n\t<td class=\"column-1\">Seeing Al<br \/>\n<br \/>\n<a href=\"https:\/\/ncse.ie\/wp-content\/uploads\/2020\/06\/SeeingAl.jpg\"><img decoding=\"async\" src=\"https:\/\/ncse.ie\/wp-content\/uploads\/2020\/06\/SeeingAl.jpg\" alt=\"Seeing Al\" width=\"100\" height=\"100\" class=\"alignnone size-thumbnail wp-image-8055\" \/><\/a><br \/>\n\u00f3 Microsoft Corporation<\/td><td class=\"column-2\">Saor in aisce<\/td><td class=\"column-3\"><a href=\"https:\/\/apps.apple.com\/us\/app\/seeing-ai\/id999062298\">Apple<\/a><br \/>\n<br \/>\n<br \/>\n<br \/>\n<br \/>\n<\/td><td class=\"column-4\">Is \u00e9 seo an pr\u00edomhaip do dhuine ar bith a bhfuil lag\u00fa amhairc orthu ag baint \u00fas\u00e1ide as gl\u00e9as iOS. <br \/>\n<br \/>\nIs f\u00e9idir le Seeing AI t\u00e9acs a bhraitheann an ceamara f\u00f3n cliste a aithint agus a labhairt. Is f\u00e9idir leis c\u00f3id bharra a l\u00e9amh ar lip\u00e9id gr\u00f3saera agus t\u00e1irg\u00ed eile, ainm an t\u00e1irge a thairiscint, agus faisn\u00e9is bhreise de ghn\u00e1th, amhail lip\u00e9ad\u00fa cothaithe, c\u00f3caireacht agus treoracha eile.<br \/>\nAg baint \u00fas\u00e1ide as Seeing AI is f\u00e9idir leat picti\u00fair de do chairde agus do bhaill teaghlaigh a l\u00e9im, agus an aip a \u00fas\u00e1id ina dhiaidh sin chun insint duit c\u00e9 at\u00e1 in aice l\u00e1imhe.<br \/>\n<br \/>\nIs aip saor in aisce \u00e9 Seeing AI a ins\u00edonn an domhan m\u00f3rthimpeall ort. <br \/>\n\t<br \/>\nSu\u00edomh Gr\u00e9as\u00e1in SeeingAI.com le haghaidh tuilleadh sonra\u00ed<br \/>\n<\/td>\n<\/tr>\n<tr class=\"row-3\">\n\t<td class=\"column-1\">ChatterPix<br \/>\n<br \/>\n<a href=\"https:\/\/ncse.ie\/wp-content\/uploads\/2020\/06\/Chatterpix.jpg\"><img decoding=\"async\" src=\"https:\/\/ncse.ie\/wp-content\/uploads\/2020\/06\/Chatterpix.jpg\" alt=\"ChatterPix\" width=\"100\" height=\"100\" class=\"alignnone size-thumbnail wp-image-8055\" \/><\/a><br \/>\n\u00f3 Duck Duck Moose<\/td><td class=\"column-2\">Saor in aisce<\/td><td class=\"column-3\"><a href=\"https:\/\/apps.apple.com\/us\/app\/chatterpix-kids\/id734046126\">Apple<\/a><br \/>\n<br \/>\n<a href=\"https:\/\/play.google.com\/store\/apps\/details?id=com.duckduckmoosedesign.cpkids\">Android<\/a><br \/>\n<br \/>\n<br \/>\n<br \/>\n<\/td><td class=\"column-4\">Is aip spra\u00ed\u00fail \u00e9 ChatterPix is f\u00e9idir a \u00fas\u00e1id chun tac\u00fa le foghlaim sa bhaile agus go leor spraoi a bheith agat! Is f\u00e9idir leat beannachta\u00ed amaideach, teachtaireachta\u00ed spra\u00ed\u00fala, c\u00e1rta\u00ed cruthaitheacha, n\u00f3 fi\u00fa tuairisc\u00ed leabhar mhaisi\u00fail a chruth\u00fa. Agus is fearr ar fad, t\u00e1 s\u00e9 SAOR IN AISCE! F\u00e9ach \u00e1r dtreoir maidir le conas an aip seo a \u00fas\u00e1id anseo (cuir isteach nasc chuig doicim\u00e9ad uasl\u00f3d\u00e1ilte).<\/td>\n<\/tr>\n<tr class=\"row-4\">\n\t<td class=\"column-1\">Dolphin Easy Reader<br \/>\n<br \/>\n<a href=\"https:\/\/ncse.ie\/wp-content\/uploads\/2020\/06\/Dolphin-Reader.jpg\"><img decoding=\"async\" src=\"https:\/\/ncse.ie\/wp-content\/uploads\/2020\/06\/Dolphin-Reader.jpg\" alt=\"Dolphin Easy Reader\" width=\"100\" height=\"100\" class=\"alignnone size-thumbnail wp-image-8055\" \/><\/a><br \/>\n\u00f3 Dolphin<\/td><td class=\"column-2\">Saor in aisce<\/td><td class=\"column-3\"><a href=\"https:\/\/apps.apple.com\/gb\/app\/dolphin-easyreader\/id1161662515\">Apple<\/a><br \/>\n<br \/>\n<a href=\"https:\/\/play.google.com\/store\/apps\/details?id=com.yourdolphin.easyreader\">Android<\/a><br \/>\n<br \/>\n<br \/>\n<br \/>\n<\/td><td class=\"column-4\">Is aip l\u00e9itheoireachta inrochtana SAOR IN AISCE \u00e9 EasyReader do l\u00e9itheoir\u00ed a bhfuil disl\u00e9icse, f\u00eds \u00edseal n\u00f3 daille orthu. Brabhs\u00e1il &amp; \u00edosl\u00f3d\u00e1il \u00f3n mbaili\u00fach\u00e1n de leabhair chainte agus leabharlanna nuacht\u00e1n. Oscail do DAISY, EPub n\u00f3 t\u00e9acsleabhair f\u00e9in. N\u00f3 c\u00f3ipe\u00e1il t\u00e9acs \u00f3 \u00e1it ar bith ar do ghuth\u00e1n &amp; cloisfidh t\u00fa EasyReader \u00e1 l\u00e9amh ar ais chugat.<\/td>\n<\/tr>\n<tr class=\"row-5\">\n\t<td class=\"column-1\">Draw with Stars<br \/>\n<br \/>\n<a href=\"https:\/\/ncse.ie\/wp-content\/uploads\/2020\/05\/Draw_with_Stars-e1590403514187.jpg\"><img loading=\"lazy\" decoding=\"async\" src=\"https:\/\/ncse.ie\/wp-content\/uploads\/2020\/05\/Draw_with_Stars-e1590403514187.jpg\" alt=\"Draw with Stars\" width=\"100\" height=\"100\" class=\"alignnone size-thumbnail wp-image-8055\" \/><\/a><br \/>\n\u00f3 L'Escapadou<\/td><td class=\"column-2\">Saor in aisce<\/td><td class=\"column-3\"><a href=\"https:\/\/apps.apple.com\/us\/app\/draw-with-stars-play-with-shooting-stars\/id367460661\">Apple<\/a><br \/>\n<br \/>\n<\/td><td class=\"column-4\">B\u00edonn r\u00e9alta\u00ed le feice\u00e1il agus t\u00fa ag tarraingt do mh\u00e9ar ar an sc\u00e1ile\u00e1n, sconna r\u00e9alta agus eitl\u00edonn s\u00e9 ar shi\u00fal, croith an t\u00e1ibl\u00e9ad agus eitl\u00edonn na r\u00e9alta\u00ed go l\u00e9ir chun na sp\u00e9artha a ghlanadh. Cuireann fuaimeanna ceoil leis an eisp\u00e9ireas. Cleachtadh a dh\u00e9anamh ar litri\u00fa, cruthanna litreacha, n\u00f3 sc\u00edth a ligean leis an eisp\u00e9ireas c\u00e9adfach.<\/td>\n<\/tr>\n<tr class=\"row-6\">\n\t<td class=\"column-1\">Leathanaigh<br \/>\n<br \/>\n<a href=\"https:\/\/ncse.ie\/wp-content\/uploads\/2020\/05\/Pages.png\"><img loading=\"lazy\" decoding=\"async\" src=\"https:\/\/ncse.ie\/wp-content\/uploads\/2020\/05\/Pages.png\" alt=\"Pages\" width=\"100\" height=\"100\" class=\"alignnone size-thumbnail wp-image-8055\" \/><\/a><br \/>\n\u00f3 Apple<\/td><td class=\"column-2\">Saor in aisce<\/td><td class=\"column-3\"><a href=\"https:\/\/apps.apple.com\/us\/app\/pages\/id361309726\">Apple<\/a><br \/>\n<br \/>\n<\/td><td class=\"column-4\">Ligeann an aip seo duit leathanach t\u00e9acs a chruth\u00fa tr\u00ed chaint. Is \u00e9 Pages an aip pr\u00f3ise\u00e1la focal \u00f3 Apple. Is f\u00e9idir leat achoimre \u00f3 bh\u00e9al a phlean\u00e1il ag baint \u00fas\u00e1ide as l\u00e9arsc\u00e1il intinne \/ eochairfhocal \/ picti\u00fair) agus ansin t\u00e9igh go dt\u00ed an aip, roghnaigh doicim\u00e9ad b\u00e1n agus bain \u00fas\u00e1id as an eochair micreaf\u00f3n (ar dheis an bharra sp\u00e1is) chun labhairt agus t\u00e1 an t\u00e9acs le feice\u00e1il ar an sc\u00e1ile\u00e1n. Do phonca\u00edocht a r\u00e1 ach \u0432\u0402\u045afull stop\u0432\u0402\u045c, \u0432\u0402\u045anew Line\u0432\u0402\u045c, \u0432\u0402\u045aquestion mark\u0432\u0402\u045c, srl. Is f\u00e9idir le feidhmi\u00falacht brath ar chaighde\u00e1n an leathanbhanda ina bhfuil s\u00e9 \u00e1 \u00fas\u00e1id. <br \/>\n<br \/>\nLe haghaidh treoir c\u00e9im ar ch\u00e9im f\u00e9ach ar \u00e1r Conas Treoir a thabhairt sa rann\u00e1n T\u00e9ama na Seachtaine an tseachtain\u0432\u0402\u2122 seo.<br \/>\n<\/td>\n<\/tr>\n<tr class=\"row-7\">\n\t<td class=\"column-1\">Endless Reader<br \/>\n<br \/>\n<a href=\"https:\/\/ncse.ie\/wp-content\/uploads\/2020\/05\/EndlessReader.jpg\"><img loading=\"lazy\" decoding=\"async\" src=\"https:\/\/ncse.ie\/wp-content\/uploads\/2020\/05\/EndlessReader.jpg\" alt=\"Endless reader\" width=\"100\" height=\"100\" class=\"alignnone size-thumbnail wp-image-8055\" \/><\/a><br \/>\n\u00f3 Originator Inc.<\/td><td class=\"column-2\">Saor in aisce<\/td><td class=\"column-3\"><a href=\"https:\/\/apps.apple.com\/us\/app\/endless-reader\/id722910739?ign-mpt=uo%3D4\">Apple<\/a><br \/>\n<br \/>\n<a href=\"https:\/\/play.google.com\/store\/apps\/details?id=com.originatorkids.EndlessReader \">Android<\/a><\/td><td class=\"column-4\">Cuid\u00edonn an aip seo le focail radhairc a fhoghlaim, a gcomhth\u00e9acs agus a n-\u00fas\u00e1id leis na harrachtaigh gan deireadh. <br \/>\n<br \/>\nT\u00e1 bhfreagra focal idirghn\u00edomhach i ngach focal le litreacha a thagann beo, agus ansin bhfreagra abairte le focail a thagann chun bheith ina gcur s\u00edos orthu. <br \/>\n<br \/>\nT\u00e1 aipeanna eile sa tsraith \u0432\u0402\u045aEndless Alphabet\u0432\u0402\u045c agus \u0432\u0402\u045aEndless Number\u0432\u0402\u045c<\/td>\n<\/tr>\n<tr class=\"row-8\">\n\t<td class=\"column-1\">HB Phonological Awareness<br \/>\n<br \/>\n<a href=\"https:\/\/ncse.ie\/wp-content\/uploads\/2020\/05\/HB-Phonological-Awareness.jpg\"><img loading=\"lazy\" decoding=\"async\" src=\"https:\/\/ncse.ie\/wp-content\/uploads\/2020\/05\/HB-Phonological-Awareness.jpg\" alt=\"HB Phonological Awareness\" width=\"100\" height=\"100\" class=\"alignnone size-thumbnail wp-image-8055\" \/><\/a><br \/>\n\u00f3 Super Duper publications Inc.<\/td><td class=\"column-2\">Saor in aisce (nuair a chlice\u00e1lann t\u00fa ar Glac an Turas\u0432\u0402\u045c) <\/td><td class=\"column-3\"><a href=\"https:\/\/apps.apple.com\/us\/app\/hb-phonological-awareness\/id667457445\">Apple<\/a><br \/>\n<br \/>\n<a href=\"https:\/\/play.google.com\/store\/apps\/details?id=air.com.superduperinc.PhonologicalAwareness2018 \">Android<\/a><\/td><td class=\"column-4\">Cluich\u00ed chun cumasc, rannaireacht, scriosadh f\u00f3in\u00e9im agus ionad\u00fa a chleachtadh. <br \/>\nLigeann \u0432\u0402\u045aGlac an Turas\u0432\u0402\u045c d'\u00fas\u00e1ideoir\u00ed 3 leibh\u00e9al cumais a bheith acu (\u00edseal, me\u00e1nach, ard) <br \/>\nT\u00e1 an aip saor in aisce ach t\u00e1 t\u00e1ill\u00ed breise ann do n\u00edos m\u00f3 leibh\u00e9al deacrachta. <br \/>\nAn-idirghn\u00edomhach agus go leor spraoi don fhoghlaim sa bhaile!<br \/>\nTaca\u00edocht iontach do gach dalta go h\u00e1irithe d\u00f3ibh si\u00fad a bhfuil disl\u00e9icse agus deacrachta\u00ed l\u00e9itheoireachta acu.<\/td>\n<\/tr>\n<tr class=\"row-9\">\n\t<td class=\"column-1\">HW Buddy<br \/>\n<br \/>\n<a href=\"https:\/\/ncse.ie\/wp-content\/uploads\/2020\/04\/Humanware.png\"><img loading=\"lazy\" decoding=\"async\" src=\"https:\/\/ncse.ie\/wp-content\/uploads\/2020\/04\/Humanware.png\" alt=\"HW Buddy\" width=\"100\" height=\"100\" class=\"alignnone size-thumbnail wp-image-8055\" \/><\/a><br \/>\n\u00f3 HumanWare Inc<\/td><td class=\"column-2\">Saor in aisce<\/td><td class=\"column-3\"><a href=\"https:\/\/apps.apple.com\/us\/app\/hw-buddy\/id1503313942\">Apple<\/a><br \/>\n<br \/>\n<a href=\"https:\/\/play.google.com\/store\/apps\/details?id=com.humanware.hwbuddy\">Android<\/a><\/td><td class=\"column-4\">Humanware Buddy App \u0432\u0402\" Cuireann s\u00e9 seo oili\u00faint chuimsitheach agus \u00e1bhair acmhainne ar f\u00e1il do gach t\u00e1irge Humanware le haghaidh lag\u00fa amhairc, m.sh., Connect 12, Braille Note. <br \/>\nIs minic a \u00fas\u00e1ideann \u00e1r m\u00fainteoir\u00ed ar cuairt a thaca\u00edonn le dalta\u00ed a bhfuil lag\u00fa amhairc orthu an aip seo chun tac\u00fa le dalta\u00ed a dtuismitheoir\u00ed agus a m\u00fainteoir\u00ed. <\/td>\n<\/tr>\n<tr class=\"row-10\">\n\t<td class=\"column-1\">Sock Puppets<br \/>\n<br \/>\n<a href=\"https:\/\/ncse.ie\/wp-content\/uploads\/2020\/04\/Sock-puppets.jpg\"><img loading=\"lazy\" decoding=\"async\" src=\"https:\/\/ncse.ie\/wp-content\/uploads\/2020\/04\/Sock-puppets.jpg\" alt=\"Sock Puppets\" width=\"100\" height=\"100\" class=\"alignnone size-thumbnail wp-image-8055\" \/><\/a><br \/>\n\u00f3 Smith Micro Software, Inc<\/td><td class=\"column-2\">Saor in aisce \u0432\u0402\" ach tabhair faoi deara go bhfuil ceannach\u00e1in in-aipe ann<\/td><td class=\"column-3\"><a href=\"https:\/\/apps.apple.com\/ie\/app\/sock-puppets-complete\/id547666894\">Apple<\/a><\/td><td class=\"column-4\">Cruthaigh se\u00f3 puip\u00e9ad, taifead agus seinn an f\u00edse\u00e1n ar ais! Idirghn\u00edomha\u00edochta\u00ed, beannachta\u00ed, ceisteanna srl a chleachtadh i gc\u00falra st\u00edl amharclainne puip\u00e9ad. Bealach iontach chun teanga labhartha a chleachtadh sa bhaile!<br \/>\nRogha puip\u00e9id 6 i Leagan saor in aisce le ceannach in-aipe chun n\u00edos m\u00f3 a cheannach, m\u00e1s g\u00e1.<\/td>\n<\/tr>\n<tr class=\"row-11\">\n\t<td class=\"column-1\">Mindful Gnats<br \/>\n<br \/>\n<a href=\"https:\/\/ncse.ie\/wp-content\/uploads\/2020\/04\/Gnat1.png\"><img loading=\"lazy\" decoding=\"async\" src=\"https:\/\/ncse.ie\/wp-content\/uploads\/2020\/04\/Gnat1.png\" alt=\"Mindful Gnats\" width=\"100\" height=\"100\" class=\"alignnone size-thumbnail wp-image-8055\" \/><\/a><br \/>\n\u00f3 Handaxe Limited<\/td><td class=\"column-2\">Saor in aisce<\/td><td class=\"column-3\"><a href=\"https:\/\/apps.apple.com\/us\/app\/id973919092?mt=8\">Apple<\/a><br \/>\n<br \/>\n<a href=\"https:\/\/play.google.com\/store\/apps\/details?id=com.handaxelimited.mindfulgnats&amp;utm_source=appgrooves&amp;utm_medium=agp_5021c2f532774c775a83d09e14a3d501_com.handaxelimited.mindfulgnats_us_others_15859281464111\">Android<\/a><\/td><td class=\"column-4\">T\u00e1 an aip seo deartha chun scileanna simpl\u00ed aireachais agus sc\u00edthe a mh\u00faineadh do dhaoine \u00f3ga. Le linn na tr\u00e9imhse \u00e9iginnteachta seo d'fh\u00e9adfadh s\u00e9 a bheith ina thaca\u00edocht \u00fas\u00e1ideach. Is f\u00e9idir \u00e9 a \u00fas\u00e1id chun cabhr\u00fa le cleachtas aireachais agus an cluiche deisce Mindful Gnats \u00e1 imirt (f\u00e9ach <a href =\"http:\/\/www.peskygnats.com\">www.peskygnats.com le<\/a> le haghaidh sonra\u00ed) n\u00f3 mar chabhair neamhsple\u00e1ch do chleachtas aireachais.<\/td>\n<\/tr>\n<tr class=\"row-12\">\n\t<td class=\"column-1\">Our Story 2<br \/>\n<br \/>\n<a href=\"https:\/\/ncse.ie\/wp-content\/uploads\/2020\/03\/OurStory2.jpg\"><img loading=\"lazy\" decoding=\"async\" src=\"https:\/\/ncse.ie\/wp-content\/uploads\/2020\/03\/OurStory2-150x150.jpg\" alt=\"OurStory2\" width=\"100\" height=\"100\" class=\"alignnone size-thumbnail wp-image-8055\" \/><\/a><br \/>\n\u00f3 Open University<\/td><td class=\"column-2\">Saor in aisce<\/td><td class=\"column-3\"><a href=\"https:\/\/apps.apple.com\/lk\/app\/our-story-2\/id1474216884\">Apple<\/a><br \/>\n<br \/>\n<a href=\"https:\/\/play.google.com\/store\/apps\/details?id=uk.ac.open.ourstory\">Android<\/a><\/td><td class=\"column-4\">F\u00e1gann an aip seo go bhfuil s\u00e9 \u00e9asca don \u00fas\u00e1ideoir leabhair phicti\u00fair a chruth\u00fa le guth agus\/n\u00f3 t\u00e9acs. Naisc go d\u00edreach leis na grianghraif a glacadh leis an dt\u00e1ibl\u00e9ad. T\u00e1\u0432\u0402\u2122 s\u00e9 an-\u00e9asca le h\u00fas\u00e1id agus is f\u00e9idir na leabhair sc\u00e9alta a sh\u00e1bh\u00e1il san aip n\u00f3 a roinnt tr\u00ed r\u00edomhphost. Molann \u00e1r gcomhairleoir\u00ed an aip seo do mh\u00fainteoir\u00ed ranga agus SET i ngach su\u00edomh scoile. T\u00e1 s\u00e9 \u00fas\u00e1ideach chun scileanna litearthachta agus cumars\u00e1ide a fhorbairt.<\/td>\n<\/tr>\n<\/tbody>\n<\/table>\n<!-- #tablepress-111 from cache -->\n<\/div>","protected":false},"excerpt":{"rendered":"<p><!-- RS_MODULE_CODE_2.4.4 --><\/p>\n<div id=\"readspeaker_button31717\" class=\"rs_skip rsbtn rs_preserve\"><a class=\"rsbtn_play\" title=\"Listen to this page using ReadSpeaker\" accesskey=\"L\" href=\"\/\/app-eu.readspeaker.com\/cgi-bin\/rsent?customerid=10499&amp;lang=en_uk&amp;readid=rspeak_read_31717&amp;url=https%3A%2F%2Fncse.ie%2Fga%2Fwp-json%2Fwp%2Fv2%2Fpages%2F31717\"><br \/>\n        <span class=\"rsbtn_left rsimg rspart\"><span class=\"rsbtn_text\"><span>Listen<\/span><\/span><\/span><br \/>\n        <span class=\"rsbtn_right rsimg rsplay rspart\"><\/span><br \/>\n        <\/a><\/div>\n<div id=\"rspeak_read_31717\"><\/div>\n","protected":false},"author":5,"featured_media":0,"parent":0,"menu_order":0,"comment_status":"open","ping_status":"open","template":"","meta":{"footnotes":""},"class_list":["post-31717","page","type-page","status-publish","hentry"],"_links":{"self":[{"href":"https:\/\/ncse.ie\/ga\/wp-json\/wp\/v2\/pages\/31717","targetHints":{"allow":["GET"]}}],"collection":[{"href":"https:\/\/ncse.ie\/ga\/wp-json\/wp\/v2\/pages"}],"about":[{"href":"https:\/\/ncse.ie\/ga\/wp-json\/wp\/v2\/types\/page"}],"author":[{"embeddable":true,"href":"https:\/\/ncse.ie\/ga\/wp-json\/wp\/v2\/users\/5"}],"replies":[{"embeddable":true,"href":"https:\/\/ncse.ie\/ga\/wp-json\/wp\/v2\/comments?post=31717"}],"version-history":[{"count":6,"href":"https:\/\/ncse.ie\/ga\/wp-json\/wp\/v2\/pages\/31717\/revisions"}],"predecessor-version":[{"id":40148,"href":"https:\/\/ncse.ie\/ga\/wp-json\/wp\/v2\/pages\/31717\/revisions\/40148"}],"wp:attachment":[{"href":"https:\/\/ncse.ie\/ga\/wp-json\/wp\/v2\/media?parent=31717"}],"curies":[{"name":"wp","href":"https:\/\/api.w.org\/{rel}","templated":true}]}}