{"id":32384,"date":"2014-10-02T12:04:36","date_gmt":"2014-10-02T11:04:36","guid":{"rendered":"https:\/\/ncse.ie\/seno-contact-list"},"modified":"2024-02-10T14:04:09","modified_gmt":"2024-02-10T14:04:09","slug":"seno-contact-list","status":"publish","type":"page","link":"https:\/\/ncse.ie\/ga\/seno-contact-list","title":{"rendered":"Liosta Teagmh\u00e1la SENO"},"content":{"rendered":"<!-- RS_MODULE_CODE_2.4.4 --><div id=\"readspeaker_button32384\" class=\"rs_skip rsbtn rs_preserve\"><a class=\"rsbtn_play\" title=\"Listen to this page using ReadSpeaker\" accesskey=\"L\" href=\"\/\/app-eu.readspeaker.com\/cgi-bin\/rsent?customerid=10499&amp;lang=en_uk&amp;readid=rspeak_read_32384&amp;url=https%3A%2F%2Fncse.ie%2Fga%2Fwp-json%2Fwp%2Fv2%2Fpages%2F32384\">\r\n        <span class=\"rsbtn_left rsimg rspart\"><span class=\"rsbtn_text\"><span>Listen<\/span><\/span><\/span>\r\n        <span class=\"rsbtn_right rsimg rsplay rspart\"><\/span>\r\n        <\/a><\/div><div id=\"rspeak_read_32384\"><h2><span class=\"heading\">Clice\u00e1il ar an gcontae \u00e1bhartha th\u00edos chun teacht ar na sonra\u00ed teagmh\u00e1la SENO don cheantar ina bhfuil t\u00fa.<\/span><\/h2>\n<p><strong>Ba ch\u00f3ir ceisteanna a bhaineann go sonrach le scoil, le dalta\u00ed agus le hiarratais a chur chuig an SENO sin at\u00e1 freagrach as na scoileanna sa cheantar arna sonr\u00fa. Ba ch\u00f3ir Ceisteanna ginear\u00e1lta maidir le beartas agus ciorcl\u00e1in \u00f3n Roinn Oideachais agus Scileanna agus \u00f3n NCSE lena n-\u00e1ir\u00edtear e.g. Treoirl\u00ednte NCSE do Scoileanna, uaireanta SET, Teagasc Baile, Sol\u00e1thar I\u00fail, dualgais CRS, Deontais Teicneola\u00edochta C\u00fanta agus Sc\u00e9im Iompair RSO a chur chuig Oifigeach Faisn\u00e9ise an NCSE ag 01 8733476.<\/strong><\/p>\n<table class=\"seno_table\" width=\"99%\" cellspacing=\"6\" cellpadding=\"6\">\n<tbody>\n<tr>\n<td width=\"33%\"><a href=\"https:\/\/ncse.ie\/wp-content\/uploads\/2017\/05\/Carlow.pdf\">Ceatharlach<\/a><\/td>\n<td width=\"33%\"><a title=\"Ciarra\u00ed\" href=\"https:\/\/ncse.ie\/wp-content\/uploads\/2016\/10\/Co_Kerry.pdf\">Ciarra\u00ed<\/a><\/td>\n<td width=\"33%\"><a title=\"Muineach\u00e1n\" href=\"https:\/\/ncse.ie\/wp-content\/uploads\/2016\/10\/Co_Monaghan.pdf\">Muineach\u00e1n<\/a><\/td>\n<\/tr>\n<tr>\n<td><a title=\"An Cabh\u00e1n\" href=\"https:\/\/ncse.ie\/wp-content\/uploads\/2016\/10\/Co_Cavan.pdf\">An Cabh\u00e1n<\/a><\/td>\n<td><a href=\"https:\/\/ncse.ie\/wp-content\/uploads\/2019\/04\/Kildare.pdf\">Cill Dara<\/a><\/td>\n<td><a href=\"https:\/\/ncse.ie\/wp-content\/uploads\/2016\/10\/Co_Offaly.pdf\" target=\"_blank\" rel=\"noopener\">U\u00edbh Fhail\u00ed<\/a><\/td>\n<\/tr>\n<tr>\n<td><a href=\"https:\/\/ncse.ie\/wp-content\/uploads\/2018\/01\/Clare.pdf\">An Cl\u00e1r<\/a><\/td>\n<td><a title=\"Cill Chainnigh\" href=\"https:\/\/ncse.ie\/wp-content\/uploads\/2016\/10\/Co_Kilkenny.pdf\">Cill Chainnigh<\/a><\/td>\n<td><a title=\"Ros Com\u00e1in\" href=\"https:\/\/ncse.ie\/wp-content\/uploads\/2016\/10\/Co_Roscommon.pdf\">Ros Com\u00e1in<\/a><\/td>\n<\/tr>\n<tr>\n<td><a href=\"https:\/\/ncse.ie\/wp-content\/uploads\/2018\/09\/Cork.pdf\">Corcaigh<\/a><\/td>\n<td><a href=\"https:\/\/ncse.ie\/wp-content\/uploads\/2017\/05\/Laois.pdf\">Laois<\/a><\/td>\n<td><a title=\"Sligeach\" href=\"https:\/\/ncse.ie\/wp-content\/uploads\/2016\/10\/Co_Sligo.pdf\">Sligeach<\/a><\/td>\n<\/tr>\n<tr>\n<td><a title=\"D\u00fan na nGall\" href=\"https:\/\/ncse.ie\/wp-content\/uploads\/2016\/10\/Co_Donegal.pdf\">D\u00fan na nGall<\/a><\/td>\n<td><a title=\"Liatroim\" href=\"https:\/\/ncse.ie\/wp-content\/uploads\/2016\/10\/Co_Leitrim.pdf\">Liatroim<\/a><\/td>\n<td><a href=\"https:\/\/ncse.ie\/wp-content\/uploads\/2017\/06\/Tipperary.pdf\">Tiobraid \u00c1rann<\/a><\/td>\n<\/tr>\n<tr>\n<td><a href=\"https:\/\/ncse.ie\/wp-content\/uploads\/2018\/09\/Dublin_Tallaght.pdf\">Baile \u00c1tha Cliath &#8211; Tamhlacht<\/a><\/td>\n<td><a href=\"https:\/\/ncse.ie\/wp-content\/uploads\/2018\/08\/Limerick.pdf\">Luimneach<\/a><\/td>\n<td><a title=\"Port L\u00e1irge\" href=\"https:\/\/ncse.ie\/wp-content\/uploads\/2016\/10\/Co_Waterford.pdf\">Port L\u00e1irge<\/a><\/td>\n<\/tr>\n<tr>\n<td><a href=\"https:\/\/ncse.ie\/wp-content\/uploads\/2019\/04\/DublinCity.pdf\">Baile \u00c1tha Cliath &#8211; An Chathair<\/a><\/td>\n<td><a title=\"An Longfort\" href=\"https:\/\/ncse.ie\/wp-content\/uploads\/2016\/10\/Co_Longford.pdf\">An Longfort<\/a><\/td>\n<td><a href=\"https:\/\/ncse.ie\/wp-content\/uploads\/2018\/01\/Westmeath.pdf\">An Iarmh\u00ed<\/a><\/td>\n<\/tr>\n<tr>\n<td><a href=\"https:\/\/ncse.ie\/wp-content\/uploads\/2018\/01\/Dublin_Fingal.pdf\">Baile \u00c1tha Cliath &#8211; Fine Gall<\/a><\/td>\n<td><a href=\"https:\/\/ncse.ie\/wp-content\/uploads\/2018\/09\/Louth.pdf\">L\u00fa<\/a><\/td>\n<td><a title=\"Loch Garman\" href=\"https:\/\/ncse.ie\/wp-content\/uploads\/2016\/10\/Co_Wexford.pdf\">Loch Garman<\/a><\/td>\n<\/tr>\n<tr>\n<td><a href=\"https:\/\/ncse.ie\/wp-content\/uploads\/2018\/09\/DL_Rathdown.pdf\">Baile \u00c1tha Cliath \u2013 D\u00fan Laoghaire &#8211; R\u00e1th an D\u00fain<\/a><\/td>\n<td><a title=\"Maigh Eo\" href=\"https:\/\/ncse.ie\/wp-content\/uploads\/2016\/10\/Co_Mayo.pdf\">Maigh Eo<\/a><\/td>\n<td><a title=\"Cill Mhant\u00e1in\" href=\"https:\/\/ncse.ie\/wp-content\/uploads\/2018\/05\/Wicklow.pdf\">Cill Mhant\u00e1in<\/a><\/td>\n<\/tr>\n<tr>\n<td><a title=\"Gaillimh\" href=\"https:\/\/ncse.ie\/wp-content\/uploads\/2016\/10\/Co_Galway.pdf\">Gaillimh<\/a><\/td>\n<td><a href=\"https:\/\/ncse.ie\/wp-content\/uploads\/2018\/09\/Meath.pdf\">An Mh\u00ed<\/a><\/td>\n<\/tr>\n<\/tbody>\n<\/table>\n<\/div>","protected":false},"excerpt":{"rendered":"<p><!-- RS_MODULE_CODE_2.4.4 --><\/p>\n<div id=\"readspeaker_button32384\" class=\"rs_skip rsbtn rs_preserve\"><a class=\"rsbtn_play\" title=\"Listen to this page using ReadSpeaker\" accesskey=\"L\" href=\"\/\/app-eu.readspeaker.com\/cgi-bin\/rsent?customerid=10499&amp;lang=en_uk&amp;readid=rspeak_read_32384&amp;url=https%3A%2F%2Fncse.ie%2Fga%2Fwp-json%2Fwp%2Fv2%2Fpages%2F32384\"><br \/>\n        <span class=\"rsbtn_left rsimg rspart\"><span class=\"rsbtn_text\"><span>Listen<\/span><\/span><\/span><br \/>\n        <span class=\"rsbtn_right rsimg rsplay rspart\"><\/span><br \/>\n        <\/a><\/div>\n<div id=\"rspeak_read_32384\"> Clice\u00e1il ar an gcontae \u00e1bhartha th\u00edos chun teacht ar na sonra\u00ed teagmh\u00e1la SENO don cheantar ina bhfuil t\u00fa. Ba ch\u00f3ir ceisteanna a bhaineann go sonrach le scoil, le dalta\u00ed agus le hiarratais a chur chuig an SENO sin at\u00e1 freagrach as na scoileanna sa cheantar arna sonr\u00fa. Ba ch\u00f3ir Ceisteanna ginear\u00e1lta maidir le beartas [&hellip;]<\/div>\n","protected":false},"author":1,"featured_media":0,"parent":0,"menu_order":0,"comment_status":"open","ping_status":"open","template":"","meta":{"footnotes":""},"class_list":["post-32384","page","type-page","status-publish","hentry"],"_links":{"self":[{"href":"https:\/\/ncse.ie\/ga\/wp-json\/wp\/v2\/pages\/32384","targetHints":{"allow":["GET"]}}],"collection":[{"href":"https:\/\/ncse.ie\/ga\/wp-json\/wp\/v2\/pages"}],"about":[{"href":"https:\/\/ncse.ie\/ga\/wp-json\/wp\/v2\/types\/page"}],"author":[{"embeddable":true,"href":"https:\/\/ncse.ie\/ga\/wp-json\/wp\/v2\/users\/1"}],"replies":[{"embeddable":true,"href":"https:\/\/ncse.ie\/ga\/wp-json\/wp\/v2\/comments?post=32384"}],"version-history":[{"count":9,"href":"https:\/\/ncse.ie\/ga\/wp-json\/wp\/v2\/pages\/32384\/revisions"}],"predecessor-version":[{"id":40297,"href":"https:\/\/ncse.ie\/ga\/wp-json\/wp\/v2\/pages\/32384\/revisions\/40297"}],"wp:attachment":[{"href":"https:\/\/ncse.ie\/ga\/wp-json\/wp\/v2\/media?parent=32384"}],"curies":[{"name":"wp","href":"https:\/\/api.w.org\/{rel}","templated":true}]}}