{"id":37673,"date":"2016-12-21T12:44:45","date_gmt":"2016-12-21T12:44:45","guid":{"rendered":"https:\/\/ncse.ie\/services-provided-or-to-be-provided-to-the-public"},"modified":"2024-02-04T05:26:23","modified_gmt":"2024-02-04T05:26:23","slug":"services-provided-or-to-be-provided-to-the-public","status":"publish","type":"page","link":"https:\/\/ncse.ie\/ga\/services-provided-or-to-be-provided-to-the-public","title":{"rendered":"Seirbh\u00eds\u00ed arna sol\u00e1thar n\u00f3 le sol\u00e1thar don phobal"},"content":{"rendered":"<!-- RS_MODULE_CODE_2.4.4 --><div id=\"readspeaker_button37673\" class=\"rs_skip rsbtn rs_preserve\"><a class=\"rsbtn_play\" title=\"Listen to this page using ReadSpeaker\" accesskey=\"L\" href=\"\/\/app-eu.readspeaker.com\/cgi-bin\/rsent?customerid=10499&amp;lang=en_uk&amp;readid=rspeak_read_37673&amp;url=https%3A%2F%2Fncse.ie%2Fga%2Fwp-json%2Fwp%2Fv2%2Fpages%2F37673\">\r\n        <span class=\"rsbtn_left rsimg rspart\"><span class=\"rsbtn_text\"><span>Listen<\/span><\/span><\/span>\r\n        <span class=\"rsbtn_right rsimg rsplay rspart\"><\/span>\r\n        <\/a><\/div><div id=\"rspeak_read_37673\"><p>Do Thuismitheoir\u00ed (<a href=\"https:\/\/ncse.ie\/for-parents\">https:\/\/ncse.ie\/for-parents<\/a>)<br \/>\nDo Scoileanna (<a href=\"https:\/\/ncse.ie\/for-schools\">https:\/\/ncse.ie\/for-schools<\/a>)<br \/>\nDo Thaighdeoir\u00ed (<a href=\"https:\/\/ncse.ie\/research\">https:\/\/ncse.ie\/research<\/a>)<br \/>\nBunachar Sonra\u00ed de Thaighde agus Beartas maidir le hOideachas Speisialta in \u00c9irinn (<a href=\"https:\/\/ncse.ie\/database-of-sen-research-policy-in-ireland\">https:\/\/ncse.ie\/database-of-sen-research-policy-in-ireland<\/a>)<br \/>\nLe hAghaidh Staitistic\u00ed (<a href=\"https:\/\/ncse.ie\/statistics\">https:\/\/ncse.ie\/statistics<\/a>)<br \/>\nLe haghaidh Foilseach\u00e1n (<a href=\"https:\/\/ncse.ie\/publications-overview\">https:\/\/ncse.ie\/publications-overview<\/a>)<br \/>\nSeirbh\u00eds Do Chustaim\u00e9ir\u00ed (<a href=\"https:\/\/ncse.ie\/customer-charter\">https:\/\/ncse.ie\/customer-charter<\/a>)<\/p>\n<\/div>","protected":false},"excerpt":{"rendered":"<p><!-- RS_MODULE_CODE_2.4.4 --><\/p>\n<div id=\"readspeaker_button37673\" class=\"rs_skip rsbtn rs_preserve\"><a class=\"rsbtn_play\" title=\"Listen to this page using ReadSpeaker\" accesskey=\"L\" href=\"\/\/app-eu.readspeaker.com\/cgi-bin\/rsent?customerid=10499&amp;lang=en_uk&amp;readid=rspeak_read_37673&amp;url=https%3A%2F%2Fncse.ie%2Fga%2Fwp-json%2Fwp%2Fv2%2Fpages%2F37673\"><br \/>\n        <span class=\"rsbtn_left rsimg rspart\"><span class=\"rsbtn_text\"><span>Listen<\/span><\/span><\/span><br \/>\n        <span class=\"rsbtn_right rsimg rsplay rspart\"><\/span><br \/>\n        <\/a><\/div>\n<div id=\"rspeak_read_37673\"> Do Thuismitheoir\u00ed (https:\/\/ncse.ie\/for-parents) Do Scoileanna (https:\/\/ncse.ie\/for-schools) Do Thaighdeoir\u00ed (https:\/\/ncse.ie\/research) Bunachar Sonra\u00ed de Thaighde agus Beartas maidir le hOideachas Speisialta in \u00c9irinn (https:\/\/ncse.ie\/database-of-sen-research-policy-in-ireland) Le hAghaidh Staitistic\u00ed (https:\/\/ncse.ie\/statistics) Le haghaidh Foilseach\u00e1n (https:\/\/ncse.ie\/publications-overview) Seirbh\u00eds Do Chustaim\u00e9ir\u00ed (https:\/\/ncse.ie\/customer-charter)<\/div>\n","protected":false},"author":5,"featured_media":0,"parent":0,"menu_order":0,"comment_status":"open","ping_status":"open","template":"","meta":{"footnotes":""},"class_list":["post-37673","page","type-page","status-publish","hentry"],"_links":{"self":[{"href":"https:\/\/ncse.ie\/ga\/wp-json\/wp\/v2\/pages\/37673","targetHints":{"allow":["GET"]}}],"collection":[{"href":"https:\/\/ncse.ie\/ga\/wp-json\/wp\/v2\/pages"}],"about":[{"href":"https:\/\/ncse.ie\/ga\/wp-json\/wp\/v2\/types\/page"}],"author":[{"embeddable":true,"href":"https:\/\/ncse.ie\/ga\/wp-json\/wp\/v2\/users\/5"}],"replies":[{"embeddable":true,"href":"https:\/\/ncse.ie\/ga\/wp-json\/wp\/v2\/comments?post=37673"}],"version-history":[{"count":5,"href":"https:\/\/ncse.ie\/ga\/wp-json\/wp\/v2\/pages\/37673\/revisions"}],"predecessor-version":[{"id":39949,"href":"https:\/\/ncse.ie\/ga\/wp-json\/wp\/v2\/pages\/37673\/revisions\/39949"}],"wp:attachment":[{"href":"https:\/\/ncse.ie\/ga\/wp-json\/wp\/v2\/media?parent=37673"}],"curies":[{"name":"wp","href":"https:\/\/api.w.org\/{rel}","templated":true}]}}