{"id":39718,"date":"2023-11-08T15:33:42","date_gmt":"2023-11-08T15:33:42","guid":{"rendered":"https:\/\/ncse.ie\/digital-strategy-for-schools-2015-2020"},"modified":"2025-07-07T17:34:50","modified_gmt":"2025-07-07T16:34:50","slug":"digital-strategy-for-schools-2015-2020","status":"publish","type":"page","link":"https:\/\/ncse.ie\/ga\/digital-strategy-for-schools-2015-2020","title":{"rendered":"Strait\u00e9is Dhigiteach do Scoileanna 2015-2020"},"content":{"rendered":"<div class=\"wpb-content-wrapper\"><!-- RS_MODULE_CODE_2.4.4 --><div id=\"readspeaker_button39718\" class=\"rs_skip rsbtn rs_preserve\"><a class=\"rsbtn_play\" title=\"Listen to this page using ReadSpeaker\" accesskey=\"L\" href=\"\/\/app-eu.readspeaker.com\/cgi-bin\/rsent?customerid=10499&amp;lang=en_uk&amp;readid=rspeak_read_39718&amp;url=https%3A%2F%2Fncse.ie%2Fga%2Fwp-json%2Fwp%2Fv2%2Fpages%2F39718\">\r\n        <span class=\"rsbtn_left rsimg rspart\"><span class=\"rsbtn_text\"><span>Listen<\/span><\/span><\/span>\r\n        <span class=\"rsbtn_right rsimg rsplay rspart\"><\/span>\r\n        <\/a><\/div><div id=\"rspeak_read_39718\"><p>[vc_row][vc_column width=&#8221;2\/3&#8243;][vc_column_text]\u00d3 1998 i leith, t\u00e1 an Roinn ag lean\u00faint go gn\u00edomhach le comhth\u00e1th\u00fa TFC isteach sa teagasc agus san fhoghlaim agus i bhforbairt litearthacht dhigiteach na ndalta\u00ed, go pr\u00edomha tr\u00edna cl\u00e1r TFC sna Scoileanna. Dh\u00edrigh an Cl\u00e1r seo ar cheithre phr\u00edomhr\u00e9imse:<\/p>\n<ul>\n<li>Dh\u00edrigh an Cl\u00e1r seo ar cheithre phr\u00edomhr\u00e9imse:<\/li>\n<li>Rochtain ar nascacht leathanbhanda a shol\u00e1thar do scoileanna<\/li>\n<li>Forbairt ghairmi\u00fail lean\u00fanach do mh\u00fainteoir\u00ed TFC<\/li>\n<li>TFC a chomhth\u00e1th\u00fa sa churaclam agus \u00e1bhar digiteach agus bogearra\u00ed a bhaineann leis an gcuraclam a shol\u00e1thar.<\/li>\n<\/ul>\n<p>II m\u00ed Dheireadh F\u00f3mhair 2015, d\u2019fhoilsigh an Roinn <a href=\"https:\/\/www.education.ie\/en\/Publications\/Policy-Reports\/Digital-Strategy-for-Schools-2015-2020.pdf\">An Strait\u00e9is Dhigiteach do Scoileanna 2015-2020 ag Feabhs\u00fa Teagaisc, Foghlaim agus Meas\u00fan\u00fa<\/a>, an ch\u00e9ad ch\u00e9im eile den chl\u00e1r TFC i Scoileanna. Sol\u00e1thra\u00edonn an Strait\u00e9is Dhigiteach do Scoileanna r\u00e9as\u00fana\u00edocht agus plean gn\u00edomha\u00edochta Rialtais chun TFC a chomhth\u00e1th\u00fa i gcleachtais teagaisc, foghlama agus meas\u00fanaithe i scoileanna thar na c\u00faig bliana amach romhainn. T\u00f3gann an Strait\u00e9is seo ar strait\u00e9is\u00ed roimhe seo i r\u00e9imse an chomhth\u00e1thaithe TFC agus is toradh \u00ed ar thaighde agus ar chomhairli\u00fach\u00e1n fairsing le comhph\u00e1irtithe oideachais agus p\u00e1irtithe leasmhara. s f\u00e9idir teacht ar th\u00e9acs ioml\u00e1n na Strait\u00e9ise tr\u00edd an nasc th\u00edos, agus t\u00e1 tuilleadh eolais le f\u00e1il ar <a href=\"https:\/\/www.education.ie\/en\/Schools-Colleges\/Information\/Information-Communications-Technology-ICT-in-Schools\/Digital-Strategy-for-Schools\/Digital%20Strategy%20Information.html\">leathanach gr\u00e9as\u00e1in na Strait\u00e9ise Digit\u00ed.<\/a><\/p>\n<p>Chun tac\u00fa le cur i bhfeidhm na Strait\u00e9ise Digit\u00ed, t\u00e1 na c\u00e1s-staid\u00e9ir seo a leanas curtha ar f\u00e1il ag an NCSE a bhfuil s\u00e9 mar aidhm leo treoir agus comhairle a shol\u00e1thar do scoileanna ar conas is f\u00e9idir teicneola\u00edochta\u00ed digiteacha a nead\u00fa go cu\u00ed sa teagasc, san fhoghlaim agus sa mheas\u00fan\u00fa d\u2019fhoghlaimeoir\u00ed a bhfuil riachtanais speisialta oideachais acu.<\/p>\n<p>C\u00e1s-Staid\u00e9ar 1 (ag teacht go luath)<\/p>\n<p>C\u00e1s-Staid\u00e9ar 2 (ag teacht go luath)<\/p>\n<p>C\u00e1s-Staid\u00e9ar 3 (ag teacht go luath)<\/p>\n<p>T\u00e1 m\u00fanla\u00ed cleachtais \u00e9ifeachtach\/an-\u00e9ifeachtach sainaitheanta ag an NCSE a l\u00e9ir\u00edonn dea-chumars\u00e1id idir scoileanna agus tuismitheoir\u00ed\/caomhn\u00f3ir\u00ed foghlaimeoir\u00ed a bhfuil riachtanais speisialta oideachais acu.<\/p>\n<p>C\u00e1s-Staid\u00e9ar 4 (ag teacht go luath)<\/p>\n<p>C\u00e1s-Staid\u00e9ar 5 (ag teacht go luath)<\/p>\n<p>&nbsp;<\/p>\n<h4><strong>Naisc \u00das\u00e1ideacha<\/strong><\/h4>\n<p><a href=\"https:\/\/www.dlplanning.ie\/\">https:\/\/www.dlplanning.ie\/<\/a> Creat Plean\u00e1la Foghlama Digiteach<\/p>\n<p><a href=\"https:\/\/ec.europa.eu\/education\/schools-go-digital_en\">https:\/\/ec.europa.eu\/education\/schools-go-digital_en<\/a> F\u00c9IN\u00cdN<\/p>\n<p><a href=\"http:\/\/www.digitalschools.ie\/\">http:\/\/www.digitalschools.ie\/<\/a> difr\u00edocht Scoileanna Digiteacha<\/p>\n<p><a href=\"https:\/\/www.education.ie\/en\/Schools-Colleges\/Information\/Information-Communications-Technology-ICT-in-Schools\/digital-learning-framework-primary.pdf\">https:\/\/www.education.ie\/en\/Schools-Colleges\/Information\/Information-Communications-Technology-ICT-in-Schools\/digital-learning-framework-primary.pdf<\/a> Creat Foghlama Digiteach do Bhunscoileanna<\/p>\n<p><a href=\"https:\/\/www.education.ie\/en\/Schools-Colleges\/Information\/Information-Communications-Technology-ICT-in-Schools\/digital-learning-framework-post-primary.pdf\">https:\/\/www.education.ie\/en\/Schools-Colleges\/Information\/Information-Communications-Technology-ICT-in-Schools\/digital-learning-framework-post-primary.pdf<\/a> Creat Foghlama Digiteach d\u2019Iarbhunscoileanna[\/vc_column_text][\/vc_column][vc_column width=&#8221;1\/3&#8243;][vc_wp_custommenu nav_menu=&#8221;5&#8243;][\/vc_column][\/vc_row]<\/p>\n<\/div><\/div>","protected":false},"excerpt":{"rendered":"<p><!-- RS_MODULE_CODE_2.4.4 --><\/p>\n<div id=\"readspeaker_button39718\" class=\"rs_skip rsbtn rs_preserve\"><a class=\"rsbtn_play\" title=\"Listen to this page using ReadSpeaker\" accesskey=\"L\" href=\"\/\/app-eu.readspeaker.com\/cgi-bin\/rsent?customerid=10499&amp;lang=en_uk&amp;readid=rspeak_read_39718&amp;url=https%3A%2F%2Fncse.ie%2Fga%2Fwp-json%2Fwp%2Fv2%2Fpages%2F39718\"><br \/>\n        <span class=\"rsbtn_left rsimg rspart\"><span class=\"rsbtn_text\"><span>Listen<\/span><\/span><\/span><br \/>\n        <span class=\"rsbtn_right rsimg rsplay rspart\"><\/span><br \/>\n        <\/a><\/div>\n<div id=\"rspeak_read_39718\"> [vc_row][vc_column width=&#8221;2\/3&#8243;][vc_column_text]\u00d3 1998 i leith, t\u00e1 an Roinn ag lean\u00faint go gn\u00edomhach le comhth\u00e1th\u00fa TFC isteach sa teagasc agus san fhoghlaim agus i bhforbairt litearthacht dhigiteach na ndalta\u00ed, go pr\u00edomha tr\u00edna cl\u00e1r TFC sna Scoileanna. Dh\u00edrigh an Cl\u00e1r seo ar cheithre phr\u00edomhr\u00e9imse: Dh\u00edrigh an Cl\u00e1r seo ar cheithre phr\u00edomhr\u00e9imse: Rochtain ar nascacht leathanbhanda a [&hellip;]<\/div>\n","protected":false},"author":63,"featured_media":0,"parent":0,"menu_order":0,"comment_status":"closed","ping_status":"closed","template":"","meta":{"footnotes":""},"class_list":["post-39718","page","type-page","status-publish","hentry"],"_links":{"self":[{"href":"https:\/\/ncse.ie\/ga\/wp-json\/wp\/v2\/pages\/39718","targetHints":{"allow":["GET"]}}],"collection":[{"href":"https:\/\/ncse.ie\/ga\/wp-json\/wp\/v2\/pages"}],"about":[{"href":"https:\/\/ncse.ie\/ga\/wp-json\/wp\/v2\/types\/page"}],"author":[{"embeddable":true,"href":"https:\/\/ncse.ie\/ga\/wp-json\/wp\/v2\/users\/63"}],"replies":[{"embeddable":true,"href":"https:\/\/ncse.ie\/ga\/wp-json\/wp\/v2\/comments?post=39718"}],"version-history":[{"count":5,"href":"https:\/\/ncse.ie\/ga\/wp-json\/wp\/v2\/pages\/39718\/revisions"}],"predecessor-version":[{"id":39792,"href":"https:\/\/ncse.ie\/ga\/wp-json\/wp\/v2\/pages\/39718\/revisions\/39792"}],"wp:attachment":[{"href":"https:\/\/ncse.ie\/ga\/wp-json\/wp\/v2\/media?parent=39718"}],"curies":[{"name":"wp","href":"https:\/\/api.w.org\/{rel}","templated":true}]}}