{"id":39795,"date":"2017-10-24T09:35:37","date_gmt":"2017-10-24T08:35:37","guid":{"rendered":"https:\/\/ncse.ie\/beartas-x"},"modified":"2017-10-24T09:35:37","modified_gmt":"2017-10-24T08:35:37","slug":"beartas-x","status":"publish","type":"page","link":"https:\/\/ncse.ie\/ga\/beartas-x","title":{"rendered":"Beartas X"},"content":{"rendered":"<!-- RS_MODULE_CODE_2.4.4 --><div id=\"readspeaker_button39795\" class=\"rs_skip rsbtn rs_preserve\"><a class=\"rsbtn_play\" title=\"Listen to this page using ReadSpeaker\" accesskey=\"L\" href=\"\/\/app-eu.readspeaker.com\/cgi-bin\/rsent?customerid=10499&amp;lang=en_uk&amp;readid=rspeak_read_39795&amp;url=https%3A%2F%2Fncse.ie%2Fga%2Fwp-json%2Fwp%2Fv2%2Fpages%2F39795\">\r\n        <span class=\"rsbtn_left rsimg rspart\"><span class=\"rsbtn_text\"><span>Listen<\/span><\/span><\/span>\r\n        <span class=\"rsbtn_right rsimg rsplay rspart\"><\/span>\r\n        <\/a><\/div><div id=\"rspeak_read_39795\"><h2><a href=\"https:\/\/ncse.ie\/wp-content\/uploads\/2017\/10\/LOGO.png\"><img decoding=\"async\" class=\"alignnone size-medium wp-image-5397 aligncenter\" src=\"https:\/\/ncse.ie\/wp-content\/uploads\/2017\/10\/LOGO-300x107.png\" alt=\"LOGO\" width=\"300\" height=\"107\" srcset=\"https:\/\/ncse.ie\/wp-content\/uploads\/2017\/10\/LOGO-300x107.png 300w, https:\/\/ncse.ie\/wp-content\/uploads\/2017\/10\/LOGO.png 565w\" sizes=\"(max-width: 300px) 100vw, 300px\" \/><\/a><\/h2>\n<h2 style=\"text-align: center;\"><\/h2>\n<h2 style=\"text-align: center;\">Beartas X<\/h2>\n<h3>C\u00e9 muid<\/h3>\n<p>Is sinne an Chomhairle N\u00e1isi\u00fanta um Oideachas Speisialta (NCSE). Is f\u00e9idir leat muid a fh\u00e1il ag @ncseirl<\/p>\n<p>Taca\u00edmid le c\u00f3ras oideachais cuimsitheach a chuireann ar chumas dalta\u00ed agus daoine f\u00e1sta a bhfuil riachtanais speisialta oideachais acu a l\u00e1nacmhainneacht a bhaint amach.<\/p>\n<p>T\u00e1 c\u00faig chro\u00edluach againn:<\/p>\n<ol>\n<li>Dalta-l\u00e1rnaithe: t\u00e1 dalta\u00ed agus daoine f\u00e1sta a bhfuil riachtanais speisialta oideachais acu i gcro\u00edl\u00e1r a nd\u00e9anaimid.<\/li>\n<\/ol>\n<ol start=\"2\">\n<li>Cothromas agus d\u00edrithe ar chomhionannas: leithdh\u00e1ileamar acmhainn\u00ed breise go cothrom ar scoileanna de r\u00e9ir riachtanais na dalta\u00ed chun oideachas cu\u00ed a fh\u00e1il.<\/li>\n<\/ol>\n<ol start=\"3\">\n<li>Ar bhonn fianaise: buna\u00edtear comhairle bheartais ar fhianaise taighde, dea-chleachtas n\u00e1isi\u00fanta agus idirn\u00e1isi\u00fanta, comhairli\u00fach\u00e1n len\u00e1r bp\u00e1irtithe leasmhara agus saineolas.<\/li>\n<\/ol>\n<ol start=\"4\">\n<li>Faoi sti\u00fair na saineolaithe: is saineolaithe sinn ar a nd\u00e9anaimid agus is foinse luachmhar eolais, treorach agus taca\u00edochta sinn.<\/li>\n<\/ol>\n<ol start=\"5\">\n<li>D\u00edrithe ar chomhairli\u00fach\u00e1n: d\u00e9anaimid comhairli\u00fach\u00e1n rialta agus fairsing len\u00e1r bp\u00e1irtithe leasmhara.<\/li>\n<\/ol>\n<p>Cad a dh\u00e9anaimid:<\/p>\n<ol>\n<li>D\u00e9anaimid plean\u00e1il, comhord\u00fa agus athbhreithni\u00fa ar shol\u00e1thar taca\u00edochta\u00ed oideachais breise do scoileanna a chl\u00e1ra\u00edonn dalta\u00ed a bhfuil riachtanais speisialta oideachais acu de r\u00e9ir bheartas na Roinne Oideachais agus Scileanna (ROS).<\/li>\n<\/ol>\n<ol start=\"2\">\n<li>Cuirimid comhairle shaineolach, neamhsple\u00e1ch, bunaithe ar fhianaise ar oideachas speisialta do dhalta\u00ed agus do dhaoine f\u00e1sta \u00f3ga ar f\u00e1il don Aire Oideachais agus Scileanna.<\/li>\n<\/ol>\n<ol start=\"3\">\n<li>D\u00e9anaimid taighde a choimisi\u00fan\u00fa, a sheoladh agus a roinnt ar chleachtas n\u00e1isi\u00fanta agus idirn\u00e1isi\u00fanta ar gach gn\u00e9 den oideachas speisialta.<\/li>\n<\/ol>\n<ol start=\"4\">\n<li>D\u00e9anaimid athbhreithni\u00fa agus comhairle ar na roghanna lean\u00fanacha at\u00e1 ar f\u00e1il sa bhreisoideachas agus san ardoideachas do dhaoine f\u00e1sta a bhfuil riachtanais speisialta oideachais acu.<\/li>\n<\/ol>\n<ol start=\"5\">\n<li>Cuirimid eolas ar oideachas speisialta ar f\u00e1il do gach duine a dteasta\u00edonn s\u00e9 uathu.<\/li>\n<\/ol>\n<ol start=\"6\">\n<li>D\u00e9anaimid oiri\u00fan\u00fa agus freagairt d&#8217;athr\u00fa agus \u00e1r gcro\u00edfheidhmeanna \u00e1 gcoime\u00e1d againn.<\/li>\n<\/ol>\n<h3>\u00das\u00e1id X agus freagra\u00ed<\/h3>\n<p>Bainimid \u00fas\u00e1id as X mar uirlis chraolta amh\u00e1in chun eolas a roinnt le daoine ar sp\u00e9is leo riachtanais speisialta oideachais.<\/p>\n<p>N\u00ed \u00fas\u00e1idimid X mar fh\u00f3ram d\u00edosp\u00f3ireachta: n\u00ed dh\u00e9anaimid teagmh\u00e1il le post\u00e1lacha a sheoltar chugainn.<\/p>\n<p>N\u00ed mheastar gur dul i dteagmh\u00e1il leis an NCSE chun cr\u00edocha oifigi\u00fala \u00e9 teachtaireacht a sheoladh tr\u00ed X. Is \u00e9 an bealach is fearr chun fiosr\u00fach\u00e1n a chur in i\u00fal don NCSE n\u00e1 dul i dteagmh\u00e1il leis an bpr\u00edomhoifig ag <a href=\"mailto:info@ncse.ie\">info@ncse.ie<\/a> n\u00f3 046-9486400, n\u00f3 tr\u00edn\u00e1r l\u00edonra d\u2019Eagraithe Riachtanais Speisialta Oideachais (ERSO). Is f\u00e9idir sonra\u00ed teagmh\u00e1la ERSO a fh\u00e1il <a href=\"https:\/\/ncse.ie\/seno-contact-list\">anseo<\/a>.<\/p>\n<p>N\u00e1 cuir eolais phearsanta\/phr\u00edobh\u00e1ideach f\u00fat f\u00e9in n\u00f3 faoi aon duine eile san \u00e1ireamh m\u00e1 dh\u00e9anann t\u00fa post\u00e1il chugainn.<\/p>\n<p>Coime\u00e1daimid an ceart chun post\u00e1lacha m\u00edchu\u00ed agus maslacha a bhloc\u00e1il agus a thuairisci\u00fa.<\/p>\n<h3>D\u00e9anfaimid post\u00e1il faoi<\/h3>\n<ul>\n<li>Eolas nua do thuismitheoir\u00ed agus do scoileanna<\/li>\n<li>Naisc le tuarasc\u00e1lacha taighde, beartais n\u00f3 treoirl\u00ednte nua<\/li>\n<li>Imeachta\u00ed, mar \u00e1r gcomhdh\u00e1il taighde bhliant\u00fail<\/li>\n<li>Preasr\u00e1iteas ar ghn\u00edomha\u00edochta\u00ed NCSE<\/li>\n<li>Fol\u00e1irimh faoi \u00e1bhar nua ar \u00e1r l\u00e1ithr\u00e9an gr\u00e9as\u00e1in<\/li>\n<\/ul>\n<h3>C\u00e9 a leanaimid<\/h3>\n<p>Is \u00e9 \u00e1r mbeartas gan ach ranna eile rialtais, gn\u00edomhaireachta\u00ed, comhph\u00e1irtithe Eorpacha \u00e1bhartha, gr\u00fapa\u00ed abhc\u00f3ideachta agus tuismitheoir\u00ed a lean\u00faint. Mar sin f\u00e9in, m\u00e1 leanann muidne, n\u00f3 muid ag baint \u00fas\u00e1ide as haischlibeanna n\u00f3 ag lua cuntais eile, n\u00ed thugann s\u00e9 le tuiscint go bhfuil formhuini\u00fa de chine\u00e1l ar bith.<\/p>\n<h3>Bainisti\u00fa cuntas X agus infhaighteacht<\/h3>\n<p>T\u00e1 cuntas X an NCSE \u00e1 oibri\u00fa ag an aonad Taighde agus Cumars\u00e1ide.<\/p>\n<p>Seans nach mbeidh X ar f\u00e1il \u00f3 am go ch\u00e9ile ar ch\u00faiseanna nach bhfuil smacht againn orthu. N\u00ed ghlacaimid aon fhreagracht as seo.<\/p>\n<h3>DEIREADH F\u00d3MHAIR 2017<\/h3>\n<\/div>","protected":false},"excerpt":{"rendered":"<p><!-- RS_MODULE_CODE_2.4.4 --><\/p>\n<div id=\"readspeaker_button39795\" class=\"rs_skip rsbtn rs_preserve\"><a class=\"rsbtn_play\" title=\"Listen to this page using ReadSpeaker\" accesskey=\"L\" href=\"\/\/app-eu.readspeaker.com\/cgi-bin\/rsent?customerid=10499&amp;lang=en_uk&amp;readid=rspeak_read_39795&amp;url=https%3A%2F%2Fncse.ie%2Fga%2Fwp-json%2Fwp%2Fv2%2Fpages%2F39795\"><br \/>\n        <span class=\"rsbtn_left rsimg rspart\"><span class=\"rsbtn_text\"><span>Listen<\/span><\/span><\/span><br \/>\n        <span class=\"rsbtn_right rsimg rsplay rspart\"><\/span><br \/>\n        <\/a><\/div>\n<div id=\"rspeak_read_39795\"> Beartas X C\u00e9 muid Is sinne an Chomhairle N\u00e1isi\u00fanta um Oideachas Speisialta (NCSE). Is f\u00e9idir leat muid a fh\u00e1il ag @ncseirl Taca\u00edmid le c\u00f3ras oideachais cuimsitheach a chuireann ar chumas dalta\u00ed agus daoine f\u00e1sta a bhfuil riachtanais speisialta oideachais acu a l\u00e1nacmhainneacht a bhaint amach. T\u00e1 c\u00faig chro\u00edluach againn: Dalta-l\u00e1rnaithe: t\u00e1 dalta\u00ed agus daoine [&hellip;]<\/div>\n","protected":false},"author":5,"featured_media":0,"parent":0,"menu_order":0,"comment_status":"open","ping_status":"open","template":"","meta":{"footnotes":""},"class_list":["post-39795","page","type-page","status-publish","hentry"],"_links":{"self":[{"href":"https:\/\/ncse.ie\/ga\/wp-json\/wp\/v2\/pages\/39795","targetHints":{"allow":["GET"]}}],"collection":[{"href":"https:\/\/ncse.ie\/ga\/wp-json\/wp\/v2\/pages"}],"about":[{"href":"https:\/\/ncse.ie\/ga\/wp-json\/wp\/v2\/types\/page"}],"author":[{"embeddable":true,"href":"https:\/\/ncse.ie\/ga\/wp-json\/wp\/v2\/users\/5"}],"replies":[{"embeddable":true,"href":"https:\/\/ncse.ie\/ga\/wp-json\/wp\/v2\/comments?post=39795"}],"version-history":[{"count":0,"href":"https:\/\/ncse.ie\/ga\/wp-json\/wp\/v2\/pages\/39795\/revisions"}],"wp:attachment":[{"href":"https:\/\/ncse.ie\/ga\/wp-json\/wp\/v2\/media?parent=39795"}],"curies":[{"name":"wp","href":"https:\/\/api.w.org\/{rel}","templated":true}]}}