{"id":39850,"date":"2023-06-19T15:33:34","date_gmt":"2023-06-19T14:33:34","guid":{"rendered":"https:\/\/ncse.ie\/comhdhail-chomhphairteach-2024-batod-feapda-ncse"},"modified":"2024-04-11T09:57:05","modified_gmt":"2024-04-11T08:57:05","slug":"comhdhail-chomhphairteach-2024-batod-feapda-ncse","status":"publish","type":"page","link":"https:\/\/ncse.ie\/ga\/comhdhail-chomhphairteach-2024-batod-feapda-ncse","title":{"rendered":"Comhdh\u00e1il Chomhph\u00e1irteach 2024 BATOD\/FEAPDA\/NCSE"},"content":{"rendered":"<div class=\"wpb-content-wrapper\"><!-- RS_MODULE_CODE_2.4.4 --><div id=\"readspeaker_button39850\" class=\"rs_skip rsbtn rs_preserve\"><a class=\"rsbtn_play\" title=\"Listen to this page using ReadSpeaker\" accesskey=\"L\" href=\"\/\/app-eu.readspeaker.com\/cgi-bin\/rsent?customerid=10499&amp;lang=en_uk&amp;readid=rspeak_read_39850&amp;url=https%3A%2F%2Fncse.ie%2Fga%2Fwp-json%2Fwp%2Fv2%2Fpages%2F39850\">\r\n        <span class=\"rsbtn_left rsimg rspart\"><span class=\"rsbtn_text\"><span>Listen<\/span><\/span><\/span>\r\n        <span class=\"rsbtn_right rsimg rsplay rspart\"><\/span>\r\n        <\/a><\/div><div id=\"rspeak_read_39850\"><p>[vc_row][vc_column][vc_column_text]<\/p>\n<h2 style=\"color: black; text-align: center;\"><strong>27\u00fa Comhdh\u00e1il FEAPDA<\/strong><\/h2>\n<h2 style=\"color: black; text-align: center;\"><strong>\u00c9ags\u00falacht in oideachas na mbodhar<\/strong><\/h2>\n<h4 style=\"color: black; text-align: center;\"><strong><em>Ini\u00fachadh a dh\u00e9anamh ar \u00e9ags\u00falacht na bhfoghlaimeoir\u00ed bodhra ina saolta <\/em><\/strong><strong><em>iomad\u00fala: impleachta\u00ed d\u00e1r n-eolas agus d\u00e1r gcleachtas<\/em><\/strong><\/h4>\n<h4 style=\"color: black; text-align: center;\"><strong>26-27 Aibre\u00e1n 2024<\/strong><\/h4>\n<h4 style=\"color: black; text-align: center;\"><strong><a href=\"https:\/\/www.thegrand.ie\/en\/\">The Grand Hotel<\/a>, Mullach \u00cdde, Co. Bhaile \u00c1tha Cliath, \u00c9ire<\/strong><\/h4>\n<p>[\/vc_column_text][\/vc_column][\/vc_row][vc_row][vc_column][vc_separator][\/vc_column][\/vc_row][vc_row][vc_column][vc_column_text]<\/p>\n<h5><strong>An ch\u00e9ad fh\u00f3gra pr\u00edomhl\u00e1ithreora<\/strong><\/h5>\n<p>[\/vc_column_text][vc_single_image image=&#8221;39650&#8243; img_size=&#8221;medium&#8221;][vc_column_text]<strong>Professor Bronagh Byrne, Queen&#8217;s University Belfast<\/strong><br \/>\nPresentation topic &#8211; <em>The Emotional Wellbeing of Deaf Children and Young People: A Case Study on the State of Deaf Children\u2019s Rights and Responsibilities<\/em>[\/vc_column_text][\/vc_column][\/vc_row][vc_row][vc_column][vc_separator][\/vc_column][\/vc_row][vc_row][vc_column][vc_column_text]<\/p>\n<h5><strong>Second keynote presenter announcement<\/strong><\/h5>\n<p>Madeline Hickey and John Culhane, National Council for Special Education (NCSE)<br \/>\nPresentation topic &#8211; <em>Developments in Deaf Education in the Republic of Ireland: Navigating the Diverse Paths of Deaf and Hard of Hearing Learners<\/em>[\/vc_column_text][vc_row_inner][vc_column_inner width=&#8221;1\/3&#8243;][vc_single_image image=&#8221;39638&#8243; img_size=&#8221;196&#215;222&#8243;][vc_column_text]<strong>Madeline Hickey<\/strong><br \/>\n<strong>Specialist Lead Sensory<\/strong>[\/vc_column_text][\/vc_column_inner][vc_column_inner width=&#8221;1\/3&#8243;][vc_single_image image=&#8221;39640&#8243; img_size=&#8221;196&#215;222&#8243;][vc_column_text]<strong>John Culhane<\/strong><br \/>\n<strong>Acting Regional Manager and<\/strong><br \/>\n<strong>Sensory Operational Lead<\/strong>[\/vc_column_text][\/vc_column_inner][vc_column_inner width=&#8221;1\/3&#8243;][\/vc_column_inner][\/vc_row_inner][\/vc_column][\/vc_row][vc_row][vc_column][vc_separator][\/vc_column][\/vc_row][vc_row][vc_column][vc_column_text]<\/p>\n<h5><strong>An tr\u00ed\u00fa f\u00f3gra pr\u00edomhl\u00e1ithreora<\/strong><\/h5>\n<p>[\/vc_column_text][vc_single_image image=&#8221;41513&#8243; img_size=&#8221;medium&#8221;][vc_column_text]<a href=\"https:\/\/www.rug.nl\/staff\/s.damen\/?lang=en\"><strong>Saskia Damen,<\/strong> Ollamh Dearlaice i Roinn na nEola\u00edochta\u00ed Oideola\u00edochta agus Oideachais in Ollscoil Groningen agus Taighdeoir Sinsearach ag Acadamh Kentalis san \u00cdsilt\u00edr. <\/a><br \/>\n\u00c1bhar an chur i l\u00e1thair &#8211;\u00a0<em>Saineolas a Fhorbairt le Tuismitheoir\u00ed Daoine Bodhra-dall<\/em>[\/vc_column_text][\/vc_column][\/vc_row][vc_row][vc_column][vc_separator][\/vc_column][\/vc_row][vc_row][vc_column][vc_column_text]<strong>T\u00e1 an cl\u00e1r\u00fa do chomhdh\u00e1il FEAPDA 2024 beo anois. Faigh do thic\u00e9ad tr\u00edd an <a href=\"https:\/\/www.eventbrite.ie\/e\/27th-feapda-congress-april-2024-tickets-756088490027?aff=ebdssbdestsearch\">nasc<\/a> seo.<\/strong><\/p>\n<p><a href=\"http:\/\/www.feapda.eu\/members.html\">Baill FEAPDA<\/a>*<\/p>\n<p>Tic\u00e9ad 2 l\u00e1 \u2013 D\u00cdOLTA AMACH<br \/>\nTic\u00e9ad 1 lae (D\u00e9 Sathairn 27 Aibre\u00e1n amh\u00e1in ar f\u00e1il) \u2013 praghas ioml\u00e1n neamh-bhall FEAPDA \u20ac200, baill FEAPDA\/BATOD \u20ac140[\/vc_column_text][\/vc_column][\/vc_row][vc_row][vc_column][vc_separator][\/vc_column][\/vc_row][vc_row][vc_column][vc_column_text]T\u00e1 an 27\u00fa Comhdh\u00e1il de <a href=\"http:\/\/www.feapda.eu\/\">Ch\u00f3naidhm Chumainn M\u00fainteoir\u00ed na mBodhar (FEAPDA)<\/a> i gcomhph\u00e1irt\u00edocht le Cumann <em>M\u00fainteoir\u00ed Leana\u00ed agus Daoine \u00d3ga Bodhra na Breataine<\/em> (BATOD), le taca\u00edocht \u00f3 <a href=\"https:\/\/www.batod.org.uk\">BATOD Thuaisceart \u00c9ireann<\/a>, agus <a href=\"https:\/\/ncse.ie\/ga\"><em> \u00f3n gComhairle N\u00e1isi\u00fanta um Oideachas Speisialta<\/em><\/a> (NCSE).<\/p>\n<p><u>D\u00e1ta\u00ed<\/u>: 26.04. &#8211; 27.04.2024<\/p>\n<p><u>\u00c1it:<\/u>: <a href=\"https:\/\/www.thegrand.ie\/en\/\">The Grand Hotel<\/a>, Mullach \u00cdde, Co. Bhaile \u00c1tha Cliath, \u00c9ire<\/p>\n<p><u>Teangacha na Comhdh\u00e1la:<\/u> B\u00e9arla (cuirfear ateangaireacht ar f\u00e1il i gComhartha Idirn\u00e1isi\u00fanta, i gComhartha na h\u00c9ireann agus i dTeanga Chomhartha\u00edochta na Breataine)<\/p>\n<p><u>T\u00e9ama<\/u>: \u00c9ags\u00falacht in oideachas na mbodhar<\/p>\n<p style=\"text-align: center;\"><strong><em>Ini\u00fachadh a dh\u00e9anamh ar \u00e9ags\u00falacht na bhfoghlaimeoir\u00ed bodhra ina saol go leor: impleachta\u00ed d\u00e1r n-eolas agus d\u00e1r gcleachtas<\/em><\/strong><\/p>\n<p style=\"text-align: center;\">Tugann gach leanbh bodhar n\u00f3 duine \u00f3g taith\u00ed uath\u00fail ar a gcuid oideachais. Mar gheall ar an measc\u00e1n d\u00e1 gcult\u00fair \u00e9ags\u00fala baile, d\u00e1 riachtanais bhreise agus d\u00e1 ndearcadh ar a dtaith\u00ed saoil f\u00e9in, arda\u00edtear ceisteanna faoi conas cleachtas a mh\u00fanl\u00fa agus monat\u00f3ireacht a dh\u00e9anamh ar thortha\u00ed.<\/p>\n<p>[\/vc_column_text][\/vc_column][\/vc_row][vc_row][vc_column][vc_single_image image=&#8221;17008&#8243; img_size=&#8221;full&#8221; alignment=&#8221;center&#8221;][\/vc_column][\/vc_row][vc_row][vc_column][vc_column_text]<strong>Beidh tuilleadh eolais faoi chl\u00e1r na Comhdh\u00e1la<\/strong><\/p>\n<p>agus faoi na nithe praitici\u00fala ar f\u00e1il go luath \u2013 b\u00ed ag faire agus feicfimid t\u00fa i mBaile \u00c1tha Cliath![\/vc_column_text][\/vc_column][\/vc_row][vc_row][vc_column][vc_separator][\/vc_column][\/vc_row][vc_row][vc_column][vc_column_text]<\/p>\n<p style=\"text-align: center;\"><strong>Thank you to our sponsors<\/strong><\/p>\n<h4 style=\"text-align: center;\"><strong>Stellar sponsor<\/strong> &#8211; <a href=\"http:\/\/www.captionconnect.com\">Caption Connect <\/a><\/h4>\n<p>[\/vc_column_text][vc_single_image image=&#8221;39663&#8243; img_size=&#8221;medium&#8221; alignment=&#8221;center&#8221; onclick=&#8221;custom_link&#8221; link=&#8221;http:\/\/www.captionconnect.com\/&#8221;][vc_column_text]CaptionConnect is a cutting-edge automatic captioning and transcription software designed to seamlessly convert speech into real-time text. Harnessing the power of Artificial Intelligence, CaptionConnect delivers swift and precise captioning and translation, making it an ideal solution for live presentations, webinars, meetings, and conversations involving multiple speakers.[\/vc_column_text][\/vc_column][\/vc_row][vc_row][vc_column][vc_separator][\/vc_column][\/vc_row][vc_row][vc_column][vc_column_text]<\/p>\n<h4 style=\"text-align: center;\">Silver sponsors<\/h4>\n<p>[\/vc_column_text][vc_row_inner][vc_column_inner width=&#8221;1\/3&#8243;][vc_column_text]<\/p>\n<h5 style=\"text-align: center;\"><a href=\"https:\/\/www.advancedbionics.com\/gb\/en\/home.html\">Advanced Bionics<\/a><\/h5>\n<p>[\/vc_column_text][vc_single_image image=&#8221;39667&#8243; img_size=&#8221;medium&#8221; alignment=&#8221;center&#8221; onclick=&#8221;custom_link&#8221; link=&#8221;https:\/\/www.advancedbionics.com\/gb\/en\/home.html&#8221;][\/vc_column_inner][vc_column_inner width=&#8221;1\/3&#8243;][vc_column_text]<\/p>\n<h5 style=\"text-align: center;\"><a href=\"https:\/\/www.medel.com\/en-gb\">MED-EL<\/a><\/h5>\n<p>[\/vc_column_text][vc_single_image image=&#8221;39669&#8243; img_size=&#8221;medium&#8221; alignment=&#8221;center&#8221; onclick=&#8221;custom_link&#8221; link=&#8221;https:\/\/www.medel.com\/en-gb&#8221;][\/vc_column_inner][vc_column_inner width=&#8221;1\/3&#8243;][vc_column_text]<\/p>\n<h5 style=\"text-align: center;\"><a href=\"https:\/\/www.phonak.com\/en-uk\/hearing-devices\/microphones\">Phonak<\/a><\/h5>\n<p>[\/vc_column_text][vc_single_image image=&#8221;39671&#8243; img_size=&#8221;medium&#8221; alignment=&#8221;center&#8221; onclick=&#8221;custom_link&#8221; link=&#8221;https:\/\/www.phonak.com\/en-uk\/hearing-devices\/microphones&#8221;][\/vc_column_inner][\/vc_row_inner][\/vc_column][\/vc_row][vc_row][vc_column][vc_separator][\/vc_column][\/vc_row][vc_row][vc_column][vc_column_text]<strong>Getting there:<\/strong><\/p>\n<ul>\n<li>Dublin is an easily accessible city where everything is nearby.<\/li>\n<li>Bus: <a href=\"https:\/\/www.dublinairport.com\/to-from-the-airport\/by-bus\/dublin-buses\">Bus to and from Dublin Airport | Dublin City Centre and Suburbs<\/a><\/li>\n<li>Car: <a href=\"https:\/\/www.dublinairport.com\/to-from-the-airport\/by-car\">Drop off and Pick Up &#8211; Dublin Airport<\/a>, Car Hire: Hertz, Eurocar, Newway, Avis.<\/li>\n<li>Tacsaithe: <a href=\"https:\/\/www.dublinairport.com\/to-from-the-airport\/by-taxi\">Fruili\u00fa Tacsaithe agus Eolas | Rang Tacsaithe Aerfort Bhaile \u00c1tha Cliath<\/a> ag Aerfort Bhaile \u00c1tha Cliath Tuilleadh eolais<\/li>\n<\/ul>\n<p>[\/vc_column_text][\/vc_column][\/vc_row][vc_row][vc_column][vc_single_image image=&#8221;39674&#8243; img_size=&#8221;full&#8221;][\/vc_column][\/vc_row][vc_row][vc_column][vc_column_text]<strong>L\u00f3ist\u00edn <\/strong><\/p>\n<p><a href=\"https:\/\/www.thegrand.ie\/en\/\">The Grand Hotel<\/a>\u2013 \u20ac160 an r\u00e1ta comhdh\u00e1la do sheomra \u00e1it\u00edochta singil agus \u20ac200 do sheomra \u00e1it\u00edochta d\u00fabailte, bricfeasta san \u00e1ireamh.<\/p>\n<p>T\u00e1 seomra\u00ed ar f\u00e1il do thoscair\u00ed ar r\u00e1ta laghdaithe (faoi r\u00e9ir infhaighteachta). T\u00e9igh i dteagmh\u00e1il go d\u00edreach leis an \u00f3st\u00e1n (teil: +35318450000 n\u00f3 <a href=\"mailto:bookin@thegrand.ie\">bookin@thegrand.ie<\/a>) le haghaidh tuilleadh sonra\u00ed, a<em>g lua go bhfuil t\u00fa ag freastal ar an 27\u00fa Comhdh\u00e1il FEAPDA.<\/em><\/p>\n<p>&nbsp;<\/p>\n<p>&nbsp;<\/p>\n<p><strong>Clice\u00e1il anseo chun sonra\u00ed a fh\u00e1il faoi roghanna \u00e1iti\u00fala eile:<\/strong><\/p>\n<ul>\n<li><a href=\"https:\/\/www.whitesandshotel.ie\/\">\u00d3st\u00e1n White Sands<\/a>, Port Mearn\u00f3g<\/li>\n<li><a href=\"https:\/\/www.portmarnock.com\/\">Naisc \u00d3st\u00e1n agus Gailf Phort Mearn\u00f3g<\/a><\/li>\n<li><a href=\"https:\/\/www.metrohoteldublinairport.com\/\">Aerfort Mheitreo Bhaile \u00c1tha Cliath<\/a><\/li>\n<li><a href=\"https:\/\/www.travelodge.co.uk\/hotels\/227\/Dublin-Airport-North-Swords-hotel\">L\u00f3iste Taistil Aerfort Bhaile \u00c1tha Cliath<\/a><\/li>\n<li><a href=\"https:\/\/www.maldronhoteldublinairport.com\/\">Maldron Aerfort Bhaile \u00c1tha Cliath<\/a><\/li>\n<li><a href=\"https:\/\/www.radissonhotels.com\/en-us\/hotels\/radisson-blu-dublin-airport\">Radission Blu Aerfort Bhaile \u00c1tha Cliath<\/a><\/li>\n<\/ul>\n<p><strong>F\u00e1maireacht \u00c1iti\u00fail agus D\u00edol sp\u00e9ise do thuras\u00f3ir\u00ed:<\/strong><\/p>\n<ul>\n<li><a href=\"https:\/\/www.deafvillageireland.ie\/\">Sr\u00e1idbhaile Bodhar \u00c9ireann<\/a> \u2013 Rogha taistil: <a href=\"https:\/\/www.dublinairport.com\/to-from-the-airport\/by-taxi\">Fruili\u00fa Tacsaithe agus Faisn\u00e9is | Aerfort Bhaile \u00c1tha Cliath<\/a><\/li>\n<li>Tr\u00e1 agus muir\u00edne Mhullach \u00cdde (laistigh d&#8217;achar si\u00fail \u00f3n <a href=\"https:\/\/www.thegrand.ie\/en\/\">Grand Hotel<\/a>)<\/li>\n<li><a href=\"https:\/\/www.malahidecastleandgardens.ie\/\">Turas Chaisle\u00e1n &amp;Gaird\u00edn\u00ed Mhullach<\/a> \u00cdde<\/li>\n<\/ul>\n<p><strong>D\u00edol sp\u00e9ise do thuras\u00f3ir\u00ed i mBaile \u00c1tha Cliath:<\/strong><\/p>\n<ul>\n<li>Leabharlann Chol\u00e1iste na Tr\u00edon\u00f3ide \u2013 <a href=\"https:\/\/www.visittrinity.ie\/book-of-kells\/\">Leabhar Cheanannais<\/a><\/li>\n<li><a href=\"https:\/\/www.kilmainhamgaolmuseum.ie\/\">M\u00fasaem Chill Mhaighneann<\/a> (Pr\u00edos\u00fan)<\/li>\n<li><a href=\"https:\/\/www.museum.ie\/en-ie\/home\">Ard-Mh\u00fasaem na h\u00c9ireann<\/a><\/li>\n<li><a href=\"https:\/\/www.guinness-storehouse.com\/en\/home\">Teach St\u00f3rais Guinness<\/a><\/li>\n<\/ul>\n<p><strong>D\u00edol sp\u00e9ise do thuras\u00f3ir\u00ed i dTuaisceart \u00c9ireann<\/strong><\/p>\n<ul>\n<li><a href=\"https:\/\/www.titanicbelfast.com\/\">Titanic Belfast<\/a><\/li>\n<li>Turas sti\u00faideo <a href=\"https:\/\/www.gameofthronesstudiotour.com\/\">Game of Thrones<\/a><\/li>\n<li><a href=\"https:\/\/thederrywalls.com\/\">Balla\u00ed Chathair Dhoire<\/a><\/li>\n<li><a href=\"https:\/\/www.ireland.com\/en-gb\/destinations\/regions\/mourne-mountains\/\">Sl\u00e9ibhte Mh\u00fairne<\/a><\/li>\n<\/ul>\n<p>[\/vc_column_text][\/vc_column][\/vc_row][vc_row][vc_column][vc_separator][\/vc_column][\/vc_row][vc_row][vc_column][vc_column_text]<strong>Beartas cealaithe<\/strong><\/p>\n<p><a href=\"https:\/\/www.batod.org.uk\/wp-content\/uploads\/2023\/07\/FEAPDA-Congress-2024-cancellation-policy.pdf\"><strong>\u00cdosl\u00f3d\u00e1il an comhad<\/strong><\/a><\/p>\n<p><strong>Covid-19<\/strong><\/p>\n<p>Tabhair cuairt ar an <a href=\"https:\/\/www.dfa.ie\/travel\/travel-advice\/coronavirus\/general-covid-19-travel-advisory\/\">Roinn Gn\u00f3tha\u00ed Eachtracha<\/a> le haghaidh comhairle taistil Ghinear\u00e1lta Covid-19 i bhfeidhm<\/p>\n<p><strong>Tabhair faoi deara nach g\u00e1 go bhformhuin\u00edonn Comhairle FEAPDA le haon eagra\u00edochta\u00ed a bhfuil a l\u00f3g\u00f3nna ar taispe\u00e1int ar an l\u00e1ithre\u00e1n gr\u00e9as\u00e1in seo.<\/strong><\/p>\n<p style=\"text-align: center;\">C\u00f3ipcheart \u00a9 2023<\/p>\n<p>[\/vc_column_text][\/vc_column][\/vc_row]<\/p>\n<\/div><\/div>","protected":false},"excerpt":{"rendered":"<p><!-- RS_MODULE_CODE_2.4.4 --><\/p>\n<div id=\"readspeaker_button39850\" class=\"rs_skip rsbtn rs_preserve\"><a class=\"rsbtn_play\" title=\"Listen to this page using ReadSpeaker\" accesskey=\"L\" href=\"\/\/app-eu.readspeaker.com\/cgi-bin\/rsent?customerid=10499&amp;lang=en_uk&amp;readid=rspeak_read_39850&amp;url=https%3A%2F%2Fncse.ie%2Fga%2Fwp-json%2Fwp%2Fv2%2Fpages%2F39850\"><br \/>\n        <span class=\"rsbtn_left rsimg rspart\"><span class=\"rsbtn_text\"><span>Listen<\/span><\/span><\/span><br \/>\n        <span class=\"rsbtn_right rsimg rsplay rspart\"><\/span><br \/>\n        <\/a><\/div>\n<div id=\"rspeak_read_39850\"> [vc_row][vc_column][vc_column_text] 27\u00fa Comhdh\u00e1il FEAPDA \u00c9ags\u00falacht in oideachas na mbodhar Ini\u00fachadh a dh\u00e9anamh ar \u00e9ags\u00falacht na bhfoghlaimeoir\u00ed bodhra ina saolta iomad\u00fala: impleachta\u00ed d\u00e1r n-eolas agus d\u00e1r gcleachtas 26-27 Aibre\u00e1n 2024 The Grand Hotel, Mullach \u00cdde, Co. Bhaile \u00c1tha Cliath, \u00c9ire [\/vc_column_text][\/vc_column][\/vc_row][vc_row][vc_column][vc_separator][\/vc_column][\/vc_row][vc_row][vc_column][vc_column_text] An ch\u00e9ad fh\u00f3gra pr\u00edomhl\u00e1ithreora [\/vc_column_text][vc_single_image image=&#8221;39650&#8243; img_size=&#8221;medium&#8221;][vc_column_text]Professor Bronagh Byrne, Queen&#8217;s University Belfast Presentation topic [&hellip;]<\/div>\n","protected":false},"author":5,"featured_media":0,"parent":0,"menu_order":0,"comment_status":"closed","ping_status":"closed","template":"","meta":{"footnotes":""},"class_list":["post-39850","page","type-page","status-publish","hentry"],"_links":{"self":[{"href":"https:\/\/ncse.ie\/ga\/wp-json\/wp\/v2\/pages\/39850","targetHints":{"allow":["GET"]}}],"collection":[{"href":"https:\/\/ncse.ie\/ga\/wp-json\/wp\/v2\/pages"}],"about":[{"href":"https:\/\/ncse.ie\/ga\/wp-json\/wp\/v2\/types\/page"}],"author":[{"embeddable":true,"href":"https:\/\/ncse.ie\/ga\/wp-json\/wp\/v2\/users\/5"}],"replies":[{"embeddable":true,"href":"https:\/\/ncse.ie\/ga\/wp-json\/wp\/v2\/comments?post=39850"}],"version-history":[{"count":4,"href":"https:\/\/ncse.ie\/ga\/wp-json\/wp\/v2\/pages\/39850\/revisions"}],"predecessor-version":[{"id":41547,"href":"https:\/\/ncse.ie\/ga\/wp-json\/wp\/v2\/pages\/39850\/revisions\/41547"}],"wp:attachment":[{"href":"https:\/\/ncse.ie\/ga\/wp-json\/wp\/v2\/media?parent=39850"}],"curies":[{"name":"wp","href":"https:\/\/api.w.org\/{rel}","templated":true}]}}