{"id":44294,"date":"2024-10-16T14:23:55","date_gmt":"2024-10-16T13:23:55","guid":{"rendered":"https:\/\/ncse.ie\/?page_id=44294"},"modified":"2024-10-16T14:23:55","modified_gmt":"2024-10-16T13:23:55","slug":"maoiniu-tpl","status":"publish","type":"page","link":"https:\/\/ncse.ie\/ga\/maoiniu-tpl","title":{"rendered":"Maoini\u00fa TPL"},"content":{"rendered":"<div class=\"wpb-content-wrapper\"><!-- RS_MODULE_CODE_2.4.4 --><div id=\"readspeaker_button44294\" class=\"rs_skip rsbtn rs_preserve\"><a class=\"rsbtn_play\" title=\"Listen to this page using ReadSpeaker\" accesskey=\"L\" href=\"\/\/app-eu.readspeaker.com\/cgi-bin\/rsent?customerid=10499&amp;lang=en_uk&amp;readid=rspeak_read_44294&amp;url=https%3A%2F%2Fncse.ie%2Fga%2Fwp-json%2Fwp%2Fv2%2Fpages%2F44294\">\r\n        <span class=\"rsbtn_left rsimg rspart\"><span class=\"rsbtn_text\"><span>Listen<\/span><\/span><\/span>\r\n        <span class=\"rsbtn_right rsimg rsplay rspart\"><\/span>\r\n        <\/a><\/div><div id=\"rspeak_read_44294\"><p>[vc_row][vc_column][vc_column_text]Is f\u00e9idir le m\u00fainteoir\u00ed iarratas a dh\u00e9anamh chuig an NCSE ar mhaoini\u00fa chun freastal ar ch\u00farsa\u00ed formheasta forbartha gairmi\u00fala m\u00fainteoir\u00ed. T\u00e1 \u00e9ags\u00falacht c\u00farsa\u00ed ar f\u00e1il, lena n-\u00e1ir\u00edtear c\u00farsa\u00ed at\u00e1 d\u00edrithe ar ch\u00f3rais chumars\u00e1ide, Braille, teanga chomhartha\u00edochta, oili\u00faint don fhoireann ioml\u00e1n, agus c\u00farsa\u00ed iarch\u00e9ime le c\u00falra Riachtanais Speisialta Oideachais. D\u00e9anfar c\u00farsa\u00ed \u00e1bhartha eile a mheasann pr\u00edomhoid\u00ed a bheith fi\u00fantach a mheas freisin faoi r\u00e9ir ag srianta buis\u00e9id agus formheasta. Chun iarratas a chur isteach ar Mhaoini\u00fa TPL, \u00edosl\u00f3d\u00e1il an t-iarratas ar mhaoini\u00fa TPL th\u00edos le do thoil. Nuair a bheidh s\u00e9 cr\u00edochnaithe, seol d&#39;iarratas ar aghaidh chuig <a href=\"mailto:supportfunding@ncse.ie\" target=\"_blank\" rel=\"noopener\">supportfunding@ncse.ie<\/a>.[\/vc_column_text][\/vc_column][\/vc_row][vc_row css=&#8221;.vc_custom_1686130931742{background-color: #eaeaea !important;}&#8221;][vc_column width=&#8221;1\/3&#8243;][vc_custom_heading text=&#8221;Iarratas ar Mhaoini\u00fa TPL&#8221; font_container=&#8221;tag:p|text_align:center|color:%23ffffff&#8221; use_theme_fonts=&#8221;yes&#8221; css=&#8221;.vc_custom_1685698143266{padding-top: 5px !important;padding-bottom: 5px !important;background-color: #38b698 !important;}&#8221;][vc_single_image image=&#8221;14488&#8243; img_size=&#8221;full&#8221; alignment=&#8221;center&#8221; onclick=&#8221;custom_link&#8221; link=&#8221;https:\/\/ncse.ie\/wp-content\/uploads\/2023\/06\/TPL-Funding-Application.doc&#8221;][vc_column_text]Clice\u00e1il ar an gcnaipe &#8220;\u00cdosl\u00f3d\u00e1il&#8221; th\u00edos chun an fhoirm &#8220;Iarratas ar Mhaoini\u00fa TPL&#8221; a \u00edosl\u00f3d\u00e1il.[\/vc_column_text][vc_btn title=&#8221;\u00cdosl\u00f3d\u00e1il&#8221; style=&#8221;custom&#8221; custom_background=&#8221;#38b698&#8243; custom_text=&#8221;#ffffff&#8221; align=&#8221;center&#8221; link=&#8221;url:https%3A%2F%2Fncse.ie%2Fwp-content%2Fuploads%2F2023%2F06%2FTPL-Funding-Application.doc|title:D%C3%A9an%20iarratas%20ar%20Mhaoini%C3%BA%20TPL|&#8221;][\/vc_column][\/vc_row]<\/p>\n<\/div><\/div>","protected":false},"excerpt":{"rendered":"<p><!-- RS_MODULE_CODE_2.4.4 --><\/p>\n<div id=\"readspeaker_button44294\" class=\"rs_skip rsbtn rs_preserve\"><a class=\"rsbtn_play\" title=\"Listen to this page using ReadSpeaker\" accesskey=\"L\" href=\"\/\/app-eu.readspeaker.com\/cgi-bin\/rsent?customerid=10499&amp;lang=en_uk&amp;readid=rspeak_read_44294&amp;url=https%3A%2F%2Fncse.ie%2Fga%2Fwp-json%2Fwp%2Fv2%2Fpages%2F44294\"><br \/>\n        <span class=\"rsbtn_left rsimg rspart\"><span class=\"rsbtn_text\"><span>Listen<\/span><\/span><\/span><br \/>\n        <span class=\"rsbtn_right rsimg rsplay rspart\"><\/span><br \/>\n        <\/a><\/div>\n<div id=\"rspeak_read_44294\"> [vc_row][vc_column][vc_column_text]Is f\u00e9idir le m\u00fainteoir\u00ed iarratas a dh\u00e9anamh chuig an NCSE ar mhaoini\u00fa chun freastal ar ch\u00farsa\u00ed formheasta forbartha gairmi\u00fala m\u00fainteoir\u00ed. T\u00e1 \u00e9ags\u00falacht c\u00farsa\u00ed ar f\u00e1il, lena n-\u00e1ir\u00edtear c\u00farsa\u00ed at\u00e1 d\u00edrithe ar ch\u00f3rais chumars\u00e1ide, Braille, teanga chomhartha\u00edochta, oili\u00faint don fhoireann ioml\u00e1n, agus c\u00farsa\u00ed iarch\u00e9ime le c\u00falra Riachtanais Speisialta Oideachais. D\u00e9anfar c\u00farsa\u00ed \u00e1bhartha eile a mheasann [&hellip;]<\/div>\n","protected":false},"author":5,"featured_media":0,"parent":0,"menu_order":0,"comment_status":"closed","ping_status":"closed","template":"","meta":{"footnotes":""},"class_list":["post-44294","page","type-page","status-publish","hentry"],"_links":{"self":[{"href":"https:\/\/ncse.ie\/ga\/wp-json\/wp\/v2\/pages\/44294","targetHints":{"allow":["GET"]}}],"collection":[{"href":"https:\/\/ncse.ie\/ga\/wp-json\/wp\/v2\/pages"}],"about":[{"href":"https:\/\/ncse.ie\/ga\/wp-json\/wp\/v2\/types\/page"}],"author":[{"embeddable":true,"href":"https:\/\/ncse.ie\/ga\/wp-json\/wp\/v2\/users\/5"}],"replies":[{"embeddable":true,"href":"https:\/\/ncse.ie\/ga\/wp-json\/wp\/v2\/comments?post=44294"}],"version-history":[{"count":2,"href":"https:\/\/ncse.ie\/ga\/wp-json\/wp\/v2\/pages\/44294\/revisions"}],"predecessor-version":[{"id":44296,"href":"https:\/\/ncse.ie\/ga\/wp-json\/wp\/v2\/pages\/44294\/revisions\/44296"}],"wp:attachment":[{"href":"https:\/\/ncse.ie\/ga\/wp-json\/wp\/v2\/media?parent=44294"}],"curies":[{"name":"wp","href":"https:\/\/api.w.org\/{rel}","templated":true}]}}